{"id":8729,"date":"2021-04-24T05:57:54","date_gmt":"2021-04-24T03:57:54","guid":{"rendered":"https:\/\/www.steramedig.com\/produkt\/bl-irr-v-1-0-tarjeta-chip\/"},"modified":"2021-10-27T14:57:43","modified_gmt":"2021-10-27T12:57:43","slug":"010-bl-irr-v-1-0-tarjeta-chip-bw-vm","status":"publish","type":"product","link":"https:\/\/www.steramedig.com\/es\/produkt\/010-bl-irr-v-1-0-tarjeta-chip-bw-vm\/","title":{"rendered":"010 Bl-Irr V 1.0  tarjeta chip &#8211; BW\/VM"},"content":{"rendered":"<div class=\"swpm-post-not-logged-in-msg\">Debes acceder para ver \u00e9ste contenido. Por favor <a class=\"swpm-login-link\" href=\"https:\/\/www.steramedig.com\/membership-login\/?swpm_redirect_to=https%3A%2F%2Fwww.steramedig.com%2Fes%2Fwp-json%2Fwp%2Fv2%2Fproduct%2F8729\">Acceder<\/a>. \u00bfA\u00fan no eres miembro? <a href=\"https:\/\/www.steramedig.com\/membership-join\/\">\u00danete a nosotros<\/a><\/div>","protected":false},"excerpt":{"rendered":"<p>Tarjeta chip BW\/VM con frecuencias seg\u00fan el Dr. Rastocny para s\u00edntomas de vejiga irritable con los siguientes g\u00e9rmenes<\/p>\n","protected":false},"featured_media":11906,"template":"","meta":[],"product_cat":[233,114],"product_tag":[],"class_list":{"0":"post-8729","1":"product","2":"type-product","3":"status-publish","4":"has-post-thumbnail","6":"product_brand-steramedig-es","7":"product_cat-tarjeta-chip-bw-vm","8":"product_cat-tarjetas-chip-es-2","9":"product_shipping_class-tarjetas-chips","12":"first","13":"instock","14":"taxable","15":"shipping-taxable","16":"product-type-variable"},"jetpack_sharing_enabled":true,"_links":{"self":[{"href":"https:\/\/www.steramedig.com\/es\/wp-json\/wp\/v2\/product\/8729","targetHints":{"allow":["GET"]}}],"collection":[{"href":"https:\/\/www.steramedig.com\/es\/wp-json\/wp\/v2\/product"}],"about":[{"href":"https:\/\/www.steramedig.com\/es\/wp-json\/wp\/v2\/types\/product"}],"wp:featuredmedia":[{"embeddable":true,"href":"https:\/\/www.steramedig.com\/es\/wp-json\/wp\/v2\/media\/11906"}],"wp:attachment":[{"href":"https:\/\/www.steramedig.com\/es\/wp-json\/wp\/v2\/media?parent=8729"}],"wp:term":[{"taxonomy":"product_cat","embeddable":true,"href":"https:\/\/www.steramedig.com\/es\/wp-json\/wp\/v2\/product_cat?post=8729"},{"taxonomy":"product_tag","embeddable":true,"href":"https:\/\/www.steramedig.com\/es\/wp-json\/wp\/v2\/product_tag?post=8729"}],"curies":[{"name":"wp","href":"https:\/\/api.w.org\/{rel}","templated":true}]}}