{"id":8712,"date":"2021-04-23T06:45:13","date_gmt":"2021-04-23T04:45:13","guid":{"rendered":"https:\/\/www.steramedig.com\/produkt\/electrosmog-eraser-de-steramedig\/"},"modified":"2021-09-06T15:48:33","modified_gmt":"2021-09-06T13:48:33","slug":"electrosmog-eraser-de-steramedig","status":"publish","type":"product","link":"https:\/\/www.steramedig.com\/es\/produkt\/electrosmog-eraser-de-steramedig\/","title":{"rendered":"Electrosmog Eraser de Steramedig\u00ae"},"content":{"rendered":"<p>Protecci\u00f3n segura para su propio hogar. <\/p>\n<p>Con el Electrosmog Eraser de Steramedig\u00ae se protege usted mismo, as\u00ed como tambi\u00e9n todos los organismos biol\u00f3gicos (personas, animales, plantas) en un radio de 30 metros de radiaciones nocivas:<\/p>\n<p>\u2022\tElectrosmog<br \/>\n\u2022\tRadiaci\u00f3n de televisores, pantallas y ordenadores<br \/>\n\u2022\tRadiaci\u00f3n de tel\u00e9fonos m\u00f3viles (2G, 4G, 5G)<br \/>\n\u2022\tWifi, Bluetooth y redes inal\u00e1mbricas<br \/>\n\u2022\tSmart-Home<br \/>\n\u2022\tVenas de agua<br \/>\n\u2022\tRayos terrestres<\/p>\n<p>Disponible como enchufe, el funcionamiento de propio dispositivos no se ver\u00e1 limitado.<\/p>\n<p style=\"text-align: justify;\"><strong>Indicaci\u00f3n sobre nuestros productos <\/strong><br \/>\nNo se hacen promesas de curaci\u00f3n al utilizar cualquiera de los productos de Steramedig GmbH. Las afirmaciones realizadas aqu\u00ed sobre la terapia de frecuencia dirigida, as\u00ed como los productos asociados, se basan en conocimientos m\u00e9dicos alternativos que no est\u00e1n reconocidos por la llamada medicina convencional. Las afirmaciones realizadas sobre las indicaciones y la eficacia, as\u00ed como las aplicaciones de los productos que aqu\u00ed se enumeran, no sustituyen el tratamiento por parte de un m\u00e9dico, terapeuta o profesional no m\u00e9dico. Esto tambi\u00e9n se aplica a los tensores de varillas angulares o a los neutralizadores de electrosmog (E-Smog Eraser). El usuario es responsable del uso y la elecci\u00f3n de la aplicaci\u00f3n correcta.<\/p>\n","protected":false},"excerpt":{"rendered":"<p>Con el Electrosmog Eraser de Steramedig\u00ae se protege usted mismo de radiaciones nocivas.<\/p>\n","protected":false},"featured_media":7984,"template":"","meta":[],"product_cat":[155],"product_tag":[],"class_list":{"0":"post-8712","1":"product","2":"type-product","3":"status-publish","4":"has-post-thumbnail","6":"product_brand-steramedig-es","7":"product_cat-bloqueador-electrosmog","10":"first","11":"instock","12":"taxable","13":"shipping-taxable","14":"product-type-simple"},"jetpack_sharing_enabled":true,"_links":{"self":[{"href":"https:\/\/www.steramedig.com\/es\/wp-json\/wp\/v2\/product\/8712","targetHints":{"allow":["GET"]}}],"collection":[{"href":"https:\/\/www.steramedig.com\/es\/wp-json\/wp\/v2\/product"}],"about":[{"href":"https:\/\/www.steramedig.com\/es\/wp-json\/wp\/v2\/types\/product"}],"wp:featuredmedia":[{"embeddable":true,"href":"https:\/\/www.steramedig.com\/es\/wp-json\/wp\/v2\/media\/7984"}],"wp:attachment":[{"href":"https:\/\/www.steramedig.com\/es\/wp-json\/wp\/v2\/media?parent=8712"}],"wp:term":[{"taxonomy":"product_cat","embeddable":true,"href":"https:\/\/www.steramedig.com\/es\/wp-json\/wp\/v2\/product_cat?post=8712"},{"taxonomy":"product_tag","embeddable":true,"href":"https:\/\/www.steramedig.com\/es\/wp-json\/wp\/v2\/product_tag?post=8712"}],"curies":[{"name":"wp","href":"https:\/\/api.w.org\/{rel}","templated":true}]}}