{"id":8705,"date":"2025-10-27T06:42:25","date_gmt":"2025-10-27T05:42:25","guid":{"rendered":"https:\/\/www.steramedig.com\/produkt\/tensor-de-viaje-original-de-inve\/"},"modified":"2021-10-22T11:39:37","modified_gmt":"2021-10-22T09:39:37","slug":"tensor-de-viaje-original-de-inve","status":"publish","type":"product","link":"https:\/\/www.steramedig.com\/es\/produkt\/tensor-de-viaje-original-de-inve\/","title":{"rendered":"Tensor de viaje original de INVE"},"content":{"rendered":"<p>El desmontable &#8211; la concepci\u00f3n corresponde a la del ecotensor cl\u00e1sico, con la diferencia de que el tensor de viaje es desarmable en tres partes. Incluye un estuche (el material del estuche var\u00eda seg\u00fan la disponibilidad) y es ideal como tensor para traslados. Se adapta c\u00f3moda y f\u00e1cilmente a la mano y es adecuada para trabajos extensos.<br \/>\nLongitud 49 cm. El tensor consiste en un mango de corcho y una antena ba\u00f1ada en oro con un anillo de madera. Es adecuado tanto para principiantes como para usuarios avanzados.<\/p>\n<p style=\"text-align: justify;\"><strong>Indicaci\u00f3n sobre nuestros productos <\/strong><br \/>\nNo se hacen promesas de curaci\u00f3n al utilizar cualquiera de los productos de Steramedig GmbH. Las afirmaciones realizadas aqu\u00ed sobre la terapia de frecuencia dirigida, as\u00ed como los productos asociados, se basan en conocimientos m\u00e9dicos alternativos que no est\u00e1n reconocidos por la llamada medicina convencional. Las afirmaciones realizadas sobre las indicaciones y la eficacia, as\u00ed como las aplicaciones de los productos que aqu\u00ed se enumeran, no sustituyen el tratamiento por parte de un m\u00e9dico, terapeuta o profesional no m\u00e9dico. Esto tambi\u00e9n se aplica a los tensores de varillas angulares o a los neutralizadores de electrosmog (E-Smog Eraser). El usuario es responsable del uso y la elecci\u00f3n de la aplicaci\u00f3n correcta.<\/p>\n","protected":false},"excerpt":{"rendered":"<p>la concepci\u00f3n corresponde a la del ecotensor cl\u00e1sico, con la diferencia de que el tensor de viaje es desarmable en tres partes.<\/p>\n","protected":false},"featured_media":8100,"template":"","meta":[],"product_cat":[161],"product_tag":[],"class_list":{"0":"post-8705","1":"product","2":"type-product","3":"status-publish","4":"has-post-thumbnail","6":"product_brand-inve-es-2","7":"product_cat-tensores-es","10":"first","11":"instock","12":"taxable","13":"shipping-taxable","14":"product-type-simple"},"jetpack_sharing_enabled":true,"_links":{"self":[{"href":"https:\/\/www.steramedig.com\/es\/wp-json\/wp\/v2\/product\/8705","targetHints":{"allow":["GET"]}}],"collection":[{"href":"https:\/\/www.steramedig.com\/es\/wp-json\/wp\/v2\/product"}],"about":[{"href":"https:\/\/www.steramedig.com\/es\/wp-json\/wp\/v2\/types\/product"}],"wp:featuredmedia":[{"embeddable":true,"href":"https:\/\/www.steramedig.com\/es\/wp-json\/wp\/v2\/media\/8100"}],"wp:attachment":[{"href":"https:\/\/www.steramedig.com\/es\/wp-json\/wp\/v2\/media?parent=8705"}],"wp:term":[{"taxonomy":"product_cat","embeddable":true,"href":"https:\/\/www.steramedig.com\/es\/wp-json\/wp\/v2\/product_cat?post=8705"},{"taxonomy":"product_tag","embeddable":true,"href":"https:\/\/www.steramedig.com\/es\/wp-json\/wp\/v2\/product_tag?post=8705"}],"curies":[{"name":"wp","href":"https:\/\/api.w.org\/{rel}","templated":true}]}}