{"id":8701,"date":"2025-10-27T06:40:20","date_gmt":"2025-10-27T05:40:20","guid":{"rendered":"https:\/\/www.steramedig.com\/produkt\/mini-tensor-original-de-inve\/"},"modified":"2021-09-06T15:44:45","modified_gmt":"2021-09-06T13:44:45","slug":"mini-tensor-original-de-inve","status":"publish","type":"product","link":"https:\/\/www.steramedig.com\/es\/produkt\/mini-tensor-original-de-inve\/","title":{"rendered":"Mini tensor original de INVE"},"content":{"rendered":"<p>El peque\u00f1o compa\u00f1ero &#8211; el Mini Tensor con el tama\u00f1o de un bol\u00edgrafo como complemento habitual para la cartera o el bolsillo de la camisa. Consiste en un mango de corcho y una antena extensible. Todas las partes met\u00e1licas, tanto la antena como la bola, est\u00e1n ba\u00f1adas en oro.<br \/>\nEl Mini Tensor no se recomienda para trabajos largos o para principiantes, ya que requiere m\u00e1s energ\u00eda que todos los dem\u00e1s eco-tensores debido a su dise\u00f1o mas peque\u00f1o.<\/p>\n<p style=\"text-align: justify;\"><strong>Indicaci\u00f3n sobre nuestros productos <\/strong><br \/>\nNo se hacen promesas de curaci\u00f3n al utilizar cualquiera de los productos de Steramedig GmbH. Las afirmaciones realizadas aqu\u00ed sobre la terapia de frecuencia dirigida, as\u00ed como los productos asociados, se basan en conocimientos m\u00e9dicos alternativos que no est\u00e1n reconocidos por la llamada medicina convencional. Las afirmaciones realizadas sobre las indicaciones y la eficacia, as\u00ed como las aplicaciones de los productos que aqu\u00ed se enumeran, no sustituyen el tratamiento por parte de un m\u00e9dico, terapeuta o profesional no m\u00e9dico. Esto tambi\u00e9n se aplica a los tensores de varillas angulares o a los neutralizadores de electrosmog (E-Smog Eraser). El usuario es responsable del uso y la elecci\u00f3n de la aplicaci\u00f3n correcta.<\/p>\n","protected":false},"excerpt":{"rendered":"<p>el Mini Tensor con el tama\u00f1o de un bol\u00edgrafo como complemento habitual para la cartera o el bolsillo de la camisa.<\/p>\n","protected":false},"featured_media":8111,"template":"","meta":[],"product_cat":[161],"product_tag":[],"class_list":{"0":"post-8701","1":"product","2":"type-product","3":"status-publish","4":"has-post-thumbnail","6":"product_brand-inve-es-2","7":"product_cat-tensores-es","10":"first","11":"instock","12":"taxable","13":"shipping-taxable","14":"product-type-simple"},"jetpack_sharing_enabled":true,"_links":{"self":[{"href":"https:\/\/www.steramedig.com\/es\/wp-json\/wp\/v2\/product\/8701","targetHints":{"allow":["GET"]}}],"collection":[{"href":"https:\/\/www.steramedig.com\/es\/wp-json\/wp\/v2\/product"}],"about":[{"href":"https:\/\/www.steramedig.com\/es\/wp-json\/wp\/v2\/types\/product"}],"wp:featuredmedia":[{"embeddable":true,"href":"https:\/\/www.steramedig.com\/es\/wp-json\/wp\/v2\/media\/8111"}],"wp:attachment":[{"href":"https:\/\/www.steramedig.com\/es\/wp-json\/wp\/v2\/media?parent=8701"}],"wp:term":[{"taxonomy":"product_cat","embeddable":true,"href":"https:\/\/www.steramedig.com\/es\/wp-json\/wp\/v2\/product_cat?post=8701"},{"taxonomy":"product_tag","embeddable":true,"href":"https:\/\/www.steramedig.com\/es\/wp-json\/wp\/v2\/product_tag?post=8701"}],"curies":[{"name":"wp","href":"https:\/\/api.w.org\/{rel}","templated":true}]}}