{"id":8689,"date":"2021-04-23T06:29:10","date_gmt":"2021-04-23T04:29:10","guid":{"rendered":"https:\/\/www.steramedig.com\/produkt\/bateria-de-iones-de-litio-de-9v-en-bloque-de-650-mah\/"},"modified":"2023-05-03T22:12:43","modified_gmt":"2023-05-03T20:12:43","slug":"bateria-de-iones-de-litio-de-9v-en-bloque-de-680-mah","status":"publish","type":"product","link":"https:\/\/www.steramedig.com\/es\/produkt\/bateria-de-iones-de-litio-de-9v-en-bloque-de-680-mah\/","title":{"rendered":"Bater\u00eda de iones de litio de 9V en bloque de 680 mAh"},"content":{"rendered":"<p>680 mAh 9V 6f22 bater\u00eda de litio de Soshine.<br \/>\nEspecificaciones bater\u00edas:<br \/>\n\u2022 Marca: Soshine<br \/>\n\u2022 Tama\u00f1o: 9V<br \/>\n\u2022 N\u00b0 Modelo: 9V<br \/>\n\u2022 Tipo: Li-lon<br \/>\n\u2022 Capacidad: 680mAh<br \/>\n\u2022 Cantidad de bater\u00edas: 1 unidad<\/p>\n<p style=\"text-align: justify;\"><strong>Indicaci\u00f3n sobre nuestros productos <\/strong><br \/>\nNo se hacen promesas de curaci\u00f3n al utilizar cualquiera de los productos de Steramedig GmbH. Las afirmaciones realizadas aqu\u00ed sobre la terapia de frecuencia dirigida, as\u00ed como los productos asociados, se basan en conocimientos m\u00e9dicos alternativos que no est\u00e1n reconocidos por la llamada medicina convencional. Las afirmaciones realizadas sobre las indicaciones y la eficacia, as\u00ed como las aplicaciones de los productos que aqu\u00ed se enumeran, no sustituyen el tratamiento por parte de un m\u00e9dico, terapeuta o profesional no m\u00e9dico. Esto tambi\u00e9n se aplica a los tensores de varillas angulares o a los neutralizadores de electrosmog (E-Smog Eraser). El usuario es responsable del uso y la elecci\u00f3n de la aplicaci\u00f3n correcta.<\/p>\n","protected":false},"excerpt":{"rendered":"<p>680 mAh 9V 6f22 bater\u00eda de litio de Soshine.<\/p>\n","protected":false},"featured_media":17860,"template":"","meta":[],"product_cat":[145],"product_tag":[],"class_list":{"0":"post-8689","1":"product","2":"type-product","3":"status-publish","4":"has-post-thumbnail","6":"product_brand-soshine-es-2","7":"product_cat-zapper-y-accesorios","10":"first","11":"instock","12":"taxable","13":"shipping-taxable","14":"product-type-simple"},"jetpack_sharing_enabled":true,"_links":{"self":[{"href":"https:\/\/www.steramedig.com\/es\/wp-json\/wp\/v2\/product\/8689","targetHints":{"allow":["GET"]}}],"collection":[{"href":"https:\/\/www.steramedig.com\/es\/wp-json\/wp\/v2\/product"}],"about":[{"href":"https:\/\/www.steramedig.com\/es\/wp-json\/wp\/v2\/types\/product"}],"wp:featuredmedia":[{"embeddable":true,"href":"https:\/\/www.steramedig.com\/es\/wp-json\/wp\/v2\/media\/17860"}],"wp:attachment":[{"href":"https:\/\/www.steramedig.com\/es\/wp-json\/wp\/v2\/media?parent=8689"}],"wp:term":[{"taxonomy":"product_cat","embeddable":true,"href":"https:\/\/www.steramedig.com\/es\/wp-json\/wp\/v2\/product_cat?post=8689"},{"taxonomy":"product_tag","embeddable":true,"href":"https:\/\/www.steramedig.com\/es\/wp-json\/wp\/v2\/product_tag?post=8689"}],"curies":[{"name":"wp","href":"https:\/\/api.w.org\/{rel}","templated":true}]}}