{"id":8677,"date":"2021-04-23T06:07:22","date_gmt":"2021-04-23T04:07:22","guid":{"rendered":"https:\/\/www.steramedig.com\/produkt\/kit-de-recarga-cargador-para-baterias-de-litio-de-9v-3-baterias-de-iones-de-litio-de-9v-en-bloque-de-650-mah\/"},"modified":"2021-09-06T15:04:08","modified_gmt":"2021-09-06T13:04:08","slug":"kit-de-recarga-cargador-para-baterias-de-litio-de-9v-3-baterias-de-iones-de-litio-de-9v-en-bloque-de-650-mah","status":"publish","type":"product","link":"https:\/\/www.steramedig.com\/es\/produkt\/kit-de-recarga-cargador-para-baterias-de-litio-de-9v-3-baterias-de-iones-de-litio-de-9v-en-bloque-de-650-mah\/","title":{"rendered":"Kit de recarga: Cargador para bater\u00edas de litio de 9V + 3 bater\u00edas de iones de litio de 9V en bloque de 650 mAh"},"content":{"rendered":"<p>3 x 650 mAh 9V 6f22 Bater\u00edas de litio de Soshine.<br \/>\nEspecificaciones bater\u00edas:<br \/>\n\u2022\tMarca: Soshine<br \/>\n\u2022\tTama\u00f1o: 9V<br \/>\n\u2022\tN\u00b0 Modelo: 9V<br \/>\n\u2022\tTipo: Li-lon<br \/>\n\u2022\tCapacidad: 650mAh<br \/>\n\u2022\tCantidad de bater\u00edas: 3 unidades<\/p>\n<p>Cargador de bater\u00edas Li-Ion V1 para 1-2 bater\u00edas, incluye pantalla LED y cable de carga de Soshine.<br \/>\nEspecificaciones cargador:<br \/>\n\u2022\tEntrada: AC 90V &#8211; 260V<br \/>\n\u2022\tSalida: 9,6V\/150mA (bater\u00edas NiMh) ;8,4V\/300mA (bater\u00edas Li-Ion) ;10,8V\/150mA (bater\u00edas LiFePo4)<br \/>\n\u2022\tTiempo de carga: 1-3 horas<br \/>\n\u2022\tModo de carga: bater\u00edas CCCV Li-ion y LiFePo4; m\u00e9todo \u0394U bater\u00edas NIMH<br \/>\n\u2022\tIndicador LED-de estado<br \/>\n\u2022\tPeso: 60 g<br \/>\n\u2022\tDimensiones L x B x H: 90 mm x 60 mm x 25 mm<br \/>\n\u2022\tCompatibilidad: bater\u00edas de 9 V bloque 6LR61 6F22) Li-Ion &#8211; LiFePo4 &#8211; NiMH\/NiCd (recargables)<br \/>\n\u2022\tTipo de bater\u00eda: 9,8V NIMH \/ 8,4V Li-Ion \/ 10,8V LiFePo4.<\/p>\n<p style=\"text-align: justify;\"><strong>Indicaci\u00f3n sobre nuestros productos <\/strong><br \/>\nNo se hacen promesas de curaci\u00f3n al utilizar cualquiera de los productos de Steramedig GmbH. Las afirmaciones realizadas aqu\u00ed sobre la terapia de frecuencia dirigida, as\u00ed como los productos asociados, se basan en conocimientos m\u00e9dicos alternativos que no est\u00e1n reconocidos por la llamada medicina convencional. Las afirmaciones realizadas sobre las indicaciones y la eficacia, as\u00ed como las aplicaciones de los productos que aqu\u00ed se enumeran, no sustituyen el tratamiento por parte de un m\u00e9dico, terapeuta o profesional no m\u00e9dico. Esto tambi\u00e9n se aplica a los tensores de varillas angulares o a los neutralizadores de electrosmog (E-Smog Eraser). El usuario es responsable del uso y la elecci\u00f3n de la aplicaci\u00f3n correcta.<\/p>\n","protected":false},"excerpt":{"rendered":"<p>3 x 650 mAh 9V 6f22 Bater\u00edas de litio de Soshine.<br \/>\nCargador de bater\u00edas Li-Ion V1 para 1-2 bater\u00edas, incluye pantalla LED y cable de carga de Soshine.<\/p>\n","protected":false},"featured_media":17858,"template":"","meta":[],"product_cat":[145],"product_tag":[],"class_list":{"0":"post-8677","1":"product","2":"type-product","3":"status-publish","4":"has-post-thumbnail","6":"product_brand-soshine-es-2","7":"product_cat-zapper-y-accesorios","10":"first","11":"instock","12":"taxable","13":"shipping-taxable","14":"product-type-simple"},"jetpack_sharing_enabled":true,"_links":{"self":[{"href":"https:\/\/www.steramedig.com\/es\/wp-json\/wp\/v2\/product\/8677","targetHints":{"allow":["GET"]}}],"collection":[{"href":"https:\/\/www.steramedig.com\/es\/wp-json\/wp\/v2\/product"}],"about":[{"href":"https:\/\/www.steramedig.com\/es\/wp-json\/wp\/v2\/types\/product"}],"wp:featuredmedia":[{"embeddable":true,"href":"https:\/\/www.steramedig.com\/es\/wp-json\/wp\/v2\/media\/17858"}],"wp:attachment":[{"href":"https:\/\/www.steramedig.com\/es\/wp-json\/wp\/v2\/media?parent=8677"}],"wp:term":[{"taxonomy":"product_cat","embeddable":true,"href":"https:\/\/www.steramedig.com\/es\/wp-json\/wp\/v2\/product_cat?post=8677"},{"taxonomy":"product_tag","embeddable":true,"href":"https:\/\/www.steramedig.com\/es\/wp-json\/wp\/v2\/product_tag?post=8677"}],"curies":[{"name":"wp","href":"https:\/\/api.w.org\/{rel}","templated":true}]}}