{"id":16759,"date":"2023-10-09T11:33:35","date_gmt":"2023-10-09T09:33:35","guid":{"rendered":"https:\/\/www.steramedig.com\/produkt\/191-avpboxbb-v-1-0-tarjeta-chip-dl\/"},"modified":"2023-10-13T11:35:29","modified_gmt":"2023-10-13T09:35:29","slug":"191-avpboxbb-v-1-0-tarjeta-chip-dl","status":"publish","type":"product","link":"https:\/\/www.steramedig.com\/es\/produkt\/191-avpboxbb-v-1-0-tarjeta-chip-dl\/","title":{"rendered":"191 AVPBOXBB V 1.0 Tarjeta chip &#8211; DL"},"content":{"rendered":"<p>Tarjeta chip DL con frecuencias seg\u00fan el Dr. Rastocny contra complicaciones de vacunaci\u00f3n.<\/p>\n<hr \/>\n<p style=\"text-align: justify;\"><strong>Importante:<\/strong><br \/>\nLas tarjetas chip se pueden utilizar en los siguientes dispositivos: BW21 Goldenstream (a partir de la versi\u00f3n V12B), BW2020, BW2021, VM, as\u00ed como el dispositivo terap\u00e9utico BW77. Al hacer el pedido, aseg\u00farese de pedir la tarjeta chip indicada para su dispositivo: VM, BW o DL. Para mayor informaci\u00f3n sobre la asignaci\u00f3n correcta de las tarjetas con chip y los dispositivos de frecuencia correspondientes, puede acudir a las <a href=\"https:\/\/www.steramedig.com\/es\/faq\/\" target=\"_blank\" rel=\"noopener\">preguntas frecuentes <\/a>(FAQ).<\/p>\n<p style=\"text-align: justify;\"><strong>Indicaci\u00f3n sobre nuestros productos <\/strong><br \/>\nNo se hacen promesas de curaci\u00f3n al utilizar cualquiera de los productos de Steramedig GmbH. Las afirmaciones realizadas aqu\u00ed sobre la terapia de frecuencia dirigida, as\u00ed como los productos asociados, se basan en conocimientos m\u00e9dicos alternativos que no est\u00e1n reconocidos por la llamada medicina convencional. Las afirmaciones realizadas sobre las indicaciones y la eficacia, as\u00ed como las aplicaciones de los productos que aqu\u00ed se enumeran, no sustituyen el tratamiento por parte de un m\u00e9dico, terapeuta o profesional no m\u00e9dico. Esto tambi\u00e9n se aplica a los tensores de varillas angulares o a los neutralizadores de electrosmog (E-Smog Eraser). El usuario es responsable del uso y la elecci\u00f3n de la aplicaci\u00f3n correcta.<\/p>\n","protected":false},"excerpt":{"rendered":"<p>Tarjeta chip DL con frecuencias seg\u00fan el Dr. Rastocny contra complicaciones de vacunaci\u00f3n<\/p>\n","protected":false},"featured_media":0,"template":"","meta":[],"product_cat":[231,114],"product_tag":[],"class_list":{"0":"post-16759","1":"product","2":"type-product","3":"status-publish","5":"product_brand-steramedig-es","6":"product_cat-tarjeta-chip-dl","7":"product_cat-tarjetas-chip-es-2","8":"product_shipping_class-tarjetas-chips","10":"first","11":"instock","12":"taxable","13":"shipping-taxable","14":"product-type-variable"},"jetpack_sharing_enabled":true,"_links":{"self":[{"href":"https:\/\/www.steramedig.com\/es\/wp-json\/wp\/v2\/product\/16759","targetHints":{"allow":["GET"]}}],"collection":[{"href":"https:\/\/www.steramedig.com\/es\/wp-json\/wp\/v2\/product"}],"about":[{"href":"https:\/\/www.steramedig.com\/es\/wp-json\/wp\/v2\/types\/product"}],"wp:attachment":[{"href":"https:\/\/www.steramedig.com\/es\/wp-json\/wp\/v2\/media?parent=16759"}],"wp:term":[{"taxonomy":"product_cat","embeddable":true,"href":"https:\/\/www.steramedig.com\/es\/wp-json\/wp\/v2\/product_cat?post=16759"},{"taxonomy":"product_tag","embeddable":true,"href":"https:\/\/www.steramedig.com\/es\/wp-json\/wp\/v2\/product_tag?post=16759"}],"curies":[{"name":"wp","href":"https:\/\/api.w.org\/{rel}","templated":true}]}}