{"id":16648,"date":"2023-09-15T08:51:01","date_gmt":"2023-09-15T06:51:01","guid":{"rendered":"https:\/\/www.steramedig.com\/?post_type=product&#038;p=16648"},"modified":"2023-10-04T14:39:50","modified_gmt":"2023-10-04T12:39:50","slug":"jentschura-3x3-tonico-para-el-cuero-cabelludo","status":"publish","type":"product","link":"https:\/\/www.steramedig.com\/es\/produkt\/jentschura-3x3-tonico-para-el-cuero-cabelludo\/","title":{"rendered":"Jentschura 3&#215;3\u00ae T\u00f3nico para el cuero cabelludo"},"content":{"rendered":"<p>Jentschura 3&#215;3\u00ae T\u00f3nico para el cuero cabelludo.<\/p>\n<ul>\n<li>especialmente adaptado a las necesidades especiales del cuero cabelludo y el cabello<\/li>\n<li>tiene un efecto refrescante y vitalizante<\/li>\n<li>contiene una pipeta que permite una aplicaci\u00f3n econ\u00f3mica<\/li>\n<li>tambi\u00e9n puede utilizarse en combinaci\u00f3n con <a href=\"https:\/\/www.steramedig.com\/produkt\/jentschura-skalpuro\/\">SkalPuro<\/a>.El cabello es un reflejo del alma y una expresi\u00f3n de nuestra personalidad. Son la expresi\u00f3n m\u00e1s evidente de nuestros sentimientos interiores. Si estamos bien, est\u00e1n en su sitio y no nos causan ning\u00fan problema. Si, por el contrario, estamos tristes, el pelo cuelga sin forma. Ninguna otra parte del cuerpo nos muestra nuestras emociones y nuestro bienestar de forma tan evidente.En las culturas antiguas o entre los pueblos primitivos, el cabello se consideraba una especie de v\u00ednculo entre el cosmos y el ser humano. 3&#215;3 &#8211; T\u00f3nico para el cuero cabelludo proporciona a nuestro cuero cabelludo la atenci\u00f3n y el cuidado que necesita para impresionar.\n<p>Nuestro cabello recibe multitud de nutrientes importantes del cuero cabelludo, \u00a1d\u00eda tras d\u00eda! El t\u00f3nico de ox\u00edgeno 3&#215;3 favorece este proceso con sus ingredientes de alta calidad y su efecto tonificante, para un cabello fuerte y sano.<\/p>\n<p>Ingredientes:<br \/>\nAgua (aqua demin.), alcohol (ethylalcohol), per\u00f3xido de hidr\u00f3geno, perfume, poligliceril-10 laurato, citronelol, eugenol, geraniol, linalool, limoneno.<\/p>\n<p><strong>Indicaci\u00f3n sobre nuestros productos<\/strong><br \/>\nNo se hacen promesas de curaci\u00f3n al utilizar cualquiera de los productos de Steramedig GmbH. Las afirmaciones realizadas aqu\u00ed sobre la terapia de frecuencia dirigida, as\u00ed como los productos asociados, se basan en conocimientos m\u00e9dicos alternativos que no est\u00e1n reconocidos por la llamada medicina convencional. Las afirmaciones realizadas sobre las indicaciones y la eficacia, as\u00ed como las aplicaciones de los productos que aqu\u00ed se enumeran, no sustituyen el tratamiento por parte de un m\u00e9dico, terapeuta o profesional no m\u00e9dico. Esto tambi\u00e9n se aplica a los tensores de varillas angulares o a los neutralizadores de electrosmog (E-Smog Eraser). El usuario es responsable del uso y la elecci\u00f3n de la aplicaci\u00f3n correcta.<\/p>\n<p>&nbsp;<\/li>\n<\/ul>\n","protected":false},"excerpt":{"rendered":"<p>Jentschura 3&#215;3\u00ae T\u00f3nico para el cuero cabelludo<\/p>\n","protected":false},"featured_media":16649,"template":"","meta":[],"product_cat":[159],"product_tag":[],"class_list":{"0":"post-16648","1":"product","2":"type-product","3":"status-publish","4":"has-post-thumbnail","6":"product_brand-jentschura-es","7":"product_cat-cuidado-y-belleza-es","10":"first","11":"instock","12":"taxable","13":"shipping-taxable","14":"product-type-simple"},"jetpack_sharing_enabled":true,"_links":{"self":[{"href":"https:\/\/www.steramedig.com\/es\/wp-json\/wp\/v2\/product\/16648","targetHints":{"allow":["GET"]}}],"collection":[{"href":"https:\/\/www.steramedig.com\/es\/wp-json\/wp\/v2\/product"}],"about":[{"href":"https:\/\/www.steramedig.com\/es\/wp-json\/wp\/v2\/types\/product"}],"wp:featuredmedia":[{"embeddable":true,"href":"https:\/\/www.steramedig.com\/es\/wp-json\/wp\/v2\/media\/16649"}],"wp:attachment":[{"href":"https:\/\/www.steramedig.com\/es\/wp-json\/wp\/v2\/media?parent=16648"}],"wp:term":[{"taxonomy":"product_cat","embeddable":true,"href":"https:\/\/www.steramedig.com\/es\/wp-json\/wp\/v2\/product_cat?post=16648"},{"taxonomy":"product_tag","embeddable":true,"href":"https:\/\/www.steramedig.com\/es\/wp-json\/wp\/v2\/product_tag?post=16648"}],"curies":[{"name":"wp","href":"https:\/\/api.w.org\/{rel}","templated":true}]}}