{"id":15675,"date":"2023-01-09T13:31:58","date_gmt":"2023-01-09T12:31:58","guid":{"rendered":"https:\/\/www.steramedig.com\/produkt\/bjh-exclusivdarm-60-uds-capsulas-para-la-salud-intestinal\/"},"modified":"2023-01-09T13:31:58","modified_gmt":"2023-01-09T12:31:58","slug":"bjh-exclusivdarm-60-uds-capsulas-para-la-salud-intestinal","status":"publish","type":"product","link":"https:\/\/www.steramedig.com\/es\/produkt\/bjh-exclusivdarm-60-uds-capsulas-para-la-salud-intestinal\/","title":{"rendered":"BJH exclusivDarm &#8211; 60 uds. C\u00e1psulas para la salud intestinal"},"content":{"rendered":"<h3>BJH exklusivDarm c\u00e1psulas, 60 unidades &#8211; para apoyar su salud intestinal<\/h3>\n<p>11 cultivos bacterianos apoyan su intestino y flora intestinal con un complejo de minerales y vitaminas, como hierro, calcio, hierro, vitamina C.\u00a0\u00a0Las hierbas vigorizantes como el tr\u00e9bol de cuerno de boj, el berro, el romero y las algas favorecen las funciones del ox\u00edgeno y el metabolismo en el organismo.<\/p>\n<p>Sin gelatina, colorantes, edulcorantes, aromatizantes ni conservantes artificiales.<\/p>\n<hr \/>\n<p>Informaci\u00f3n seg\u00fan la EFSA<\/p>\n<p>Informaci\u00f3n sobre las sustancias marcadas con un super\u00edndice en el texto, de acuerdo con los requisitos legales &#8211; Fuente EFSA<br \/>\nLos ingredientes de apoyo pueden garantizar un intestino equilibrado. La ley obliga a facilitar informaci\u00f3n y asesoramiento espec\u00edficos:<\/p>\n<p>Guarde los complementos alimenticios fuera del alcance de los ni\u00f1os peque\u00f1os. Los complementos alimenticios no sustituyen a una dieta equilibrada y variada ni a un estilo de vida saludable. No supere la ingesta diaria recomendada.<\/p>\n<p>\u25ba 1<a href=\"http:\/\/www.bjh-europe.com\/index.php?cPath=130_135_331\">La vitamina C<\/a> contribuye a<br \/>\n&#8211; a una funci\u00f3n normal del sistema inmunitario &#8211; el intestino es el \u00f3rgano inmunitario m\u00e1s grande del cuerpo y un componente importante del sistema inmunitario del organismo<br \/>\n&#8211; protegen las c\u00e9lulas del estr\u00e9s oxidativo<br \/>\n&#8211; reducir el cansancio y la fatiga<br \/>\n&#8211; al funcionamiento normal del sistema inmunitario durante y despu\u00e9s de una actividad f\u00edsica intensa<br \/>\n&#8211; La vitamina C aumenta la absorci\u00f3n del hierro<\/p>\n<p>\u25ba 2<a href=\"https:\/\/www.bjh-europe.com\/index.php?cPath=130_135_370\">El hierro<\/a> contribuye a<br \/>\n&#8211; transporte normal de ox\u00edgeno y metabolismo energ\u00e9tico<\/p>\n<p>contribuye a la formaci\u00f3n normal de gl\u00f3bulos rojos y hemoglobina<br \/>\ncontribuye al transporte normal de ox\u00edgeno en el organismo<br \/>\nContribuye al metabolismo energ\u00e9tico normal<br \/>\ncontribuye a reducir el cansancio y la fatiga<br \/>\ncontribuye a una funci\u00f3n cognitiva normal<br \/>\nContribuye al funcionamiento normal del sistema inmunitario<br \/>\nTiene una funci\u00f3n en la divisi\u00f3n celular<\/p>\n<p>\u25ba 3<a href=\"https:\/\/www.bjh-europe.com\/index.php?cPath=130_135_372\">El calcio<\/a> contribuye a<br \/>\n&#8211; la funci\u00f3n normal de las enzimas digestivas (digesti\u00f3n)<br \/>\n&#8211; a un metabolismo energ\u00e9tico normal<br \/>\n&#8211; El calcio tiene una funci\u00f3n en la divisi\u00f3n y especializaci\u00f3n celular<\/p>\n<p><strong>Informaci\u00f3n sobre nuestros productos<\/strong><\/p>\n<p>Las afirmaciones y datos sobre los productos BJH se basan en nuestra investigaci\u00f3n y experiencia pr\u00e1ctica. Reflejan interpretaciones, impresiones, opiniones y experiencias personales. No pretenden ser completos, jur\u00eddicamente v\u00e1lidos ni cient\u00edficamente reconocidos. Se basan en la medicina CBM, incluidas las resonancias energ\u00e9ticas. Las documentaciones de casos individuales son evaluaciones individuales de clientes que no son representativas y no pueden sustituir a las pruebas cient\u00edficas en el sentido de la medicina ortodoxa. Los productos BJH no sustituyen a un m\u00e9dico ni a una terapia y no constituyen un diagn\u00f3stico.<\/p>\n<p>No se hacen promesas de curaci\u00f3n al utilizar cualquiera de los productos de Steramedig GmbH. Las afirmaciones realizadas aqu\u00ed sobre la terapia de frecuencia dirigida, as\u00ed como los productos asociados, se basan en conocimientos m\u00e9dicos alternativos que no est\u00e1n reconocidos por la llamada medicina convencional. Las afirmaciones realizadas sobre las indicaciones y la eficacia, as\u00ed como las aplicaciones de los productos que aqu\u00ed se enumeran, no sustituyen el tratamiento por parte de un m\u00e9dico, terapeuta o profesional no m\u00e9dico. Esto tambi\u00e9n se aplica a los tensores de varillas angulares o a los neutralizadores de electrosmog (E-Smog Eraser). El usuario es responsable del uso y la elecci\u00f3n de la aplicaci\u00f3n correcta.<\/p>\n","protected":false},"excerpt":{"rendered":"<p>BJH exklusivDarm c\u00e1psulas, 60 unidades &#8211; para apoyar su salud intestinal<\/p>\n","protected":false},"featured_media":15585,"template":"","meta":[],"product_cat":[157],"product_tag":[],"class_list":{"0":"post-15675","1":"product","2":"type-product","3":"status-publish","4":"has-post-thumbnail","6":"product_brand-bjh-es","7":"product_cat-complementos-alimenticios-es","10":"first","11":"instock","12":"taxable","13":"shipping-taxable","14":"product-type-simple"},"jetpack_sharing_enabled":true,"_links":{"self":[{"href":"https:\/\/www.steramedig.com\/es\/wp-json\/wp\/v2\/product\/15675","targetHints":{"allow":["GET"]}}],"collection":[{"href":"https:\/\/www.steramedig.com\/es\/wp-json\/wp\/v2\/product"}],"about":[{"href":"https:\/\/www.steramedig.com\/es\/wp-json\/wp\/v2\/types\/product"}],"wp:featuredmedia":[{"embeddable":true,"href":"https:\/\/www.steramedig.com\/es\/wp-json\/wp\/v2\/media\/15585"}],"wp:attachment":[{"href":"https:\/\/www.steramedig.com\/es\/wp-json\/wp\/v2\/media?parent=15675"}],"wp:term":[{"taxonomy":"product_cat","embeddable":true,"href":"https:\/\/www.steramedig.com\/es\/wp-json\/wp\/v2\/product_cat?post=15675"},{"taxonomy":"product_tag","embeddable":true,"href":"https:\/\/www.steramedig.com\/es\/wp-json\/wp\/v2\/product_tag?post=15675"}],"curies":[{"name":"wp","href":"https:\/\/api.w.org\/{rel}","templated":true}]}}