{"id":14186,"date":"2021-12-08T16:56:39","date_gmt":"2021-12-08T15:56:39","guid":{"rendered":"https:\/\/www.steramedig.com\/?post_type=product&#038;p=14186"},"modified":"2021-12-08T17:10:27","modified_gmt":"2021-12-08T16:10:27","slug":"jentschura-basenschauer-es","status":"publish","type":"product","link":"https:\/\/www.steramedig.com\/es\/produkt\/jentschura-basenschauer-es\/","title":{"rendered":"Jentschura BasenSchauer\u00ae"},"content":{"rendered":"<p>Gel de ducha alcalino con minerales, extractos de hierbas y alcanfor.<\/p>\n<li>Sin siliconas, aceites minerales, parabenos ni PEG.<\/li>\n<li>Sin tintes ni fragancias sint\u00e9ticas<\/li>\n<li>Muy buena compatibilidad con la piel<\/li>\n<li>Adecuado para todo tipo de pieles<\/li>\n<li>Galardonada con el &#8220;Premio a la Innovaci\u00f3n 2016&#8221; por la Asociaci\u00f3n Alemana del Bienestar.<\/li>\n<p>AlkalineShower es el complemento perfecto de MeineBase. <\/p>\n<p><strong>Ingredientes:<\/strong><br \/>\nAqua (Aqua demin. ), gluc\u00f3sido de coco, pentilenglicol, alcohol (etilalcohol), bentonita, inulina, minerales naturales, alcanfor, zumo de hoja de Aloe Barbadensis en polvo*, goma xantana, extracto de hoja de Betula Alba*, extracto de Satureia Hortensis*, extracto de flor de Cal\u00e9ndula Officinalis*, Extracto de Potentilla Anserina*, Extracto de Flor de Humulus Lupulus*, Extracto de Hoja de Melissa Officinalis*, Extracto de Equisetum Arvense*, Parfum**, \u00c1gata, Carneol, Citrina, Crisoprasa, Calcedonia, Zafiro, Cristal de Roca, \u00d3nix, \u00c1cido C\u00edtrico, Limoneno**, Citral**.<\/p>\n<p>* Elaborado con materias primas procedentes de cultivos ecol\u00f3gicos controlados<br \/>\n** de los aceites esenciales<br \/>\nCOSMOS NATURAL certificado seg\u00fan la norma COSMOS por Ecocert Greenlife.<\/p>\n<p><strong>Indicaci\u00f3n sobre nuestros productos<\/strong><br \/>\nNo se hacen promesas de curaci\u00f3n al utilizar cualquiera de los productos de Steramedig GmbH. Las afirmaciones realizadas aqu\u00ed sobre la terapia de frecuencia dirigida, as\u00ed como los productos asociados, se basan en conocimientos m\u00e9dicos alternativos que no est\u00e1n reconocidos por la llamada medicina convencional. Las afirmaciones realizadas sobre las indicaciones y la eficacia, as\u00ed como las aplicaciones de los productos que aqu\u00ed se enumeran, no sustituyen el tratamiento por parte de un m\u00e9dico, terapeuta o profesional no m\u00e9dico. Esto tambi\u00e9n se aplica a los tensores de varillas angulares o a los neutralizadores de electrosmog (E-Smog Eraser). El usuario es responsable del uso y la elecci\u00f3n de la aplicaci\u00f3n correcta.<\/p>\n<p>&nbsp;<\/p>\n","protected":false},"excerpt":{"rendered":"<p>Gel de ducha alcalino con minerales, extractos de hierbas y alcanfor.<\/p>\n","protected":false},"featured_media":14187,"template":"","meta":[],"product_cat":[159],"product_tag":[],"class_list":{"0":"post-14186","1":"product","2":"type-product","3":"status-publish","4":"has-post-thumbnail","6":"product_brand-jentschura-es","7":"product_cat-cuidado-y-belleza-es","10":"first","11":"instock","12":"taxable","13":"shipping-taxable","14":"product-type-simple"},"jetpack_sharing_enabled":true,"_links":{"self":[{"href":"https:\/\/www.steramedig.com\/es\/wp-json\/wp\/v2\/product\/14186","targetHints":{"allow":["GET"]}}],"collection":[{"href":"https:\/\/www.steramedig.com\/es\/wp-json\/wp\/v2\/product"}],"about":[{"href":"https:\/\/www.steramedig.com\/es\/wp-json\/wp\/v2\/types\/product"}],"wp:featuredmedia":[{"embeddable":true,"href":"https:\/\/www.steramedig.com\/es\/wp-json\/wp\/v2\/media\/14187"}],"wp:attachment":[{"href":"https:\/\/www.steramedig.com\/es\/wp-json\/wp\/v2\/media?parent=14186"}],"wp:term":[{"taxonomy":"product_cat","embeddable":true,"href":"https:\/\/www.steramedig.com\/es\/wp-json\/wp\/v2\/product_cat?post=14186"},{"taxonomy":"product_tag","embeddable":true,"href":"https:\/\/www.steramedig.com\/es\/wp-json\/wp\/v2\/product_tag?post=14186"}],"curies":[{"name":"wp","href":"https:\/\/api.w.org\/{rel}","templated":true}]}}