{"id":14161,"date":"2021-12-08T16:21:14","date_gmt":"2021-12-08T15:21:14","guid":{"rendered":"https:\/\/www.steramedig.com\/?post_type=product&#038;p=14161"},"modified":"2021-12-08T16:36:46","modified_gmt":"2021-12-08T15:36:46","slug":"jentschura-meine-base-750g","status":"publish","type":"product","link":"https:\/\/www.steramedig.com\/es\/produkt\/jentschura-meine-base-750g\/","title":{"rendered":"Jentschura Meine Base\u00ae 750g"},"content":{"rendered":"<p>Sal alcalina-mineral &#8211; 750g &#8211; de Jentschura, para el cuidado del cuerpo, adecuada para numerosas aplicaciones, por ejemplo<\/p>\n<li>Ba\u00f1os completos alcalinos, ba\u00f1os de pies o de manos.<\/li>\n<li>Peeling alcalino,<\/li>\n<li>Ba\u00f1o de vapor alcalino,<\/li>\n<li>inhalaci\u00f3n alcalina,<\/li>\n<li>cuidado corporal alcalino, como desodorante o cuidado dental,<\/li>\n<li>como aditivo para los masajes.<\/li>\n<p>750 g de My Base adecuado para 15 ba\u00f1os completos o 100 ba\u00f1os de pies. <\/p>\n<p><strong>Ingredientes:<\/strong><br \/>\nBicarbonato de sodio, Maris Sal, Carbonato de sodio, Minerales naturales, \u00c1gata, Cornalina, Citrino, Crisoprasa, Calcedonia, Zafiro, Cristal de roca, \u00d3nix.<\/p>\n<p>COSMOS NATURAL certificado seg\u00fan la norma COSMOS por Ecocert Greenlife.<\/p>\n<p><strong>Indicaci\u00f3n sobre nuestros productos<\/strong><br \/>\nNo se hacen promesas de curaci\u00f3n al utilizar cualquiera de los productos de Steramedig GmbH. Las afirmaciones realizadas aqu\u00ed sobre la terapia de frecuencia dirigida, as\u00ed como los productos asociados, se basan en conocimientos m\u00e9dicos alternativos que no est\u00e1n reconocidos por la llamada medicina convencional. Las afirmaciones realizadas sobre las indicaciones y la eficacia, as\u00ed como las aplicaciones de los productos que aqu\u00ed se enumeran, no sustituyen el tratamiento por parte de un m\u00e9dico, terapeuta o profesional no m\u00e9dico. Esto tambi\u00e9n se aplica a los tensores de varillas angulares o a los neutralizadores de electrosmog (E-Smog Eraser). El usuario es responsable del uso y la elecci\u00f3n de la aplicaci\u00f3n correcta.<\/p>\n<p>&nbsp;<\/p>\n","protected":false},"excerpt":{"rendered":"<p>Sal alcalina-mineral de Jentschura, 750g  <\/p>\n","protected":false},"featured_media":14105,"template":"","meta":[],"product_cat":[159],"product_tag":[],"class_list":{"0":"post-14161","1":"product","2":"type-product","3":"status-publish","4":"has-post-thumbnail","6":"product_brand-jentschura-es","7":"product_cat-cuidado-y-belleza-es","10":"first","11":"instock","12":"taxable","13":"shipping-taxable","14":"product-type-simple"},"jetpack_sharing_enabled":true,"_links":{"self":[{"href":"https:\/\/www.steramedig.com\/es\/wp-json\/wp\/v2\/product\/14161","targetHints":{"allow":["GET"]}}],"collection":[{"href":"https:\/\/www.steramedig.com\/es\/wp-json\/wp\/v2\/product"}],"about":[{"href":"https:\/\/www.steramedig.com\/es\/wp-json\/wp\/v2\/types\/product"}],"wp:featuredmedia":[{"embeddable":true,"href":"https:\/\/www.steramedig.com\/es\/wp-json\/wp\/v2\/media\/14105"}],"wp:attachment":[{"href":"https:\/\/www.steramedig.com\/es\/wp-json\/wp\/v2\/media?parent=14161"}],"wp:term":[{"taxonomy":"product_cat","embeddable":true,"href":"https:\/\/www.steramedig.com\/es\/wp-json\/wp\/v2\/product_cat?post=14161"},{"taxonomy":"product_tag","embeddable":true,"href":"https:\/\/www.steramedig.com\/es\/wp-json\/wp\/v2\/product_tag?post=14161"}],"curies":[{"name":"wp","href":"https:\/\/api.w.org\/{rel}","templated":true}]}}