{"id":14096,"date":"2021-12-02T15:45:47","date_gmt":"2021-12-02T14:45:47","guid":{"rendered":"https:\/\/www.steramedig.com\/?post_type=product&#038;p=14096"},"modified":"2023-01-19T16:20:07","modified_gmt":"2023-01-19T15:20:07","slug":"jentschura-wurzelkraft-1650g-es","status":"publish","type":"product","link":"https:\/\/www.steramedig.com\/es\/produkt\/jentschura-wurzelkraft-1650g-es\/","title":{"rendered":"Jentschura Wurzelkraft\u00ae 1650g"},"content":{"rendered":"<p>Gr\u00e1nulos finos vegetales &#8211; 1650g &#8211; adecuados para el consumo de frutas, polen de flores, hierbas y verduras.<\/p>\n<li>Sin gluten y sin lactosa<\/li>\n<li>Puramente vegetal<\/li>\n<li>Del cultivo ecol\u00f3gico<\/li>\n<p><strong>Ingredientes:<\/strong><br \/>\nFrutas 25,8 % (manzana*, mango*, pi\u00f1a*, ar\u00e1ndanos*, cerezas acerola*, naranjas*, ar\u00e1ndanos rojos*, moras*, albaricoques*, piel de naranja*, ar\u00e1ndanos rojos*, piel de lim\u00f3n*), Polen de flores* 17 %, semillas de calabaza*, altramuces*, semillas de girasol*, chufas*, almendras dulces*, hierbas 4,8 % (ra\u00edz de regaliz*, hierba de diente de le\u00f3n*, flores de l\u00fapulo*, hierba de trigo sarraceno*, ra\u00edz de galanga*, hierba de ajo silvestre*, hojas de ortiga*, psilio*, hojas de lev\u00edstico*, hojas de romero*, tomillo*, hierba de hisopo*, hojas de estrag\u00f3n*, hojas de eucalipto*, hojas de melisa*, hierba de cola de caballo*, hierba de milenrama*, hierba de alcachofa*, albahaca*, ajedrea*, puntas de eneldo*, hojas de hierba luisa*, Flor de sa\u00faco*, hojas de grosella*, flores de lavanda*, hojas de tilo*, flores de tilo plateadas*, hierba de pulm\u00f3n*, hierba de melisa*, hojas de naranjo*, hierba de tomillo*, hierba de ortiga*, hojas de mora*, hojas de fresa*, hojas de frambuesa*, hierba de capuchina*, pelo de ma\u00edz*, mejorana*, p\u00e9talos de rosa rosa*, hojas de apio*, centaura*, hojas de perifollo*), verduras 2,8 % (remolacha*, hojas de col*, lentejas rojas*, zanahorias*, r\u00e1bano negro*, calabacines*, esp\u00e1rragos*, garbanzos*, jud\u00edas*, br\u00f3coli*, ra\u00edz de r\u00e1bano picante*, espinacas*, cebollas*), trigo sarraceno*, mijo*, nueces*, especias*, alcachofa de Jerusal\u00e9n*, amaranto*, escaramujos*, frutos de eneldo*, granos de granada*, pistachos*.<\/p>\n<p>* Ingrediente procedente de la agricultura ecol\u00f3gica (DE-\u00d6KO-064)<\/p>\n<p><strong>Indicaci\u00f3n sobre nuestros productos<\/strong><br \/>\nNo se hacen promesas de curaci\u00f3n al utilizar cualquiera de los productos de Steramedig GmbH. Las afirmaciones realizadas aqu\u00ed sobre la terapia de frecuencia dirigida, as\u00ed como los productos asociados, se basan en conocimientos m\u00e9dicos alternativos que no est\u00e1n reconocidos por la llamada medicina convencional. Las afirmaciones realizadas sobre las indicaciones y la eficacia, as\u00ed como las aplicaciones de los productos que aqu\u00ed se enumeran, no sustituyen el tratamiento por parte de un m\u00e9dico, terapeuta o profesional no m\u00e9dico. Esto tambi\u00e9n se aplica a los tensores de varillas angulares o a los neutralizadores de electrosmog (E-Smog Eraser). El usuario es responsable del uso y la elecci\u00f3n de la aplicaci\u00f3n correcta.<\/p>\n<p>&nbsp;<\/p>\n","protected":false},"excerpt":{"rendered":"<p>Gr\u00e1nulos finos vegetales &#8211; 1650g &#8211; adecuados para el consumo de frutas, polen de flores, hierbas y verduras.<\/p>\n","protected":false},"featured_media":14081,"template":"","meta":[],"product_cat":[325],"product_tag":[],"class_list":{"0":"post-14096","1":"product","2":"type-product","3":"status-publish","4":"has-post-thumbnail","6":"product_brand-jentschura-es","7":"product_cat-super-alimentos","10":"first","11":"instock","12":"taxable","13":"shipping-taxable","14":"product-type-simple"},"jetpack_sharing_enabled":true,"_links":{"self":[{"href":"https:\/\/www.steramedig.com\/es\/wp-json\/wp\/v2\/product\/14096","targetHints":{"allow":["GET"]}}],"collection":[{"href":"https:\/\/www.steramedig.com\/es\/wp-json\/wp\/v2\/product"}],"about":[{"href":"https:\/\/www.steramedig.com\/es\/wp-json\/wp\/v2\/types\/product"}],"wp:featuredmedia":[{"embeddable":true,"href":"https:\/\/www.steramedig.com\/es\/wp-json\/wp\/v2\/media\/14081"}],"wp:attachment":[{"href":"https:\/\/www.steramedig.com\/es\/wp-json\/wp\/v2\/media?parent=14096"}],"wp:term":[{"taxonomy":"product_cat","embeddable":true,"href":"https:\/\/www.steramedig.com\/es\/wp-json\/wp\/v2\/product_cat?post=14096"},{"taxonomy":"product_tag","embeddable":true,"href":"https:\/\/www.steramedig.com\/es\/wp-json\/wp\/v2\/product_tag?post=14096"}],"curies":[{"name":"wp","href":"https:\/\/api.w.org\/{rel}","templated":true}]}}