{"id":14073,"date":"2021-12-02T09:48:30","date_gmt":"2021-12-02T08:48:30","guid":{"rendered":"https:\/\/www.steramedig.com\/?post_type=product&#038;p=14073"},"modified":"2023-01-19T16:35:31","modified_gmt":"2023-01-19T15:35:31","slug":"jentschura-7x7-te-de-hierbas-50-bolsas","status":"publish","type":"product","link":"https:\/\/www.steramedig.com\/es\/produkt\/jentschura-7x7-te-de-hierbas-50-bolsas\/","title":{"rendered":"Jentschura 7&#215;7\u00ae T\u00e9 de hierbas 50 bolsas"},"content":{"rendered":"<p>El t\u00e9 alcalino de 49 hierbas para un equilibrio consciente.<\/p>\n<ul>\n<li>Disfrute del t\u00e9 natural de 49 hierbas.<\/li>\n<li>Sabor vers\u00e1til: vigorizante, refrescante o afrutado.<\/li>\n<li>Ideal para curas de desacidificaci\u00f3n y ayuno.<\/li>\n<li>Ingredientes de cultivo ecol\u00f3gico.<\/li>\n<\/ul>\n<p>Ingredientes:<br \/>\nTomillo*, corteza de canela*, hojas de melisa*, hierba lim\u00f3n*, c\u00e1scara de lim\u00f3n*, ra\u00edz de apio de monte*, hierba de mejorana*, hierba de tomillo*, hierba de la hierba de la costilla*, hojas de vid*, hierba de hisopo*, hojas de hierba luisa*, manzana*, hierba de alcachofa*, hierba de ajo silvestre*, hierba de trigo sarraceno*, fruto de hinojo &#8211; dulce*, comino*, flor de tilo plata*, hojas de romero*, ra\u00edz de regaliz*, fruto de an\u00eds*, hojas de albahaca*, c\u00e1scara de escaramujo*, flor de lavanda*, Hierba del pulm\u00f3n*, ajedrea*, hojas de fresa*, hojas de eucalipto*, flor de sa\u00faco*, hojas de grosella*, cilantro*, frutos de alcaravea*, hojas de diente de le\u00f3n*, piel de naranja*, flores de l\u00fapulo*, hojas de ortiga*, Hojas de zarzamora*, Frutos de eneldo*, Hojas de ar\u00e1ndano*, Flores de hibisco*, Hojas de frambuesa*, Ra\u00edz de jengibre*, Cardamomo*, Flores de cal\u00e9ndula*, Hojas de estrag\u00f3n*, Hierba de eneldo*, Frutos de ar\u00e1ndano*, P\u00e9talos de rosa &#8211; rosa*<\/p>\n<p>* Ingrediente procedente de la agricultura ecol\u00f3gica (DE-\u00d6KO-064)<\/p>\n<p><strong>Indicaci\u00f3n sobre nuestros productos<\/strong><br \/>\nNo se hacen promesas de curaci\u00f3n al utilizar cualquiera de los productos de Steramedig GmbH. Las afirmaciones realizadas aqu\u00ed sobre la terapia de frecuencia dirigida, as\u00ed como los productos asociados, se basan en conocimientos m\u00e9dicos alternativos que no est\u00e1n reconocidos por la llamada medicina convencional. Las afirmaciones realizadas sobre las indicaciones y la eficacia, as\u00ed como las aplicaciones de los productos que aqu\u00ed se enumeran, no sustituyen el tratamiento por parte de un m\u00e9dico, terapeuta o profesional no m\u00e9dico. Esto tambi\u00e9n se aplica a los tensores de varillas angulares o a los neutralizadores de electrosmog (E-Smog Eraser). El usuario es responsable del uso y la elecci\u00f3n de la aplicaci\u00f3n correcta.<\/p>\n<p>&nbsp;<\/p>\n","protected":false},"excerpt":{"rendered":"<p>El t\u00e9 alcalino de 49 hierbas, 50 bolsas, para un equilibrio consciente.<\/p>\n","protected":false},"featured_media":14047,"template":"","meta":[],"product_cat":[325],"product_tag":[],"class_list":{"0":"post-14073","1":"product","2":"type-product","3":"status-publish","4":"has-post-thumbnail","6":"product_brand-jentschura-es","7":"product_cat-super-alimentos","10":"first","11":"instock","12":"taxable","13":"shipping-taxable","14":"product-type-simple"},"jetpack_sharing_enabled":true,"_links":{"self":[{"href":"https:\/\/www.steramedig.com\/es\/wp-json\/wp\/v2\/product\/14073","targetHints":{"allow":["GET"]}}],"collection":[{"href":"https:\/\/www.steramedig.com\/es\/wp-json\/wp\/v2\/product"}],"about":[{"href":"https:\/\/www.steramedig.com\/es\/wp-json\/wp\/v2\/types\/product"}],"wp:featuredmedia":[{"embeddable":true,"href":"https:\/\/www.steramedig.com\/es\/wp-json\/wp\/v2\/media\/14047"}],"wp:attachment":[{"href":"https:\/\/www.steramedig.com\/es\/wp-json\/wp\/v2\/media?parent=14073"}],"wp:term":[{"taxonomy":"product_cat","embeddable":true,"href":"https:\/\/www.steramedig.com\/es\/wp-json\/wp\/v2\/product_cat?post=14073"},{"taxonomy":"product_tag","embeddable":true,"href":"https:\/\/www.steramedig.com\/es\/wp-json\/wp\/v2\/product_tag?post=14073"}],"curies":[{"name":"wp","href":"https:\/\/api.w.org\/{rel}","templated":true}]}}