{"id":13974,"date":"2021-11-18T16:22:52","date_gmt":"2021-11-18T15:22:52","guid":{"rendered":"https:\/\/www.steramedig.com\/?post_type=product&#038;p=13974"},"modified":"2021-11-18T16:37:20","modified_gmt":"2021-11-18T15:37:20","slug":"la-salud-es-para-todos-aleman-dr-med-stefan-rastocny","status":"publish","type":"product","link":"https:\/\/www.steramedig.com\/es\/produkt\/la-salud-es-para-todos-aleman-dr-med-stefan-rastocny\/","title":{"rendered":"La salud es para todos &#8211; Dr. med. Stefan Rastocny (alem\u00e1n)"},"content":{"rendered":"<p>Salud para todos &#8211; Sobre las causas fundamentales de nuestras enfermedades &#8211; C\u00f3mo llegar a estar y mantenerse sano de forma natural &#8211; Aplicaci\u00f3n de los m\u00e9todos biof\u00edsicos en la medicina.<\/p>\n<p\n\n\n<p>&#8220;Quienes intentan curar a los enfermos ignorando la nutrici\u00f3n nunca podr\u00e1n resolver los problemas de salud de forma sostenible&#8221;. <\/p>\n<p>No podemos encontrar la salud con el tratamiento sintom\u00e1tico de la medicina ortodoxa moderna. Y los alimentos industriales, especialmente los productos l\u00e1cteos, la carne y el trigo, desordenan nuestro organismo y tambi\u00e9n cargan el sistema inmunitario con g\u00e9rmenes y par\u00e1sitos. Por lo tanto, es necesario un replanteamiento, \u00a1porque b\u00e1sicamente determinamos nuestro propio bienestar! Por un lado, podemos protegernos de las enfermedades de forma totalmente natural con una dieta vegana coherente. Por otro lado, la medicina biof\u00edsica en manos de un terapeuta experimentado ofrece m\u00e9todos de diagn\u00f3stico y opciones de tratamiento precisos: Las molestias existentes se investigan con una prueba de resonancia y sus causas se &#8220;eliminan&#8221; con impulsos el\u00e9ctricos seleccionados, pr\u00e1cticamente sin efectos secundarios. \u00bfDemasiado incre\u00edble? \u00bfDemasiado simple? Lea usted mismo y descubra por qu\u00e9 la &#8220;dieta moderna de f\u00e1brica&#8221; conlleva tantos riesgos y por qu\u00e9 la terapia de frecuencia dirigida funciona. <\/p>\n<p>Basado en sus 30 a\u00f1os de experiencia m\u00e9dica profesional con miles de pacientes de todas las edades, el doctor Stefan Rastocny le presenta una gu\u00eda de salud de un tipo extraordinario: ofrece orientaci\u00f3n en la jungla de las recomendaciones curativas y, adem\u00e1s, soluciones reales para enfermedades peligrosas, cr\u00f3nicas e incluso supuestamente incurables.<\/p>\n<p style=\"text-align: justify;\"><strong>Indicaci\u00f3n sobre nuestros productos <\/strong><br \/>\nNo se hacen promesas de curaci\u00f3n al utilizar cualquiera de los productos de Steramedig GmbH. Las afirmaciones realizadas aqu\u00ed sobre la terapia de frecuencia dirigida, as\u00ed como los productos asociados, se basan en conocimientos m\u00e9dicos alternativos que no est\u00e1n reconocidos por la llamada medicina convencional. Las afirmaciones realizadas sobre las indicaciones y la eficacia, as\u00ed como las aplicaciones de los productos que aqu\u00ed se enumeran, no sustituyen el tratamiento por parte de un m\u00e9dico, terapeuta o profesional no m\u00e9dico. Esto tambi\u00e9n se aplica a los tensores de varillas angulares o a los neutralizadores de electrosmog (E-Smog Eraser). El usuario es responsable del uso y la elecci\u00f3n de la aplicaci\u00f3n correcta.<\/p>\n","protected":false},"excerpt":{"rendered":"<p>Sobre las verdaderas causas de nuestras enfermedades &#8211; C\u00f3mo podemos llegar a estar y mantenernos sanos de forma natural &#8211; Aplicaci\u00f3n de los m\u00e9todos biof\u00edsicos en la medicina.<br \/>\nEditorial: Schirner Verlag; 1\u00aa edici\u00f3n (19 de octubre de 2017)<br \/>\nIdioma: alem\u00e1n<br \/>\nLibro: 304 p\u00e1ginas<br \/>\nISBN-10: 3843412812<br \/>\nISBN-13: 978-3843412810<\/p>\n","protected":false},"featured_media":7896,"template":"","meta":[],"product_cat":[144],"product_tag":[],"class_list":{"0":"post-13974","1":"product","2":"type-product","3":"status-publish","4":"has-post-thumbnail","6":"product_brand-steramedig-es","7":"product_cat-literatura-es","10":"first","11":"outofstock","12":"taxable","13":"shipping-taxable","14":"product-type-simple"},"jetpack_sharing_enabled":true,"_links":{"self":[{"href":"https:\/\/www.steramedig.com\/es\/wp-json\/wp\/v2\/product\/13974","targetHints":{"allow":["GET"]}}],"collection":[{"href":"https:\/\/www.steramedig.com\/es\/wp-json\/wp\/v2\/product"}],"about":[{"href":"https:\/\/www.steramedig.com\/es\/wp-json\/wp\/v2\/types\/product"}],"wp:featuredmedia":[{"embeddable":true,"href":"https:\/\/www.steramedig.com\/es\/wp-json\/wp\/v2\/media\/7896"}],"wp:attachment":[{"href":"https:\/\/www.steramedig.com\/es\/wp-json\/wp\/v2\/media?parent=13974"}],"wp:term":[{"taxonomy":"product_cat","embeddable":true,"href":"https:\/\/www.steramedig.com\/es\/wp-json\/wp\/v2\/product_cat?post=13974"},{"taxonomy":"product_tag","embeddable":true,"href":"https:\/\/www.steramedig.com\/es\/wp-json\/wp\/v2\/product_tag?post=13974"}],"curies":[{"name":"wp","href":"https:\/\/api.w.org\/{rel}","templated":true}]}}