{"id":13951,"date":"2025-10-27T13:28:35","date_gmt":"2025-10-27T12:28:35","guid":{"rendered":"https:\/\/www.steramedig.com\/?post_type=product&#038;p=13951"},"modified":"2021-11-18T15:34:58","modified_gmt":"2021-11-18T14:34:58","slug":"neutradoc-de-inve","status":"publish","type":"product","link":"https:\/\/www.steramedig.com\/es\/produkt\/neutradoc-de-inve\/","title":{"rendered":"Neutradoc de INVE"},"content":{"rendered":"<p>Neutradoc, un soporte y neutralizador para el ecotensor (excluyendo el MINI y el MIDI). Un \u00f3nix negro y la &#8220;flor de la vida&#8221; son los responsables de la neutralizaci\u00f3n. Neutraliza y mantiene el tensor siempre listo para su uso.<\/p>\n<p>*El tensor no est\u00e1 incluido en la oferta. <\/p>\n<p style=\"text-align: justify;\"><strong>Indicaci\u00f3n sobre nuestros productos <\/strong><br \/>\nNo se hacen promesas de curaci\u00f3n al utilizar cualquiera de los productos de Steramedig GmbH. Las afirmaciones realizadas aqu\u00ed sobre la terapia de frecuencia dirigida, as\u00ed como los productos asociados, se basan en conocimientos m\u00e9dicos alternativos que no est\u00e1n reconocidos por la llamada medicina convencional. Las afirmaciones realizadas sobre las indicaciones y la eficacia, as\u00ed como las aplicaciones de los productos que aqu\u00ed se enumeran, no sustituyen el tratamiento por parte de un m\u00e9dico, terapeuta o profesional no m\u00e9dico. Esto tambi\u00e9n se aplica a los tensores de varillas angulares o a los neutralizadores de electrosmog (E-Smog Eraser). El usuario es responsable del uso y la elecci\u00f3n de la aplicaci\u00f3n correcta.<\/p>\n","protected":false},"excerpt":{"rendered":"<p>Neutradoc de INVE para la neutralizaci\u00f3n y soporte de Tensores.<\/p>\n","protected":false},"featured_media":13955,"template":"","meta":[],"product_cat":[161],"product_tag":[],"class_list":{"0":"post-13951","1":"product","2":"type-product","3":"status-publish","4":"has-post-thumbnail","6":"product_brand-inve-es-2","7":"product_cat-tensores-es","10":"first","11":"instock","12":"taxable","13":"shipping-taxable","14":"product-type-simple"},"jetpack_sharing_enabled":true,"_links":{"self":[{"href":"https:\/\/www.steramedig.com\/es\/wp-json\/wp\/v2\/product\/13951","targetHints":{"allow":["GET"]}}],"collection":[{"href":"https:\/\/www.steramedig.com\/es\/wp-json\/wp\/v2\/product"}],"about":[{"href":"https:\/\/www.steramedig.com\/es\/wp-json\/wp\/v2\/types\/product"}],"wp:featuredmedia":[{"embeddable":true,"href":"https:\/\/www.steramedig.com\/es\/wp-json\/wp\/v2\/media\/13955"}],"wp:attachment":[{"href":"https:\/\/www.steramedig.com\/es\/wp-json\/wp\/v2\/media?parent=13951"}],"wp:term":[{"taxonomy":"product_cat","embeddable":true,"href":"https:\/\/www.steramedig.com\/es\/wp-json\/wp\/v2\/product_cat?post=13951"},{"taxonomy":"product_tag","embeddable":true,"href":"https:\/\/www.steramedig.com\/es\/wp-json\/wp\/v2\/product_tag?post=13951"}],"curies":[{"name":"wp","href":"https:\/\/api.w.org\/{rel}","templated":true}]}}