{"id":13931,"date":"2021-11-18T10:02:54","date_gmt":"2021-11-18T09:02:54","guid":{"rendered":"https:\/\/www.steramedig.com\/?post_type=product&#038;p=13931"},"modified":"2021-11-18T10:08:32","modified_gmt":"2021-11-18T09:08:32","slug":"varilla-de-radiestesia-inve","status":"publish","type":"product","link":"https:\/\/www.steramedig.com\/es\/produkt\/varilla-de-radiestesia-inve\/","title":{"rendered":"Varilla de radiestesia INVE"},"content":{"rendered":"<p>La varilla de radiestesia INVE consiste en dos alambres de acero inoxidable doblados en un \u00e1ngulo de 90 grados con mangos de apoyo m\u00f3viles. Los soportes m\u00f3viles garantizan que se minimicen las influencias ajenas y la fricci\u00f3n de las manos. Esta ca\u00f1a es ideal para que los principiantes busquen venas de agua y rayos de tierra.<\/p>\n<p style=\"text-align: justify;\"><strong>Indicaci\u00f3n sobre nuestros productos <\/strong><br \/>\nNo se hacen promesas de curaci\u00f3n al utilizar cualquiera de los productos de Steramedig GmbH. Las afirmaciones realizadas aqu\u00ed sobre la terapia de frecuencia dirigida, as\u00ed como los productos asociados, se basan en conocimientos m\u00e9dicos alternativos que no est\u00e1n reconocidos por la llamada medicina convencional. Las afirmaciones realizadas sobre las indicaciones y la eficacia, as\u00ed como las aplicaciones de los productos que aqu\u00ed se enumeran, no sustituyen el tratamiento por parte de un m\u00e9dico, terapeuta o profesional no m\u00e9dico. Esto tambi\u00e9n se aplica a los tensores de varillas angulares o a los neutralizadores de electrosmog (E-Smog Eraser). El usuario es responsable del uso y la elecci\u00f3n de la aplicaci\u00f3n correcta.<\/p>\n","protected":false},"excerpt":{"rendered":"<p>Varilla de radiestesia INVE de acero inoxidable.<\/p>\n","protected":false},"featured_media":8306,"template":"","meta":[],"product_cat":[161],"product_tag":[],"class_list":{"0":"post-13931","1":"product","2":"type-product","3":"status-publish","4":"has-post-thumbnail","6":"product_brand-inve-es-2","7":"product_cat-tensores-es","10":"first","11":"instock","12":"taxable","13":"shipping-taxable","14":"product-type-simple"},"jetpack_sharing_enabled":true,"_links":{"self":[{"href":"https:\/\/www.steramedig.com\/es\/wp-json\/wp\/v2\/product\/13931","targetHints":{"allow":["GET"]}}],"collection":[{"href":"https:\/\/www.steramedig.com\/es\/wp-json\/wp\/v2\/product"}],"about":[{"href":"https:\/\/www.steramedig.com\/es\/wp-json\/wp\/v2\/types\/product"}],"wp:featuredmedia":[{"embeddable":true,"href":"https:\/\/www.steramedig.com\/es\/wp-json\/wp\/v2\/media\/8306"}],"wp:attachment":[{"href":"https:\/\/www.steramedig.com\/es\/wp-json\/wp\/v2\/media?parent=13931"}],"wp:term":[{"taxonomy":"product_cat","embeddable":true,"href":"https:\/\/www.steramedig.com\/es\/wp-json\/wp\/v2\/product_cat?post=13931"},{"taxonomy":"product_tag","embeddable":true,"href":"https:\/\/www.steramedig.com\/es\/wp-json\/wp\/v2\/product_tag?post=13931"}],"curies":[{"name":"wp","href":"https:\/\/api.w.org\/{rel}","templated":true}]}}