{"id":12557,"date":"2021-10-27T14:01:58","date_gmt":"2021-10-27T12:01:58","guid":{"rendered":"https:\/\/www.steramedig.com\/?post_type=product&#038;p=12557"},"modified":"2021-10-27T14:04:20","modified_gmt":"2021-10-27T12:04:20","slug":"004-nesypa-v-2-0-tarjeta-chip-dl","status":"publish","type":"product","link":"https:\/\/www.steramedig.com\/es\/produkt\/004-nesypa-v-2-0-tarjeta-chip-dl\/","title":{"rendered":"004 NeSyPa V.2.0 tarjeta chip &#8211; DL"},"content":{"rendered":"<div class=\"swpm-post-not-logged-in-msg\">Debes acceder para ver \u00e9ste contenido. Por favor <a class=\"swpm-login-link\" href=\"https:\/\/www.steramedig.com\/membership-login\/?swpm_redirect_to=https%3A%2F%2Fwww.steramedig.com%2Fes%2Fwp-json%2Fwp%2Fv2%2Fproduct%2F12557\">Acceder<\/a>. \u00bfA\u00fan no eres miembro? <a href=\"https:\/\/www.steramedig.com\/membership-join\/\">\u00danete a nosotros<\/a><\/div>","protected":false},"excerpt":{"rendered":"<p>Tarjeta chip DL con frecuencias seg\u00fan el Dr. Rastocny contra 30 par\u00e1sitos neuro-pat\u00f3genos<\/p>\n","protected":false},"featured_media":0,"template":"","meta":[],"product_cat":[231,114],"product_tag":[],"class_list":{"0":"post-12557","1":"product","2":"type-product","3":"status-publish","5":"product_brand-steramedig-es","6":"product_cat-tarjeta-chip-dl","7":"product_cat-tarjetas-chip-es-2","8":"product_shipping_class-tarjetas-chips","10":"first","11":"instock","12":"taxable","13":"shipping-taxable","14":"product-type-variable"},"jetpack_sharing_enabled":true,"_links":{"self":[{"href":"https:\/\/www.steramedig.com\/es\/wp-json\/wp\/v2\/product\/12557","targetHints":{"allow":["GET"]}}],"collection":[{"href":"https:\/\/www.steramedig.com\/es\/wp-json\/wp\/v2\/product"}],"about":[{"href":"https:\/\/www.steramedig.com\/es\/wp-json\/wp\/v2\/types\/product"}],"wp:attachment":[{"href":"https:\/\/www.steramedig.com\/es\/wp-json\/wp\/v2\/media?parent=12557"}],"wp:term":[{"taxonomy":"product_cat","embeddable":true,"href":"https:\/\/www.steramedig.com\/es\/wp-json\/wp\/v2\/product_cat?post=12557"},{"taxonomy":"product_tag","embeddable":true,"href":"https:\/\/www.steramedig.com\/es\/wp-json\/wp\/v2\/product_tag?post=12557"}],"curies":[{"name":"wp","href":"https:\/\/api.w.org\/{rel}","templated":true}]}}