{"id":12506,"date":"2021-10-26T16:07:46","date_gmt":"2021-10-26T14:07:46","guid":{"rendered":"https:\/\/www.steramedig.com\/?post_type=product&#038;p=12506"},"modified":"2023-07-11T18:57:22","modified_gmt":"2023-07-11T16:57:22","slug":"curso-especial-diagnostico-y-terapia-de-efectos-adversos-de-vacunas","status":"publish","type":"product","link":"https:\/\/www.steramedig.com\/es\/produkt\/curso-especial-diagnostico-y-terapia-de-efectos-adversos-de-vacunas\/","title":{"rendered":"Curso especial: Diagn\u00f3stico y terapia de efectos adversos de vacunas"},"content":{"rendered":"<p><strong>Curso especial: Diagn\u00f3stico y terapia de efectos adversos de vacunas<\/strong><\/p>\n<p>En este curso de medio d\u00eda se sugerir\u00e1 el diagn\u00f3stico y la terapia de los da\u00f1os actuales y conocidos de las vacunas. Tambi\u00e9n se discutir\u00e1n las diferentes complicaciones de las vacunas aprobadas.<\/p>\n<h3><strong>Indicaci\u00f3n sobre nuestros productos <\/strong><\/h3>\n<p>No se hacen promesas de curaci\u00f3n al utilizar cualquiera de los productos de Steramedig GmbH. Las afirmaciones realizadas aqu\u00ed sobre la terapia de frecuencia dirigida, as\u00ed como los productos asociados, se basan en conocimientos m\u00e9dicos alternativos que no est\u00e1n reconocidos por la llamada medicina convencional. Las afirmaciones realizadas sobre las indicaciones y la eficacia, as\u00ed como las aplicaciones de los productos que aqu\u00ed se enumeran, no sustituyen el tratamiento por parte de un m\u00e9dico, terapeuta o profesional no m\u00e9dico. Esto tambi\u00e9n se aplica a los tensores de varillas angulares o a los neutralizadores de electrosmog (E-Smog Eraser). El usuario es responsable del uso y la elecci\u00f3n de la aplicaci\u00f3n correcta.<\/p>\n","protected":false},"excerpt":{"rendered":"<p>Curso especial: Diagn\u00f3stico y terapia de efectos adversos de vacunas<\/p>\n","protected":false},"featured_media":12517,"template":"","meta":[],"product_cat":[195],"product_tag":[],"class_list":{"0":"post-12506","1":"product","2":"type-product","3":"status-publish","4":"has-post-thumbnail","6":"product_brand-steramedig-es","7":"product_cat-cursos","10":"first","11":"outofstock","12":"taxable","13":"shipping-taxable","14":"product-type-variable"},"jetpack_sharing_enabled":true,"_links":{"self":[{"href":"https:\/\/www.steramedig.com\/es\/wp-json\/wp\/v2\/product\/12506","targetHints":{"allow":["GET"]}}],"collection":[{"href":"https:\/\/www.steramedig.com\/es\/wp-json\/wp\/v2\/product"}],"about":[{"href":"https:\/\/www.steramedig.com\/es\/wp-json\/wp\/v2\/types\/product"}],"wp:featuredmedia":[{"embeddable":true,"href":"https:\/\/www.steramedig.com\/es\/wp-json\/wp\/v2\/media\/12517"}],"wp:attachment":[{"href":"https:\/\/www.steramedig.com\/es\/wp-json\/wp\/v2\/media?parent=12506"}],"wp:term":[{"taxonomy":"product_cat","embeddable":true,"href":"https:\/\/www.steramedig.com\/es\/wp-json\/wp\/v2\/product_cat?post=12506"},{"taxonomy":"product_tag","embeddable":true,"href":"https:\/\/www.steramedig.com\/es\/wp-json\/wp\/v2\/product_tag?post=12506"}],"curies":[{"name":"wp","href":"https:\/\/api.w.org\/{rel}","templated":true}]}}