{"id":11674,"date":"2021-08-20T13:32:40","date_gmt":"2021-08-20T11:32:40","guid":{"rendered":"https:\/\/www.steramedig.com\/?post_type=product&#038;p=11674"},"modified":"2021-11-16T10:48:19","modified_gmt":"2021-11-16T09:48:19","slug":"121-av-h1n1-v-1-0-tarjeta-chip-bw-vm","status":"publish","type":"product","link":"https:\/\/www.steramedig.com\/es\/produkt\/121-av-h1n1-v-1-0-tarjeta-chip-bw-vm\/","title":{"rendered":"121 AV-H1N1 V 1.0 Tarjeta chip &#8211; BW\/VM"},"content":{"rendered":"<div class=\"swpm-post-not-logged-in-msg\">Debes acceder para ver \u00e9ste contenido. Por favor <a class=\"swpm-login-link\" href=\"https:\/\/www.steramedig.com\/membership-login\/?swpm_redirect_to=https%3A%2F%2Fwww.steramedig.com%2Fes%2Fwp-json%2Fwp%2Fv2%2Fproduct%2F11674\">Acceder<\/a>. \u00bfA\u00fan no eres miembro? <a href=\"https:\/\/www.steramedig.com\/membership-join\/\">\u00danete a nosotros<\/a><\/div>","protected":false},"excerpt":{"rendered":"<p>Tarjeta chip BW\/VM con frecuencias seg\u00fan el Dr. Rastocny contra las complicaciones despu\u00e9s de la vacunaci\u00f3n contra la gripe porcina H1N1 del a\u00f1o 2009.<\/p>\n","protected":false},"featured_media":11480,"template":"","meta":[],"product_cat":[233,114],"product_tag":[],"class_list":{"0":"post-11674","1":"product","2":"type-product","3":"status-publish","4":"has-post-thumbnail","6":"product_brand-steramedig-es","7":"product_cat-tarjeta-chip-bw-vm","8":"product_cat-tarjetas-chip-es-2","9":"product_shipping_class-tarjetas-chips","12":"first","13":"instock","14":"taxable","15":"shipping-taxable","16":"product-type-variable"},"jetpack_sharing_enabled":true,"_links":{"self":[{"href":"https:\/\/www.steramedig.com\/es\/wp-json\/wp\/v2\/product\/11674","targetHints":{"allow":["GET"]}}],"collection":[{"href":"https:\/\/www.steramedig.com\/es\/wp-json\/wp\/v2\/product"}],"about":[{"href":"https:\/\/www.steramedig.com\/es\/wp-json\/wp\/v2\/types\/product"}],"wp:featuredmedia":[{"embeddable":true,"href":"https:\/\/www.steramedig.com\/es\/wp-json\/wp\/v2\/media\/11480"}],"wp:attachment":[{"href":"https:\/\/www.steramedig.com\/es\/wp-json\/wp\/v2\/media?parent=11674"}],"wp:term":[{"taxonomy":"product_cat","embeddable":true,"href":"https:\/\/www.steramedig.com\/es\/wp-json\/wp\/v2\/product_cat?post=11674"},{"taxonomy":"product_tag","embeddable":true,"href":"https:\/\/www.steramedig.com\/es\/wp-json\/wp\/v2\/product_tag?post=11674"}],"curies":[{"name":"wp","href":"https:\/\/api.w.org\/{rel}","templated":true}]}}