{"id":11118,"date":"2021-07-23T10:52:03","date_gmt":"2021-07-23T08:52:03","guid":{"rendered":"https:\/\/www.steramedig.com\/?post_type=product&#038;p=11118"},"modified":"2021-07-23T13:40:59","modified_gmt":"2021-07-23T11:40:59","slug":"curso-ii-terapia-de-frecuencias-dirigidas-para-terapeutas","status":"publish","type":"product","link":"https:\/\/www.steramedig.com\/es\/produkt\/curso-ii-terapia-de-frecuencias-dirigidas-para-terapeutas\/","title":{"rendered":"CURSO II: Terapia de Frecuencias Dirigidas para terapeutas"},"content":{"rendered":"<p><strong>CURSO II: Terapia de Frecuencias Dirigidas para terapeutas <\/strong><\/p>\n<p>El CURSO II de Steramedig, que tiene una duraci\u00f3n de 2 d\u00edas, va destinado a terapeutas y se basa en la experiencia y los conocimientos adquiridos en el Curso I \u201cTerapia de Frecuencia Dirigida para Terapeutas\u201d.<\/p>\n<p>En un grupo reducido, se ense\u00f1an aplicaciones avanzadas de procedimientos de test energ\u00e9ticos, as\u00ed como la b\u00fasqueda de nuevas frecuencias. El CURSO II est\u00e1 reservado a terapeutas y m\u00e9dicos con experiencia \u2013 se requiere un comprobante en el momento de la inscripci\u00f3n.<\/p>\n<p><strong>Contenido CURSO II<\/strong><\/p>\n<ul>\n<li>Profundizaci\u00f3n de los conocimientos adquiridos en la terapia de frecuencias dirigidas.<\/li>\n<li>Determinaci\u00f3n y comprobaci\u00f3n de g\u00e9rmenes nuevos y desconocidos y sus frecuencias.<\/li>\n<li>Aprendizaje de localizaci\u00f3n aut\u00f3noma de nuevas frecuencias.<\/li>\n<li>Ejercicios pr\u00e1cticos con el tensor en fichas contra g\u00e9rmenes, enfermedades, etc.<\/li>\n<\/ul>\n<p>&nbsp;<\/p>\n<h3><strong>Indicaci\u00f3n sobre nuestros productos <\/strong><\/h3>\n<p>No se hacen promesas de curaci\u00f3n al utilizar cualquiera de los productos de Steramedig GmbH. Las afirmaciones realizadas aqu\u00ed sobre la terapia de frecuencia dirigida, as\u00ed como los productos asociados, se basan en conocimientos m\u00e9dicos alternativos que no est\u00e1n reconocidos por la llamada medicina convencional. Las afirmaciones realizadas sobre las indicaciones y la eficacia, as\u00ed como las aplicaciones de los productos que aqu\u00ed se enumeran, no sustituyen el tratamiento por parte de un m\u00e9dico, terapeuta o profesional no m\u00e9dico. Esto tambi\u00e9n se aplica a los tensores de varillas angulares o a los neutralizadores de electrosmog (E-Smog Eraser). El usuario es responsable del uso y la elecci\u00f3n de la aplicaci\u00f3n correcta.<\/p>\n","protected":false},"excerpt":{"rendered":"<p>CURSO II: Terapia de Frecuencias Dirigidas para terapeutas.<\/p>\n","protected":false},"featured_media":11023,"template":"","meta":[],"product_cat":[195],"product_tag":[],"class_list":{"0":"post-11118","1":"product","2":"type-product","3":"status-publish","4":"has-post-thumbnail","6":"product_brand-steramedig-es","7":"product_cat-cursos","10":"first","11":"instock","12":"taxable","13":"shipping-taxable","14":"product-type-variable"},"jetpack_sharing_enabled":true,"_links":{"self":[{"href":"https:\/\/www.steramedig.com\/es\/wp-json\/wp\/v2\/product\/11118","targetHints":{"allow":["GET"]}}],"collection":[{"href":"https:\/\/www.steramedig.com\/es\/wp-json\/wp\/v2\/product"}],"about":[{"href":"https:\/\/www.steramedig.com\/es\/wp-json\/wp\/v2\/types\/product"}],"wp:featuredmedia":[{"embeddable":true,"href":"https:\/\/www.steramedig.com\/es\/wp-json\/wp\/v2\/media\/11023"}],"wp:attachment":[{"href":"https:\/\/www.steramedig.com\/es\/wp-json\/wp\/v2\/media?parent=11118"}],"wp:term":[{"taxonomy":"product_cat","embeddable":true,"href":"https:\/\/www.steramedig.com\/es\/wp-json\/wp\/v2\/product_cat?post=11118"},{"taxonomy":"product_tag","embeddable":true,"href":"https:\/\/www.steramedig.com\/es\/wp-json\/wp\/v2\/product_tag?post=11118"}],"curies":[{"name":"wp","href":"https:\/\/api.w.org\/{rel}","templated":true}]}}