{"id":11078,"date":"2021-07-22T13:54:27","date_gmt":"2021-07-22T11:54:27","guid":{"rendered":"https:\/\/www.steramedig.com\/?post_type=product&#038;p=11078"},"modified":"2022-03-21T11:20:25","modified_gmt":"2022-03-21T10:20:25","slug":"curso-i-terapia-de-frecuencias-dirigidas-para-terapeutas","status":"publish","type":"product","link":"https:\/\/www.steramedig.com\/es\/produkt\/curso-i-terapia-de-frecuencias-dirigidas-para-terapeutas\/","title":{"rendered":"CURSO I: Terapia de Frecuencias Dirigidas para terapeutas"},"content":{"rendered":"<p><strong>CURSO I: Terapia de Frecuencias Dirigidas para terapeutas <\/strong><\/p>\n<p>El CURSO I de Steramedig de 2 dias se basa en la experiencia y los conocimientos adquiridos en el curso de introducci\u00f3n. Junto con otros participantes del grupo, aprender\u00e1, entre otras cosas, los m\u00e9todos de diagn\u00f3stico, as\u00ed como la determinaci\u00f3n de las terapias para los trastornos org\u00e1nicos y funcionales.<\/p>\n<p>Adquiera los nuevos conocimientos junto a muchos ejercicios pr\u00e1cticos para consolidar lo que ha aprendido.<\/p>\n<p><strong>Contenido CURSO I<\/strong><\/p>\n<ul>\n<li>Programaci\u00f3n de frecuencias individuales con un dispositivo de programaci\u00f3n.<\/li>\n<li>Posibilidades y l\u00edmites del tratamiento, selecci\u00f3n de pacientes.<\/li>\n<li>Explicaci\u00f3n del m\u00e9todo, cooperaci\u00f3n del paciente.<\/li>\n<li>Inclusi\u00f3n en el concepto de terapia, cumplimiento de requisitos.<\/li>\n<li>Importancia de la nutrici\u00f3n y de las terapias regulares<br \/>\nReconocimiento de los bloqueos y su eliminaci\u00f3n.<\/li>\n<li>Profundizaci\u00f3n del trabajo con tarjetas chip pre-programadas.<br \/>\nEjercicios pr\u00e1cticos con el tensor en fichas contra g\u00e9rmenes, enfermedades, etc.<\/li>\n<li>Aplicaciones pr\u00e1cticas de la terapia de frecuencia dirigida en el diagn\u00f3stico y la terapia con referencia a los problemas actuales de Covid 19.<\/li>\n<\/ul>\n<p>El prerrequisito para participar en este curso es haber completado con \u00e9xito el <a href=\"https:\/\/www.steramedig.com\/es\/produkt\/introduccion-de-terapias-de-frecuencias-dirigidas\/\">curso de introducci\u00f3n.<\/a><\/p>\n<h3><strong>Indicaci\u00f3n sobre nuestros productos <\/strong><\/h3>\n<p>No se hacen promesas de curaci\u00f3n al utilizar cualquiera de los productos de Steramedig GmbH. Las afirmaciones realizadas aqu\u00ed sobre la terapia de frecuencia dirigida, as\u00ed como los productos asociados, se basan en conocimientos m\u00e9dicos alternativos que no est\u00e1n reconocidos por la llamada medicina convencional. Las afirmaciones realizadas sobre las indicaciones y la eficacia, as\u00ed como las aplicaciones de los productos que aqu\u00ed se enumeran, no sustituyen el tratamiento por parte de un m\u00e9dico, terapeuta o profesional no m\u00e9dico. Esto tambi\u00e9n se aplica a los tensores de varillas angulares o a los neutralizadores de electrosmog (E-Smog Eraser). El usuario es responsable del uso y la elecci\u00f3n de la aplicaci\u00f3n correcta.<\/p>\n","protected":false},"excerpt":{"rendered":"<p>CURSO I: Terapia de Frecuencias Dirigidas para terapeutas.<\/p>\n","protected":false},"featured_media":11022,"template":"","meta":[],"product_cat":[195],"product_tag":[],"class_list":{"0":"post-11078","1":"product","2":"type-product","3":"status-publish","4":"has-post-thumbnail","6":"product_brand-steramedig-es","7":"product_cat-cursos","10":"first","11":"instock","12":"taxable","13":"shipping-taxable","14":"product-type-variable"},"jetpack_sharing_enabled":true,"_links":{"self":[{"href":"https:\/\/www.steramedig.com\/es\/wp-json\/wp\/v2\/product\/11078","targetHints":{"allow":["GET"]}}],"collection":[{"href":"https:\/\/www.steramedig.com\/es\/wp-json\/wp\/v2\/product"}],"about":[{"href":"https:\/\/www.steramedig.com\/es\/wp-json\/wp\/v2\/types\/product"}],"wp:featuredmedia":[{"embeddable":true,"href":"https:\/\/www.steramedig.com\/es\/wp-json\/wp\/v2\/media\/11022"}],"wp:attachment":[{"href":"https:\/\/www.steramedig.com\/es\/wp-json\/wp\/v2\/media?parent=11078"}],"wp:term":[{"taxonomy":"product_cat","embeddable":true,"href":"https:\/\/www.steramedig.com\/es\/wp-json\/wp\/v2\/product_cat?post=11078"},{"taxonomy":"product_tag","embeddable":true,"href":"https:\/\/www.steramedig.com\/es\/wp-json\/wp\/v2\/product_tag?post=11078"}],"curies":[{"name":"wp","href":"https:\/\/api.w.org\/{rel}","templated":true}]}}