{"id":9461,"date":"2021-05-30T09:44:28","date_gmt":"2021-05-30T07:44:28","guid":{"rendered":"https:\/\/www.steramedig.com\/aviso-de-bateria\/"},"modified":"2024-10-11T12:40:37","modified_gmt":"2024-10-11T10:40:37","slug":"aviso-de-bateria","status":"publish","type":"page","link":"https:\/\/www.steramedig.com\/es\/aviso-de-bateria\/","title":{"rendered":"Aviso de bater\u00eda"},"content":{"rendered":"<div class=\"wpb-content-wrapper\"><p>[vc_row][vc_column][vc_column_text]<\/p>\n<h1>Notas sobre la eliminaci\u00f3n de bater\u00edas:<\/h1>\n<div class=\"page\" title=\"Page 1\">\n<div class=\"layoutArea\">\n<div class=\"column\">\n<p>Das Elektro- und Elektronikger\u00e4tegesetz (ElektroG) enth\u00e4lt eine Vielzahl von Anforderungen an den Umgang mit Elektro- und Elektronikger\u00e4ten. Die wichtigsten sind hier zusammengestellt.<\/p>\n<p>1. Recepci\u00f3n por separado del material de desecho<\/p>\n<p>Los aparatos el\u00e9ctricos y electr\u00f3nicos que se han convertido en residuos se denominan RAEE. Los propietarios de RAEE deben eliminarlos de forma separada de los residuos municipales no clasificados. En concreto, los RAEE no pertenecen a la basura dom\u00e9stica, sino a sistemas especiales de recogida y devoluci\u00f3n.<\/p>\n<p>2. pilas y bater\u00edas, as\u00ed como l\u00e1mparas<\/p>\n<p>Los propietarios de RAEE deber\u00e1n, por regla general, separar de los RAEE las pilas y acumuladores gastados que no est\u00e9n incluidos en los RAEE, as\u00ed como las l\u00e1mparas que puedan extraerse de los RAEE sin causar da\u00f1os, antes de entregarlos en un punto de recogida. Esto no se aplica si los RAEE se preparan para su reutilizaci\u00f3n con la participaci\u00f3n de una autoridad p\u00fablica de gesti\u00f3n de residuos.<\/p>\n<p>3. posibilidades de devoluci\u00f3n de aparatos electrodom\u00e9sticos antiguos<\/p>\n<p>Los propietarios de los RAEE de los hogares pueden devolverlos gratuitamente a los puntos de recogida de las autoridades p\u00fablicas de gesti\u00f3n de residuos o a los puntos de recogida establecidos por los fabricantes o distribuidores en el sentido de la ElektroG.<\/p>\n<p>Los comercios con una superficie de venta de aparatos el\u00e9ctricos y electr\u00f3nicos de al menos 400 m2, as\u00ed como los comercios de alimentaci\u00f3n con una superficie total de venta de al menos 800 m2 que ofrezcan y pongan en el mercado aparatos el\u00e9ctricos y electr\u00f3nicos varias veces al a\u00f1o o de forma permanente, est\u00e1n sujetos a la obligaci\u00f3n de devoluci\u00f3n. Esto tambi\u00e9n se aplica a la distribuci\u00f3n mediante medios de comunicaci\u00f3n a distancia si las zonas de almacenamiento y expedici\u00f3n de AEE son de al menos 400 m2 o las zonas totales de almacenamiento y expedici\u00f3n son de al menos 800 m2. En principio, los distribuidores garantizar\u00e1n la devoluci\u00f3n de los productos proporcionando instalaciones de devoluci\u00f3n adecuadas a una distancia razonable del respectivo usuario final.<\/p>\n<p>Existe la posibilidad de devolver gratuitamente un aparato antiguo para los distribuidores que est\u00e1n obligados a aceptarlo, entre otras cosas, si se suministra a un usuario final un aparato nuevo del mismo tipo que cumpla esencialmente las mismas funciones. Si se entrega un aparato nuevo en un domicilio particular, los RAEE similares tambi\u00e9n pueden entregarse all\u00ed para su recogida gratuita; esto se aplica en el caso de la distribuci\u00f3n mediante comunicaci\u00f3n a distancia a los aparatos de las categor\u00edas 1, 2 o 4 seg\u00fan el apartado 1 del art\u00edculo 2 de la ElektroG, a saber, &#8220;transmisores de calor&#8221;, &#8220;aparatos con pantalla de visualizaci\u00f3n&#8221; o &#8220;aparatos grandes&#8221; (estos \u00faltimos con al menos una dimensi\u00f3n exterior superior a 50 cent\u00edmetros). Se pregunta a los usuarios finales sobre su intenci\u00f3n de devolver los aparatos el\u00e9ctricos y electr\u00f3nicos cuando celebran un contrato de compra. Adem\u00e1s, existe la posibilidad de devoluci\u00f3n gratuita en los puntos de recogida de los distribuidores, independientemente de la compra de un aparato nuevo, para aquellos aparatos antiguos que no superen los 25 cent\u00edmetros en cualquier dimensi\u00f3n exterior, con un l\u00edmite de tres aparatos antiguos por tipo de aparato.<\/p>\n<p>4. Aviso de protecci\u00f3n de datos<\/p>\n<p>Los equipos antiguos suelen contener datos personales sensibles. Esto se aplica en particular a los dispositivos de tecnolog\u00eda de la informaci\u00f3n y las telecomunicaciones, como los ordenadores y los tel\u00e9fonos inteligentes. En su propio inter\u00e9s, tenga en cuenta que cada usuario final es responsable de eliminar los datos de los dispositivos antiguos que se van a desechar.<\/p>\n<p>6. Significado del s\u00edmbolo &#8220;cubo de basura tachado<\/p>\n<p>El s\u00edmbolo de un cubo de basura tachado que aparece regularmente en los aparatos el\u00e9ctricos y electr\u00f3nicos indica que el aparato respectivo debe recogerse por separado de los residuos municipales no clasificados al final de su vida \u00fatil.<\/p>\n<\/div>\n<\/div>\n<p><img decoding=\"async\" src=\"data:image\/jpeg;base64,\/9j\/4AAQSkZJRgABAQAASABIAAD\/4QBMRXhpZgAATU0AKgAAAAgAAYdpAAQAAAABAAAAGgAAAAAAA6ABAAMAAAABAAEAAKACAAQAAAABAAAAYaADAAQAAAABAAAAYQAAAAD\/7QA4UGhvdG9zaG9wIDMuMAA4QklNBAQAAAAAAAA4QklNBCUAAAAAABDUHYzZjwCyBOmACZjs+EJ+\/8AAEQgAYQBhAwEiAAIRAQMRAf\/EAB8AAAEFAQEBAQEBAAAAAAAAAAABAgMEBQYHCAkKC\/\/EALUQAAIBAwMCBAMFBQQEAAABfQECAwAEEQUSITFBBhNRYQcicRQygZGhCCNCscEVUtHwJDNicoIJChYXGBkaJSYnKCkqNDU2Nzg5OkNERUZHSElKU1RVVldYWVpjZGVmZ2hpanN0dXZ3eHl6g4SFhoeIiYqSk5SVlpeYmZqio6Slpqeoqaqys7S1tre4ubrCw8TFxsfIycrS09TV1tfY2drh4uPk5ebn6Onq8fLz9PX29\/j5+v\/EAB8BAAMBAQEBAQEBAQEAAAAAAAABAgMEBQYHCAkKC\/\/EALURAAIBAgQEAwQHBQQEAAECdwABAgMRBAUhMQYSQVEHYXETIjKBCBRCkaGxwQkjM1LwFWJy0QoWJDThJfEXGBkaJicoKSo1Njc4OTpDREVGR0hJSlNUVVZXWFlaY2RlZmdoaWpzdHV2d3h5eoKDhIWGh4iJipKTlJWWl5iZmqKjpKWmp6ipqrKztLW2t7i5usLDxMXGx8jJytLT1NXW19jZ2uLj5OXm5+jp6vLz9PX29\/j5+v\/bAEMAAgICAgICAwICAwUDAwMFBgUFBQUGCAYGBgYGCAoICAgICAgKCgoKCgoKCgwMDAwMDA4ODg4ODw8PDw8PDw8PD\/\/bAEMBAgICBAQEBwQEBxALCQsQEBAQEBAQEBAQEBAQEBAQEBAQEBAQEBAQEBAQEBAQEBAQEBAQEBAQEBAQEBAQEBAQEP\/dAAQAB\/\/aAAwDAQACEQMRAD8A+5v2xv8Ahefwy8UeHP2kvhLPPqukeFLaa217QPMkEVzaeb53ncdxivqr4H\/GnwN8efAGnfEHwHcmWxvB+8jc\/vreX\/nlN717NLEJYjEa\/Hv4w+AvGP7DnxOn\/aL+B1i9z8N9alx4p8Owf6q3\/wCm0H\/PIH1\/5YdP9TkAA\/YqoJZliQyycJXlXw4+K3gf4n+ArL4keE9SS50K8jMxncgeQRkzRS8DyjD3yf8AE\/nn+2R+2vb2S+IPgL8G9Mg8T6zqOkXY1LUPOAtLKznh\/fcc+bL5PI9KAP1FtPEGi6g\/kaffQ3Uv9yOTza8n+I37RfwR+Eetw6B8R\/FlloOp3VubmO3uHxKYeR5uPT93X8x\/7Jvg\/U\/G3xr03wz4c8aSfD69ura8\/wCJxE\/leXD5P+p\/11vX1p8cv2BvibqHiy3vvCHxEsPiBFJZRfadQ1jVYoruOYTS\/uh503MNAH7Ef8Nwfso+X53\/AAsrScf9da+i9B17SvE2jWXiDQblL\/TtQt4ri3njP7uWKcZEg+o5r+Y3\/h3l+0F\/z08P\/wDg6tK++PBvwR\/bT+Efg7SR8Mfjfo2s\/wBnWcMcuh6jN5sMZEX\/AB6Q\/aPtH\/tGgD9nqK\/FuX\/gpr8RfhlJdeBPjN8MP+K4tBCB\/Z93i0nB\/wCWox9or7U+H\/7aPwm8YfAC4+P2r3D6FpGnyS297DcN+9ju1x+5i7Snnj\/61AHtfxo+NPgX4D+Br7x\/48vBa2Nr8kcY\/wBbcS9ooR618ifsb+I\/2gfjJ4t8S\/tC\/EovofhHxDZw2vh3Q\/MzHHD5pY3QB6kj\/lr\/AMtgfavFPhP8NPH\/AO3P8Q7X9of472smmfDXSZc+GPDbv+7ufWeYDrD\/AOj\/APrhgH9hIYYoY\/KhTyx7UAL5cv8Az0\/Sjy5f+en6VNRQB\/\/Q\/fysbUtOsdX0+40vUbeO6tbmPy5Y5FzHJGexrZooA\/Bf9pX4R+P\/ANja18cT\/DbfdfBj4oWU2m6jZ\/63+xby5h8jzv8A5H\/78f8APGvh\/wAO\/sla14w+OGkfBHwr4r0nVJNc0n+17LVI\/O+yXMPk+fX9Tnijwx4e8ZaBfeGPFFlHqekarF9nubef\/VSRH1FfgDc+BfD37A37dPhLWtWvZLnwRcpNcW8n+tmtrTUIpbL997QTfpQBo\/8ADoX42f8AQ4aF+d3\/APGKX\/h0J8aP+hr0L\/yN\/wDGa\/fnR9W0zXNOt9Y0e5jurC7j8y3uIn8yKSL1BrboA\/nkl\/4JE\/G7\/lj4n8P\/APfy7\/8AjFQf8OhPjr\/0Nfh\/\/v5d\/wDxiv6Iq4zxv438MfD7wxqXi7xfqMOl6RpMXmXNxJ0joA\/lT8bfs7WXwz+LNz8JfGHxB0K1k06ymurnULfzpYrab\/nz\/wBR\/rv3VfYP7E3wJsf2ndStbLXnNr8MPhtcwy\/2Rv8A3uo6lcw\/66f\/AL9f9+P3PrXyJ4o+IPwk+KP7TfiX4mfEDTtXl8GatezXv2OwjiN3JD\/ywh\/6ZV+nf\/BHq0mi8LfEuaaN4jNe6b\/rE\/6Yy0AfsXYadY6dYxWNhbpbW8MflxonASL2rXoooAKKKKAP\/9H9\/KKKKACvx\/8A28vB3hfxZ+1d8AdF8a232rQ\/EX2zSLmPfj\/j4mhH\/tWv2Ar8rv8AgotAul+Pf2efH2fLTQvF8CSv7NNazD\/0TQBwPw38deM\/2BfifbfA74wXr6n8JNdk\/wCKc1x+PsWf+WMw6cf8t\/8Av\/61yv8AwUB8CftT+MfjFpms\/BO31++8NTaLCDJo88vlef50xP8AqJv+uZr9WPjD8HPBfxv8C6j4A8dWwuNOvx8jjAlt5QDiWI44lFfm58FfjN4o\/Yw8dj9mb9o28eXwbL+88MeJJciLyM\/6mb\/P7npQB+ZXiPwT+3T4I0C+8T+Ko\/GejaRp0Xm3NxcXd3FFH\/5Hr3T9kD9n74w\/tW3kd\/8AFrxHrN18K9IuRc3Md7dzSxajeW\/\/ACxh8\/8A8mJq+pr7VfHX\/BRr4mS+G9IkuvDnwD8KXIkurzJjl1qb2\/z+5r9bvCfhPw94I8OWHhfwtZR2GkaTF9mtreP\/AFUcIoA\/LD9mfwp4ek\/4KCfGs6RpVraaR4d02HTba3jj\/dR4+yQ\/+0q\/XG2sLOzH+iQpD\/uJivyx\/YXlh8RftQ\/tM+Le39tQ2yfT7Xd\/\/Gq\/V2gAooooAKKKKAP\/0v38ooooAjr8tP8Agq6bzTvgf4Q1+yjx\/ZHiyzuZH+lpd1+pdfn3\/wAFNdOi1D9kfxLOf+Yde6bc\/wDk5FB\/7VoA+3D4i0u18O\/8JNqVyltpgt\/tElxI\/lRRRYznP0r8b\/iLL4q\/4KU\/EqPwZ8Pc6N8KPBVz5smvyQky3N75X\/LH88eT9JvSsyLxr8S\/2\/r\/AEH4N\/D03Xhz4V+H7Ky\/4SPVNnlfbZ\/J\/fQ+nP8Azx\/7belfsB8Nfhj4S+E\/g\/TfA\/gnT003SdNj8uKIdXyP9ZMQP3kpxyT\/AIUAfnV+yL8VNc+Afiv\/AIYw+OtrBpuqaaQfDuqRx+Va6lBPzx059MkYP7ntX6wSf6uvl39p79mvwx+0Z4G\/sW7mGmeINN\/0jRtUj\/11lP68dYj3H+T8vfs\/\/tWeKtCs\/EvwL\/aH\/wCJX8TvBFldSW0kz5\/tmC2h87zR\/wA9Zcen+u60AVf+CYVrBq+gfFj4mA\/vvE\/jG6jI\/wCveLz\/AP26r9Ua\/Mr\/AIJVaTNafsw3GpTddX8QajdflFDB\/wC0q\/TWgAooooAKKKKAP\/\/T\/fyiioZZRFEZTQBWuruG0gknmlSKKL\/WO\/QV+DX7ZX7Q3jn9qLR\/GPg34H2bXfwx8Bp9u13WP+WV5LbyjyRCe8PH5fvu1e1fHb4w+O\/2xfiPc\/svfs43Hk+Foc\/8JP4jjOYfJ\/55f9cf\/R3QV9deMPgX4E+FP7IXjv4aeCtOEdnD4b1OQSSf664uzZyZllPeU4FAGh+w\/YeH7P8AZb8ATeHLOOyju9NhluBGmPMuzxNL+JFfYFflz+xB+0z8DvCf7MHgnwz418caTo2r6THd21xaXc4iljAu5fJBz\/0x8uvrz\/hrT9mn\/op2gf8AgfFQB9DSdK\/Hn\/gopqn7LHjrwtqVteeL7Kw+J3heGX7F9jJnmkP\/AD5zeT\/P\/lj\/AD9a\/bI\/bJ+HOi\/APxB\/wpvxxpeq+KNQENlb\/YLqGaa3iuDmWYdekNfhha+Gfhx4Z8N6HrXxCttT1nUvFFlNqXl6fdxWn2Kz+2TWX\/LeG486bzoqAP2H\/wCCXXx68D6x8MLb4CzTGy8UaJJd3McMmMXsNxMZzND\/ANcc4NfrpX8iXhf4b+NNJ\/aH0zwJ8H9a\/wCKhhkhudFvP+PSWT\/Q\/t0P\/XH9z+5r+hb9lD9qK3+OmiXnhLxhaHQPiT4ZIt9a0uVTFJn\/AJ6wqCOD3H\/LLPNAH23RRRQAUUUUAf\/U\/feWURjNfkp+0B8d\/HX7S\/j+5\/ZU\/ZguTFb+Z5PijxHFnybaAn99DDKPw9puYeOa+6f2jfh98QPih8JtW8D\/AAy8QJ4W1bUfKj+2bM\/6L\/y2iHePI7\/hU37PX7PngP8AZx8B2\/gzwVb+bJN+8vb90xPeT\/8APWY+tAE3wA+Angj9nfwBaeBfBVvkf6y8u3H768u+803ua9e1fS7LXNLvNI1OJLi0vYpbeWN+Q8U4wR+RxW7RQB\/Ir8L\/AIOf8JZ+0Xofw317RdQi8Pajr\/2G58uOaLy7Pzv+e1fud\/w61\/ZP\/wCfHVv\/AAZzV+i\/lCpaAPyy8a\/8ErvgBqnhPULPwPJqWj68Ys2dzPeGaGOY9PNixg1+UOsfDP8Aab+Ejj4deLvhcPFMOlSTf2bJPpMuqw2\/\/XlNB\/yx87\/ljN+4\/wCmFf1V0UAfib+wR+yX8W4Pis\/7Snx3sZLG+Mc8llb3n\/H293cDyPOmh\/5Zfua+k\/2tf2ZvE2qa1Y\/tE\/s9yDSvil4W\/ePFGMDVYB\/yxl\/6a+3\/AC26V+jdFAHyf+yz+1F4V\/aS8GSX1njS\/FGk\/u9W0mR\/31tLwPM6\/wCqJ6f5z9aV8CeOP2Rpo\/2itA\/aF+DWujwdq8t3t8RQxxZh1K05M48kDHnTjjPTP73Oa+96AJKKKKAP\/9X9+KkqOpKACiiigAooooAKKKKACiiigCpJ\/wAs6t1Uk\/5Z1boAKKKKAP\/Z\" alt=\"page1image3167716528\" width=\"30.120000\" height=\"30.240000\" \/><\/p>\n<div class=\"layoutArea\">\n<div class=\"column\">\n<p>Informaci\u00f3n del fabricante seg\u00fan el apartado 4 del art\u00edculo 18 de la ElektroG (nuevo)<\/p>\n<\/div>\n<p>:::<\/p>\n<p>El texto ha sido proporcionado amablemente por Take-e-way de acuerdo con el \u00a7 18 p\u00e1rrafo 4 de la ElektroG3. En el siguiente enlace se puede descargar la plantilla correspondiente: <a class=\"hyperlinks\" href=\"https:\/\/www.take-e-way.de\/formulare\/user_upload\/Hersteller-Informationen-gemaess-18-Abs-4-ElektroG3.pdf\" target=\"_blank\" rel=\"dofollow noopener\">https:\/\/www.take-e-way.de\/formulare\/user_upload\/Hersteller-Informationen-gemaess-18-Abs-4-ElektroG3.pdf<\/a><\/p>\n<\/div>\n<\/div>\n<p>[\/vc_column_text][\/vc_column][\/vc_row]<\/p>\n<\/div>","protected":false},"excerpt":{"rendered":"<p>[vc_row][vc_column][vc_column_text] Notas sobre la eliminaci\u00f3n de bater\u00edas: Das Elektro- und Elektronikger\u00e4tegesetz (ElektroG) enth\u00e4lt eine Vielzahl von Anforderungen an den Umgang mit Elektro- und Elektronikger\u00e4ten. Die wichtigsten sind hier zusammengestellt. 1. Recepci\u00f3n por separado del material de desecho Los aparatos el\u00e9ctricos y electr\u00f3nicos que se han convertido en residuos se denominan RAEE. Los propietarios de RAEE [&hellip;]<\/p>\n","protected":false},"author":2,"featured_media":0,"parent":0,"menu_order":0,"comment_status":"closed","ping_status":"closed","template":"","meta":{"footnotes":""},"class_list":["post-9461","page","type-page","status-publish","hentry"],"jetpack_sharing_enabled":true,"_links":{"self":[{"href":"https:\/\/www.steramedig.com\/es\/wp-json\/wp\/v2\/pages\/9461","targetHints":{"allow":["GET"]}}],"collection":[{"href":"https:\/\/www.steramedig.com\/es\/wp-json\/wp\/v2\/pages"}],"about":[{"href":"https:\/\/www.steramedig.com\/es\/wp-json\/wp\/v2\/types\/page"}],"author":[{"embeddable":true,"href":"https:\/\/www.steramedig.com\/es\/wp-json\/wp\/v2\/users\/2"}],"replies":[{"embeddable":true,"href":"https:\/\/www.steramedig.com\/es\/wp-json\/wp\/v2\/comments?post=9461"}],"version-history":[{"count":8,"href":"https:\/\/www.steramedig.com\/es\/wp-json\/wp\/v2\/pages\/9461\/revisions"}],"predecessor-version":[{"id":17739,"href":"https:\/\/www.steramedig.com\/es\/wp-json\/wp\/v2\/pages\/9461\/revisions\/17739"}],"wp:attachment":[{"href":"https:\/\/www.steramedig.com\/es\/wp-json\/wp\/v2\/media?parent=9461"}],"curies":[{"name":"wp","href":"https:\/\/api.w.org\/{rel}","templated":true}]}}