{"id":7480,"date":"2016-04-10T08:37:39","date_gmt":"2016-04-10T06:37:39","guid":{"rendered":"https:\/\/www.steramedig.com\/kontakt\/"},"modified":"2024-10-14T10:01:03","modified_gmt":"2024-10-14T08:01:03","slug":"contacto","status":"publish","type":"page","link":"https:\/\/www.steramedig.com\/es\/contacto\/","title":{"rendered":"Contacto"},"content":{"rendered":"<div class=\"wpb-content-wrapper\"><p>[vc_row][vc_column][vc_single_image image=&#8221;8220&#8243; img_size=&#8221;full&#8221; style=&#8221;vc_box_rounded&#8221;][vc_row_inner el_class=&#8221;policy-contact&#8221; css=&#8221;.vc_custom_1547714693758{margin-right: 0px !important;margin-left: 0px !important;}&#8221;][vc_column_inner width=&#8221;1\/2&#8243;]\r\n<div class=\"bwp-policy layout5\">\r\n\t\t\t\t<div class=\"policy-info\">\r\n\t\t\t\t\t\t\t<h4 class=\"title-policy\"><a href=\"#\">Habla a<\/a><\/h4>\r\n\t\t\t\t\t\t\t\t\t\t<div class=\"desc-policy\">Borsigstrasse 7 - 65205 Wiesbaden<\/div>\r\n\t\t\t\t<div class=\"desc-policy\"><\/div>\r\n\t\t\t\t\t\t\t\t<\/div>\r\n\t<\/div><!-- .bwp-policy -->\r\n[\/vc_column_inner][vc_column_inner width=&#8221;1\/2&#8243;]\r\n<div class=\"bwp-policy layout5\">\r\n\t\t\t\t<div class=\"policy-info\">\r\n\t\t\t\t\t\t\t<h4 class=\"title-policy\"><a href=\"#\">Email<\/a><\/h4>\r\n\t\t\t\t\t\t\t\t\t\t<div class=\"desc-policy\">info@steramedig.com<\/div>\r\n\t\t\t\t<div class=\"desc-policy\"><\/div>\r\n\t\t\t\t\t\t\t\t<\/div>\r\n\t<\/div><!-- .bwp-policy -->\r\n[\/vc_column_inner][\/vc_row_inner][\/vc_column][\/vc_row][vc_row][vc_column][vc_empty_space][vc_column_text]<\/p>\n<h1 style=\"text-align: center;\">Contacto<\/h1>\n<p>[\/vc_column_text][vc_empty_space][vc_column_text]En caso de dudas y preguntas ofrecemos contactarnos personalmente. En ese caso puede utilizar nuestro formulario de contacto:[\/vc_column_text][vc_empty_space][\/vc_column][\/vc_row][vc_row el_class=&#8221;contact-info&#8221; css=&#8221;.vc_custom_1547717922161{margin-top: 80px !important;}&#8221;][vc_column offset=&#8221;vc_col-lg-7 vc_col-md-7&#8243;][vc_custom_heading text=&#8221;Su solicitud para Steramedig&#8221; font_container=&#8221;tag:h2|text_align:justify&#8221; use_theme_fonts=&#8221;yes&#8221; el_class=&#8221;title-contact&#8221;]\n<div class=\"wpcf7 no-js\" id=\"wpcf7-f17652-o1\" lang=\"es-ES\" dir=\"ltr\" data-wpcf7-id=\"17652\">\n<div class=\"screen-reader-response\"><p role=\"status\" aria-live=\"polite\" aria-atomic=\"true\"><\/p> <ul><\/ul><\/div>\n<form action=\"\/es\/wp-json\/wp\/v2\/pages\/7480#wpcf7-f17652-o1\" method=\"post\" class=\"wpcf7-form init\" aria-label=\"Formulario de contacto\" novalidate=\"novalidate\" data-status=\"init\">\n<fieldset class=\"hidden-fields-container\"><input type=\"hidden\" name=\"_wpcf7\" value=\"17652\" \/><input type=\"hidden\" name=\"_wpcf7_version\" value=\"6.1.5\" \/><input type=\"hidden\" name=\"_wpcf7_locale\" value=\"es_ES\" \/><input type=\"hidden\" name=\"_wpcf7_unit_tag\" value=\"wpcf7-f17652-o1\" \/><input type=\"hidden\" name=\"_wpcf7_container_post\" value=\"0\" \/><input type=\"hidden\" name=\"_wpcf7_posted_data_hash\" value=\"\" \/>\n<\/fieldset>\n<p><label>\n\t<input class=\"wpcf7-form-control wpcf7-hidden\" value=\"Kontaktformular\" type=\"hidden\" name=\"Herkunft\" \/><\/label><br \/>\n[honeypot Phone]\n<\/p>\n<div>\n\t<p><label> *Nombre de pila<\/label><br \/>\n<span class=\"wpcf7-form-control-wrap\" data-name=\"your-vorname\"><input size=\"40\" maxlength=\"400\" class=\"wpcf7-form-control wpcf7-text wpcf7-validates-as-required\" aria-required=\"true\" aria-invalid=\"false\" value=\"\" type=\"text\" name=\"your-vorname\" \/><\/span>\n\t<\/p>\n<\/div>\n<div>\n\t<p><label> *Apellido<\/label><br \/>\n<span class=\"wpcf7-form-control-wrap\" data-name=\"your-nachname\"><input size=\"40\" maxlength=\"400\" class=\"wpcf7-form-control wpcf7-text wpcf7-validates-as-required\" aria-required=\"true\" aria-invalid=\"false\" value=\"\" type=\"text\" name=\"your-nachname\" \/><\/span>\n\t<\/p>\n<\/div>\n<div>\n\t<p><label> *Direcci\u00f3n de correo<\/label><br \/>\n<span class=\"wpcf7-form-control-wrap\" data-name=\"your-email\"><input size=\"40\" maxlength=\"400\" class=\"wpcf7-form-control wpcf7-email wpcf7-validates-as-required wpcf7-text wpcf7-validates-as-email\" aria-required=\"true\" aria-invalid=\"false\" value=\"\" type=\"email\" name=\"your-email\" \/><\/span>\n\t<\/p>\n<\/div>\n<div>\n\t<p><label> *Asunto<\/label>\n\t<\/p>\n\t<div>\n\t\t<p><span class=\"wpcf7-form-control-wrap\" data-name=\"your-subject\"><input size=\"40\" maxlength=\"400\" class=\"wpcf7-form-control wpcf7-text wpcf7-validates-as-required\" aria-required=\"true\" aria-invalid=\"false\" value=\"\" type=\"text\" name=\"your-subject\" \/><\/span>\n\t\t<\/p>\n\t<\/div>\n\t<div>\n\t\t<p><span class=\"wpcf7-form-control-wrap\" data-name=\"your-message\"><textarea cols=\"40\" rows=\"10\" maxlength=\"2000\" class=\"wpcf7-form-control wpcf7-textarea wpcf7-validates-as-required\" aria-required=\"true\" aria-invalid=\"false\" name=\"your-message\"><\/textarea><\/span>\n\t\t<\/p>\n\t<\/div>\n<\/div>\n<div>\n\t<p><label> *Como supo de nosotros?<\/label><br \/>\n<span class=\"wpcf7-form-control-wrap\" data-name=\"menu-582\"><select class=\"wpcf7-form-control wpcf7-select wpcf7-validates-as-required\" aria-required=\"true\" aria-invalid=\"false\" name=\"menu-582\"><option value=\"---\">---<\/option><option value=\"Mi medico\/ terapeuta\">Mi medico\/ terapeuta<\/option><option value=\"Amigos\/ conocidos\">Amigos\/ conocidos<\/option><option value=\"Feria\/ evento\">Feria\/ evento<\/option><option value=\"Anuncio diario\/ revista\">Anuncio diario\/ revista<\/option><option value=\"Google\">Google<\/option><option value=\"Bing\">Bing<\/option><option value=\"Redes Sociales\">Redes Sociales<\/option><option value=\"Otros\">Otros<\/option><\/select><\/span>\n\t<\/p>\n<\/div>\n<div>\n\t<p><label> Otros<\/label><br \/>\n<span class=\"wpcf7-form-control-wrap\" data-name=\"text-67\"><input size=\"40\" maxlength=\"400\" class=\"wpcf7-form-control wpcf7-text\" aria-invalid=\"false\" value=\"\" type=\"text\" name=\"text-67\" \/><\/span>\n\t<\/p>\n<\/div>\n<div style=\"margin-top: 15px;\">\n\t<p><label>[cleverreach cleverreach-sign-up id:newsletter_anmeldung] Suscr\u00edbete al bolet\u00edn<\/label>\n\t<\/p>\n<\/div>\n<div style=\"width: 60ch;\">\n\t<p>Autorizo la recopilaci\u00f3n y el procesamiento de mis datos del formulario de contacto para poder responder a mi consulta. Los datos se eliminar\u00e1n una vez finalizada la gesti\u00f3n de su solicitud. Nota: Puede revocar su consentimiento para el futuro en cualquier momento enviando un correo electr\u00f3nico a <a class=\"hyperlinks\" href=\"mailto:info@steramedig.com\">info@steramedig.com<\/a>. Puede encontrar nuestra pol\u00edtica de privacidad <a class=\"hyperlinks\" href=\"https:\/\/www.steramedig.com\/es\/proteccion-de-datos\/\">aqu\u00ed.<\/a>\n\t<\/p>\n\t<p><span class=\"wpcf7-form-control-wrap\" data-name=\"acceptance-394\"><span class=\"wpcf7-form-control wpcf7-acceptance\"><span class=\"wpcf7-list-item\"><input type=\"checkbox\" name=\"acceptance-394\" value=\"1\" aria-invalid=\"false\" \/><\/span><\/span><\/span>\n\t<\/p>\n<\/div>\n<div>\n\t<p><label>Control de seguridad ingrese los caracteres:<input type=\"hidden\" name=\"_wpcf7_captcha_challenge_your-captcha-04\" value=\"4231734367\" \/><img loading=\"lazy\" decoding=\"async\" class=\"wpcf7-form-control wpcf7-captchac wpcf7-captcha-your-captcha-04\" width=\"72\" height=\"24\" alt=\"captcha\" src=\"https:\/\/www.steramedig.com\/wp-content\/uploads\/wpcf7_captcha\/4231734367.png\" \/> <span class=\"wpcf7-form-control-wrap\" data-name=\"your-captcha-04\"><input size=\"40\" class=\"wpcf7-form-control wpcf7-captchar\" autocomplete=\"off\" aria-invalid=\"false\" value=\"\" type=\"text\" name=\"your-captcha-04\" \/><\/span><\/label>\n\t<\/p>\n<\/div>\n<p><input class=\"wpcf7-form-control wpcf7-submit has-spinner\" type=\"submit\" value=\"Entregar\" \/>\n<\/p><div class=\"wpcf7-response-output\" aria-hidden=\"true\"><\/div>\n<\/form>\n<\/div>\n[\/vc_column][vc_column css=&#8221;.vc_custom_1619496464015{margin-right: 0px !important;margin-left: 0px !important;padding-top: 0px !important;background-color: #11a4df !important;}&#8221; el_class=&#8221;contact-right&#8221; offset=&#8221;vc_col-lg-5 vc_col-md-5&#8243;][\/vc_column][\/vc_row][vc_row][vc_column][vc_separator color=&#8221;custom&#8221; border_width=&#8221;2&#8243; el_width=&#8221;80&#8243; accent_color=&#8221;#11a4df&#8221;][vc_empty_space][vc_single_image image=&#8221;7589&#8243; img_size=&#8221;&#8221; alignment=&#8221;center&#8221;][vc_empty_space][\/vc_column][\/vc_row][vc_row][vc_column width=&#8221;1\/2&#8243;][vc_column_text css=&#8221;&#8221;]<\/p>\n<h2 style=\"text-align: center;\">Newsletter<\/h2>\n<p>Suscr\u00edbase a nuestro Newsletter para estar informado de nuevas fechas de cursos y eventos de Steramedig, ofertas y actuales noticias.<\/p>\n<p style=\"text-align: center;\">\n<div class=\"wpcf7 no-js\" id=\"wpcf7-f17758-o2\" lang=\"es-ES\" dir=\"ltr\" data-wpcf7-id=\"17758\">\n<div class=\"screen-reader-response\"><p role=\"status\" aria-live=\"polite\" aria-atomic=\"true\"><\/p> <ul><\/ul><\/div>\n<form action=\"\/es\/wp-json\/wp\/v2\/pages\/7480#wpcf7-f17758-o2\" method=\"post\" class=\"wpcf7-form init\" aria-label=\"Formulario de contacto\" novalidate=\"novalidate\" data-status=\"init\">\n<fieldset class=\"hidden-fields-container\"><input type=\"hidden\" name=\"_wpcf7\" value=\"17758\" \/><input type=\"hidden\" name=\"_wpcf7_version\" value=\"6.1.5\" \/><input type=\"hidden\" name=\"_wpcf7_locale\" value=\"es_ES\" \/><input type=\"hidden\" name=\"_wpcf7_unit_tag\" value=\"wpcf7-f17758-o2\" \/><input type=\"hidden\" name=\"_wpcf7_container_post\" value=\"0\" \/><input type=\"hidden\" name=\"_wpcf7_posted_data_hash\" value=\"\" \/>\n<\/fieldset>\n<p><label>\n\t<input class=\"wpcf7-form-control wpcf7-hidden\" value=\"Newsletter Anmeldung\" type=\"hidden\" name=\"Herkunft\" \/><\/label><br \/>\n[honeypot Phone]\n<\/p>\n<div class=\"sub-title\">\n\t<p>Inscripci\u00f3n Newsletter\n\t<\/p>\n<\/div>\n<div>\n\t<p><label> *Nombre de pila<\/label><br \/>\n<span class=\"wpcf7-form-control-wrap\" data-name=\"your-vorname\"><input size=\"40\" maxlength=\"400\" class=\"wpcf7-form-control wpcf7-text wpcf7-validates-as-required\" aria-required=\"true\" aria-invalid=\"false\" value=\"\" type=\"text\" name=\"your-vorname\" \/><\/span>\n\t<\/p>\n<\/div>\n<div>\n\t<p><label> *Apellido<\/label><br \/>\n<span class=\"wpcf7-form-control-wrap\" data-name=\"your-nachname\"><input size=\"40\" maxlength=\"400\" class=\"wpcf7-form-control wpcf7-text wpcf7-validates-as-required\" aria-required=\"true\" aria-invalid=\"false\" value=\"\" type=\"text\" name=\"your-nachname\" \/><\/span>\n\t<\/p>\n<\/div>\n<div>\n\t<p><label> *E-Mail<\/label><br \/>\n<span class=\"wpcf7-form-control-wrap\" data-name=\"your-email\"><input size=\"40\" maxlength=\"400\" class=\"wpcf7-form-control wpcf7-email wpcf7-validates-as-required wpcf7-text wpcf7-validates-as-email\" aria-required=\"true\" aria-invalid=\"false\" value=\"\" type=\"email\" name=\"your-email\" \/><\/span>\n\t<\/p>\n<\/div>\n<div style=\"width: 60ch;\">\n\t<p>Autorizo la recopilaci\u00f3n y el procesamiento de mis datos del formulario de contacto para poder responder a mi consulta. Los datos se eliminar\u00e1n una vez finalizada la gesti\u00f3n de su solicitud. Nota: Puede revocar su consentimiento para el futuro en cualquier momento enviando un correo electr\u00f3nico a <a class=\"hyperlinks\" href=\"mailto:info@steramedig.com\">info@steramedig.com<\/a>. Puede encontrar nuestra pol\u00edtica de privacidad <a class=\"hyperlinks\" href=\"https:\/\/steramedig.com\/es\/proteccion-de-datos\/\">aqu\u00ed.<\/a>\n\t<\/p>\n\t<p><span class=\"wpcf7-form-control-wrap\" data-name=\"acceptance-394\"><span class=\"wpcf7-form-control wpcf7-acceptance\"><span class=\"wpcf7-list-item\"><input type=\"checkbox\" name=\"acceptance-394\" value=\"1\" aria-invalid=\"false\" \/><\/span><\/span><\/span>\n\t<\/p>\n<\/div>\n<div>\n\t<p><label>Control de seguridad ingrese los caracteres: <input type=\"hidden\" name=\"_wpcf7_captcha_challenge_your-captcha-04\" value=\"2967759895\" \/><img loading=\"lazy\" decoding=\"async\" class=\"wpcf7-form-control wpcf7-captchac wpcf7-captcha-your-captcha-04\" width=\"72\" height=\"24\" alt=\"captcha\" src=\"https:\/\/www.steramedig.com\/wp-content\/uploads\/wpcf7_captcha\/2967759895.png\" \/> <span class=\"wpcf7-form-control-wrap\" data-name=\"your-captcha-04\"><input size=\"40\" class=\"wpcf7-form-control wpcf7-captchar\" autocomplete=\"off\" aria-invalid=\"false\" value=\"\" type=\"text\" name=\"your-captcha-04\" \/><\/span><\/label>\n\t<\/p>\n<\/div>\n<div style=\"margin: 15px 0;\">\n\t<p><input class=\"wpcf7-form-control wpcf7-submit has-spinner\" type=\"submit\" value=\"Inscripci\u00f3n\" \/>\n\t<\/p>\n<\/div><div class=\"wpcf7-response-output\" aria-hidden=\"true\"><\/div>\n<\/form>\n<\/div>\n<p>[\/vc_column_text][\/vc_column][vc_column width=&#8221;1\/2&#8243;][vc_single_image image=&#8221;9151&#8243; img_size=&#8221;full&#8221; style=&#8221;vc_box_rounded&#8221;][\/vc_column][\/vc_row]<\/p>\n<\/div>","protected":false},"excerpt":{"rendered":"<p>[vc_row][vc_column][vc_single_image image=&#8221;8220&#8243; img_size=&#8221;full&#8221; style=&#8221;vc_box_rounded&#8221;][vc_row_inner el_class=&#8221;policy-contact&#8221; css=&#8221;.vc_custom_1547714693758{margin-right: 0px !important;margin-left: 0px !important;}&#8221;][vc_column_inner width=&#8221;1\/2&#8243;][\/vc_column_inner][vc_column_inner width=&#8221;1\/2&#8243;][\/vc_column_inner][\/vc_row_inner][\/vc_column][\/vc_row][vc_row][vc_column][vc_empty_space][vc_column_text] Contacto [\/vc_column_text][vc_empty_space][vc_column_text]En caso de dudas y preguntas ofrecemos contactarnos personalmente. En ese caso puede utilizar nuestro formulario de contacto:[\/vc_column_text][vc_empty_space][\/vc_column][\/vc_row][vc_row el_class=&#8221;contact-info&#8221; css=&#8221;.vc_custom_1547717922161{margin-top: 80px !important;}&#8221;][vc_column offset=&#8221;vc_col-lg-7 vc_col-md-7&#8243;][vc_custom_heading text=&#8221;Su solicitud para Steramedig&#8221; font_container=&#8221;tag:h2|text_align:justify&#8221; use_theme_fonts=&#8221;yes&#8221; el_class=&#8221;title-contact&#8221;][\/vc_column][vc_column css=&#8221;.vc_custom_1619496464015{margin-right: 0px !important;margin-left: 0px !important;padding-top: 0px !important;background-color: #11a4df !important;}&#8221; el_class=&#8221;contact-right&#8221; offset=&#8221;vc_col-lg-5 [&hellip;]<\/p>\n","protected":false},"author":4638,"featured_media":0,"parent":0,"menu_order":0,"comment_status":"closed","ping_status":"closed","template":"","meta":{"footnotes":""},"class_list":["post-7480","page","type-page","status-publish","hentry"],"jetpack_sharing_enabled":true,"_links":{"self":[{"href":"https:\/\/www.steramedig.com\/es\/wp-json\/wp\/v2\/pages\/7480","targetHints":{"allow":["GET"]}}],"collection":[{"href":"https:\/\/www.steramedig.com\/es\/wp-json\/wp\/v2\/pages"}],"about":[{"href":"https:\/\/www.steramedig.com\/es\/wp-json\/wp\/v2\/types\/page"}],"author":[{"embeddable":true,"href":"https:\/\/www.steramedig.com\/es\/wp-json\/wp\/v2\/users\/4638"}],"replies":[{"embeddable":true,"href":"https:\/\/www.steramedig.com\/es\/wp-json\/wp\/v2\/comments?post=7480"}],"version-history":[{"count":28,"href":"https:\/\/www.steramedig.com\/es\/wp-json\/wp\/v2\/pages\/7480\/revisions"}],"predecessor-version":[{"id":17768,"href":"https:\/\/www.steramedig.com\/es\/wp-json\/wp\/v2\/pages\/7480\/revisions\/17768"}],"wp:attachment":[{"href":"https:\/\/www.steramedig.com\/es\/wp-json\/wp\/v2\/media?parent=7480"}],"curies":[{"name":"wp","href":"https:\/\/api.w.org\/{rel}","templated":true}]}}