{"id":7322,"date":"2025-04-30T01:57:55","date_gmt":"2025-04-29T23:57:55","guid":{"rendered":"https:\/\/www.steramedig.com\/cursos\/"},"modified":"2024-10-11T12:47:15","modified_gmt":"2024-10-11T10:47:15","slug":"cursos","status":"publish","type":"page","link":"https:\/\/www.steramedig.com\/es\/cursos\/","title":{"rendered":"CURSOS"},"content":{"rendered":"<div class=\"wpb-content-wrapper\"><p>[vc_row][vc_column][vc_single_image image=&#8221;8230&#8243; img_size=&#8221;full&#8221; style=&#8221;vc_box_rounded&#8221;][vc_empty_space][vc_column_text]<\/p>\n<h1 style=\"text-align: center;\">CURSOS DE STERAMEDIG PARA TERAPEUTAS Y USUARIOS<\/h1>\n<p>[\/vc_column_text][vc_empty_space][vc_empty_space][vc_separator color=&#8221;custom&#8221; border_width=&#8221;2&#8243; el_width=&#8221;80&#8243; accent_color=&#8221;#11a4df&#8221;][vc_empty_space][\/vc_column][\/vc_row][vc_row][vc_column][vc_column_text]Aqu\u00ed encontrar\u00e1 nuestra oferta actual de cursos sobre terapia de frecuencia dirigida.<\/p>\n<p>Cada curso contiene un amplio contenido did\u00e1ctico, cuyo objetivo es prepararle para la aplicaci\u00f3n independiente de la terapia de frecuencias dirigidas mediante la teor\u00eda y la pr\u00e1ctica. Los distintos niveles de los cursos se han elaborado en funci\u00f3n de los diferentes requisitos y necesidades. Todos los cursos tienen lugar preferentemente en fin de semana, consulte nuestro <a class=\"hyperlinks\" href=\"#50\">calendario<\/a> para conocer las fechas exactas.<\/p>\n<p>Recomendamos el <a class=\"hyperlinks\" href=\"#51\">Curso de Introducci\u00f3n<\/a> a todas las personas interesadas, con o sin conocimientos previos en la terapia de frecuencias dirigidas o en el \u00e1mbito terap\u00e9utico. Si quiere abordar el tema con orientaci\u00f3n profesional, este es el lugar adecuado para usted.<\/p>\n<p>El <a class=\"hyperlinks\" href=\"#52\">CURSO I<\/a>,<a class=\"hyperlinks\" href=\"#53\">CURSO II<\/a>, as\u00ed como el <a class=\"hyperlinks\" href=\"#54\">CURSO II<\/a>, en cambio, est\u00e1n reservados a usuarios con conocimientos previos en el \u00e1mbito terap\u00e9utico (terapeutas, m\u00e9dicos, etc.). Ampl\u00ede sus conocimientos y su horizonte con los numerosos m\u00e9todos que ofrece la terapia de frecuencias espec\u00edfica bajo la supervisi\u00f3n de un instructor profesional y competente.[\/vc_column_text][vc_empty_space][\/vc_column][\/vc_row][vc_row][vc_column][vc_column_text]<\/p>\n<hr \/>\n<p>[\/vc_column_text][vc_empty_space][vc_column_text]<\/p>\n<h2 id=\"50\" style=\"text-align: center;\">CALENDARIO DE CURSOS 2024<\/h2>\n<p>[\/vc_column_text][vc_empty_space][vc_column_text]<\/p>\n<hr \/>\n<p>[\/vc_column_text][vc_empty_space][vc_empty_space][vc_column_text]<strong>Curso:<\/strong> Introducci\u00f3n de terapias de frecuencias dirigidas para usuarios y terapeutas.<br \/>\n<strong>Fecha:<\/strong> 23.03.2024 \/\/ 13.04.2024 \/\/ 14.09.2024 \/\/ 12.10.2024<br \/>\n<strong>Horario:<\/strong> Sab 10:00-18:00<br \/>\n<strong>Lugar: <\/strong>Wiesbaden, Alemania[\/vc_column_text][vc_btn title=&#8221;RESERVA AQU\u00cd&#8221; color=&#8221;primary&#8221; link=&#8221;url:https%3A%2F%2Fwww.steramedig.com%2Fes%2Fprodukt%2Fintroduccion-de-terapias-de-frecuencias-dirigidas%2F|title:Introducci%C3%B3n%20de%20terapias%20de%20frecuencias%20dirigidas&#8221;][vc_empty_space][vc_empty_space][vc_column_text]<\/p>\n<hr \/>\n<p>[\/vc_column_text][vc_empty_space][vc_empty_space][vc_column_text]<strong>Curso:<\/strong> CURSO I: Terapia de Frecuencias Dirigidas para terapeutas.<br \/>\n<strong>Fechas: <\/strong> 27.04 &#8211; 28.04.2024 \/\/ 26.10 &#8211; 27.10.2024<br \/>\n<strong>Horario:<\/strong> Sab+Dom 10:00-18:00<br \/>\n<strong>Lugar: <\/strong>Wiesbaden, Alemania[\/vc_column_text][vc_empty_space][vc_btn title=&#8221;RESERVA AQU\u00cd&#8221; color=&#8221;primary&#8221; link=&#8221;url:https%3A%2F%2Fwww.steramedig.com%2Fes%2Fprodukt%2Fcurso-i-terapia-de-frecuencias-dirigidas-para-terapeutas%2F|title:CURSO%20I%3A%20Terapia%20de%20Frecuencias%20Dirigidas%20para%20terapeutas&#8221;][vc_empty_space][vc_empty_space][vc_column_text]<\/p>\n<hr \/>\n<p>[\/vc_column_text][vc_empty_space][vc_empty_space][vc_column_text]<strong>Curso:<\/strong> CURSO II: Terapia de Frecuencias Dirigidas para terapeutas.<br \/>\n<strong>Fechas: <\/strong> 15.06 &#8211; 16.06.2024<br \/>\n<strong>Horario:<\/strong> Sab+Dom 10:00-18:00<br \/>\n<strong>Lugar: <\/strong>Wiesbaden, Alemania[\/vc_column_text][vc_empty_space][vc_btn title=&#8221;RESERVA AQU\u00cd&#8221; color=&#8221;primary&#8221; link=&#8221;url:https%3A%2F%2Fwww.steramedig.com%2Fes%2Fprodukt%2Fcurso-ii-terapia-de-frecuencias-dirigidas-para-terapeutas%2F|title:CURSO%20II%3A%20Terapia%20de%20Frecuencias%20Dirigidas%20para%20terapeutas&#8221;][vc_empty_space][vc_empty_space][vc_column_text]<\/p>\n<hr \/>\n<p>[\/vc_column_text][vc_empty_space][vc_column_text]<\/p>\n<h2 id=\"50\" style=\"text-align: center;\">EXPOSICIONES Y EVENTOS<\/h2>\n<p>[\/vc_column_text][vc_empty_space][vc_column_text]<\/p>\n<h3 style=\"text-align: center;\">&#8211; De momento no hay previstas ferias ni actos &#8211;<\/h3>\n<p>[\/vc_column_text][\/vc_column][\/vc_row][vc_section][vc_row][vc_column width=&#8221;1\/2&#8243;][\/vc_column][\/vc_row][vc_row][vc_column][vc_empty_space][vc_separator color=&#8221;custom&#8221; border_width=&#8221;2&#8243; el_width=&#8221;80&#8243; accent_color=&#8221;#11a4df&#8221;][vc_empty_space][vc_single_image image=&#8221;7589&#8243; img_size=&#8221;&#8221; alignment=&#8221;center&#8221;][vc_empty_space][\/vc_column][\/vc_row][vc_row][vc_column][vc_column_text]<\/p>\n<h2 style=\"text-align: center;\">CURSOS ESPECIALES<\/h2>\n<p>[\/vc_column_text][vc_empty_space][vc_column_text]<\/p>\n<h3>DIAGN\u00d3STICO Y TERAPIA DE LAS VARIANTES DE CORONAVIRUS Y DE LAS COMPLICACIONES DEBIDO A LAS VACUNAS<\/h3>\n<p>[\/vc_column_text][vc_empty_space][\/vc_column][\/vc_row][vc_row][vc_column width=&#8221;2\/3&#8243;][vc_column_text]En este curso de medio d\u00eda se propondr\u00e1 el diagn\u00f3stico y la terapia de las variantes actuales del coronavirus. Tambi\u00e9n se discutir\u00e1n las diferentes complicaciones de las vacunas aprobadas.[\/vc_column_text][\/vc_column][vc_column width=&#8221;1\/3&#8243;][vc_single_image image=&#8221;12503&#8243; img_size=&#8221;&#8221; alignment=&#8221;right&#8221;][\/vc_column][\/vc_row][vc_row][vc_column][vc_empty_space][vc_column_text]<strong>DURACI\u00d3N:<\/strong>\u00a0Medio d\u00eda, incl. snacks veganos, refrescos y caf\u00e9.<\/p>\n<p><strong>PRECIO:<\/strong>\u00a0<strong>178,50\u20ac <\/strong>incl. IVA.<\/p>\n<p><strong>FECHAS: <\/strong>Por confirmar[\/vc_column_text][vc_empty_space][vc_btn title=&#8221;RESERVA AQU\u00cd&#8221; style=&#8221;classic&#8221; color=&#8221;primary&#8221; link=&#8221;url:https%3A%2F%2Fwww.steramedig.com%2Fes%2Fprodukt%2Fcurso-especial-diagnostico-y-terapia-de-las-variantes-de-coronavirus%2F|title:Curso%20especial%20%E2%80%93%20Diagn%C3%B3stico%20y%20terapia%20de%20las%20variantes%20de%20Coronavirus%20y%20de%20las%20complicaciones%20debido%20a%20las%20vacunas&#8221;][vc_empty_space][\/vc_column][\/vc_row][vc_row][vc_column][vc_separator color=&#8221;custom&#8221; border_width=&#8221;2&#8243; el_width=&#8221;80&#8243; accent_color=&#8221;#11a4df&#8221;][vc_empty_space][vc_single_image image=&#8221;7589&#8243; img_size=&#8221;&#8221; alignment=&#8221;center&#8221;][vc_empty_space][\/vc_column][\/vc_row][\/vc_section][vc_section][vc_row][vc_column][vc_column_text]<\/p>\n<h2 style=\"text-align: center;\"><strong>PARA USUARIOS Y TERAPEUTAS<\/strong><\/h2>\n<p>[\/vc_column_text][vc_empty_space][vc_column_text]<\/p>\n<h3 id=\"51\">CURSO DE INTRODUCCI\u00d3N: TERAPIA DE FRECUENCIA DIRIGIDA PARA USUARIOS Y TERAP\u00c9UTAS<\/h3>\n<p>[\/vc_column_text][vc_empty_space][\/vc_column][\/vc_row][vc_row][vc_column width=&#8221;2\/3&#8243;][vc_column_text]En este curso de un d\u00eda aprender\u00e1 los fundamentos de la terapia de frecuencia dirigida. Incluye tanto la teor\u00eda introductoria, as\u00ed como la pr\u00e1ctica b\u00e1sica. Es ideal para cualquier persona que desee conocer la base de la aplicaci\u00f3n de terapia de frecuencia dirigida.<\/p>\n<p>Bajo la supervisi\u00f3n de un profesional y competente instructor, conocer\u00e1 las m\u00faltiples posibilidades de este m\u00e9todo \u00fanico.[\/vc_column_text][\/vc_column][vc_column width=&#8221;1\/3&#8243;][vc_single_image image=&#8221;7224&#8243; img_size=&#8221;&#8221; alignment=&#8221;right&#8221;][\/vc_column][\/vc_row][vc_row][vc_column width=&#8221;1\/3&#8243;][\/vc_column][vc_column width=&#8221;2\/3&#8243;][vc_empty_space][vc_column_text]<\/p>\n<h3 style=\"text-align: right;\">CONTENIDO CURSO DE INTRODUCCI\u00d3N<\/h3>\n<p>[\/vc_column_text][vc_empty_space][\/vc_column][\/vc_row][vc_row][vc_column width=&#8221;1\/3&#8243;][vc_single_image image=&#8221;8768&#8243; img_size=&#8221;300&#215;300&#8243;][\/vc_column][vc_column width=&#8221;2\/3&#8243;][vc_column_text]<\/p>\n<ul>\n<li>Introducci\u00f3n a los fundamentos de la terapia de frecuencia<\/li>\n<li>\u00bfPor qu\u00e9 funcionan las frecuencias dirigidas.<\/li>\n<li>Aprendizaje de los procedimientos de test energ\u00e9tico (trabajo con el tensor, kinesiolog\u00eda, EAV).<\/li>\n<li>Manejo del generador de frecuencia (zapper) con tarjetas chip preprogramadas.<\/li>\n<li>Diagn\u00f3stico y terapia de infecciones, enfermedades y complicaciones de vacunaci\u00f3n.<\/li>\n<li>Discusi\u00f3n de temas actuales: situaci\u00f3n Covid-19.<\/li>\n<\/ul>\n<p>[\/vc_column_text][\/vc_column][\/vc_row][vc_row][vc_column][vc_empty_space][vc_column_text]<strong>DURACI\u00d3N: <\/strong>1 d\u00eda, incluye almuerzo vegano, refrescos y caf\u00e9.<\/p>\n<p><strong>PRECIO:\u00a0357,00\u20ac<\/strong> incl. IVA.<\/p>\n<p><strong>FECHAS:<\/strong>\u00a002.09.2023 \/\/ 16.09.2023<\/p>\n<p><strong>HORARIOS:<\/strong>\u00a0Sab 10:00-18:00[\/vc_column_text][vc_empty_space][vc_btn title=&#8221;RESERVA AQU\u00cd&#8221; style=&#8221;classic&#8221; color=&#8221;primary&#8221; link=&#8221;url:https%3A%2F%2Fwww.steramedig.com%2Fen%2Fprodukt%2Fintroduction-course-targeted-frequency-therapy%2F|title:Curso%20de%20Introducci%C3%B3n%20terapia%20de%20frecuencia%20dirigida|&#8221;][vc_empty_space][\/vc_column][\/vc_row][vc_row][vc_column][vc_separator color=&#8221;custom&#8221; border_width=&#8221;2&#8243; el_width=&#8221;80&#8243; accent_color=&#8221;#11a4df&#8221;][vc_empty_space][vc_single_image image=&#8221;7589&#8243; img_size=&#8221;&#8221; alignment=&#8221;center&#8221;][vc_empty_space][\/vc_column][\/vc_row][\/vc_section][vc_section][vc_row][vc_column][vc_column_text]<\/p>\n<h2 style=\"text-align: center;\"><strong>PARA TERAPEUTAS ACREDITADOS, M\u00c9DICOS Y GRADUADOS DEL CURSO INTRODUCCION DE STERAMEDIG<\/strong><\/h2>\n<p>[\/vc_column_text][vc_empty_space][vc_column_text]<\/p>\n<h3 id=\"52\">CURSO I: TERAPIA DE FRECUENCIA DIRIGIDA PARA TERAPEUTAS<\/h3>\n<p>[\/vc_column_text][vc_empty_space][\/vc_column][\/vc_row][vc_row][vc_column width=&#8221;2\/3&#8243;][vc_column_text]El CURSO I de Steramedig de un d\u00eda y medio se basa en la experiencia y los conocimientos adquiridos en el curso de introducci\u00f3n. Junto con otros participantes del grupo, aprender\u00e1, entre otras cosas, los m\u00e9todos de diagn\u00f3stico, as\u00ed como la determinaci\u00f3n de las terapias para los trastornos org\u00e1nicos y funcionales.<\/p>\n<p>Adquiera los nuevos conocimientos junto a muchos ejercicios pr\u00e1cticos para consolidar lo que ha aprendido.<\/p>\n<p>El prerrequisito para participar en este curso es haber completado con \u00e9xito el <a class=\"hyperlinks\" href=\"https:\/\/www.steramedig.com\/es\/produkt\/introduction-course-targeted-frequency-therapy\/\">curso de introducci\u00f3n.<\/a>[\/vc_column_text][\/vc_column][vc_column width=&#8221;1\/3&#8243;][vc_single_image image=&#8221;11022&#8243; img_size=&#8221;&#8221; alignment=&#8221;right&#8221;][\/vc_column][\/vc_row][vc_row][vc_column width=&#8221;1\/3&#8243;][\/vc_column][vc_column width=&#8221;2\/3&#8243;][vc_empty_space][vc_column_text]<\/p>\n<h3 style=\"text-align: right;\">CONTENIDO DEL CURSO I<\/h3>\n<p>[\/vc_column_text][vc_empty_space][\/vc_column][\/vc_row][vc_row][vc_column width=&#8221;1\/3&#8243;][vc_single_image image=&#8221;8254&#8243; img_size=&#8221;300&#215;300&#8243;][\/vc_column][vc_column width=&#8221;2\/3&#8243;][vc_column_text]<\/p>\n<ul>\n<li>Programaci\u00f3n de frecuencias individuales con un dispositivo de programaci\u00f3n.<\/li>\n<li>Posibilidades y l\u00edmites del tratamiento, selecci\u00f3n de pacientes.<\/li>\n<li>Explicaci\u00f3n del m\u00e9todo, cooperaci\u00f3n del paciente.<\/li>\n<li>Inclusi\u00f3n en el concepto de terapia, cumplimiento de requisitos.<\/li>\n<li>Importancia de la nutrici\u00f3n y de las terapias regulares<\/li>\n<li>Reconocimiento de los bloqueos y su eliminaci\u00f3n.<\/li>\n<li>Profundizaci\u00f3n del trabajo con tarjetas chip pre-programadas.<\/li>\n<li>Ejercicios pr\u00e1cticos con el tensor en fichas contra g\u00e9rmenes, enfermedades, etc.<\/li>\n<li>Aplicaciones pr\u00e1cticas de la terapia de frecuencia dirigida en el diagn\u00f3stico y la terapia con referencia a los problemas actuales de Covid 19.<\/li>\n<\/ul>\n<p>[\/vc_column_text][\/vc_column][\/vc_row][vc_row][vc_column][vc_empty_space][vc_column_text]<strong>DURACI\u00d3N: <\/strong>2 d\u00edas, incluye almuerzo vegano, refrescos y caf\u00e9.<\/p>\n<p><strong>PRECIO:<\/strong> <strong>714,00\u20ac<\/strong> incl. IVA.<\/p>\n<p><strong>FECHAS: <\/strong>14.-15.10.2023<\/p>\n<p><strong>HORARIOS:<\/strong>\u00a0Sab+Dom 10:00-18:00[\/vc_column_text][vc_empty_space][vc_btn title=&#8221;RESERVA AQU\u00cd&#8221; style=&#8221;classic&#8221; color=&#8221;primary&#8221; link=&#8221;url:https%3A%2F%2Fwww.steramedig.com%2Fen%2Fprodukt%2Fcourse-i-targeted-frequency-therapy-for-therapists%2F|title:CURSO%20I%3A%20Terapia%20de%20frecuencia%20dirigida%20para%20terapeutas|&#8221;][vc_empty_space][\/vc_column][\/vc_row][vc_row][vc_column][vc_separator color=&#8221;custom&#8221; border_width=&#8221;2&#8243; el_width=&#8221;80&#8243; accent_color=&#8221;#11a4df&#8221;][vc_empty_space][vc_single_image image=&#8221;7589&#8243; img_size=&#8221;&#8221; alignment=&#8221;center&#8221;][vc_empty_space][\/vc_column][\/vc_row][\/vc_section][vc_section][vc_row][vc_column][vc_column_text]<\/p>\n<h2 style=\"text-align: center;\"><strong>\u00a0PARA TERAPEUTAS Y M\u00c9DICOS ACREDITADOS<\/strong><\/h2>\n<p>[\/vc_column_text][vc_empty_space][vc_column_text]<\/p>\n<h3 id=\"53\">CURSO II: TERAPIA DE FRECUENCIA DIRIGIDA PARA TERAPEUTAS<\/h3>\n<p>[\/vc_column_text][vc_empty_space][\/vc_column][\/vc_row][vc_row][vc_column width=&#8221;2\/3&#8243;][vc_column_text]El CURSO II de Steramedig, que tiene una duraci\u00f3n de 2 d\u00edas, va destinado a terapeutas y se basa en la experiencia y los conocimientos adquiridos en el Curso I &#8220;Terapia de Frecuencia Dirigida para Terapeutas&#8221;.<\/p>\n<p>En un grupo reducido, se ense\u00f1an aplicaciones avanzadas de procedimientos de test energ\u00e9ticos, as\u00ed como la b\u00fasqueda de nuevas frecuencias. El CURSO II est\u00e1 reservado a terapeutas y m\u00e9dicos con experiencia &#8211; se requiere un comprobante en el momento de la inscripci\u00f3n.[\/vc_column_text][\/vc_column][vc_column width=&#8221;1\/3&#8243;][vc_single_image image=&#8221;11023&#8243; img_size=&#8221;&#8221; alignment=&#8221;right&#8221;][\/vc_column][\/vc_row][vc_row][vc_column width=&#8221;1\/3&#8243;][\/vc_column][vc_column width=&#8221;2\/3&#8243;][vc_empty_space][vc_column_text]<\/p>\n<h3 style=\"text-align: right;\">CONTENIDOS DEL CURSO II<\/h3>\n<p>[\/vc_column_text][vc_empty_space][\/vc_column][\/vc_row][vc_row][vc_column width=&#8221;1\/3&#8243;][vc_single_image image=&#8221;8231&#8243; img_size=&#8221;300&#215;300&#8243;][\/vc_column][vc_column width=&#8221;2\/3&#8243;][vc_column_text]<\/p>\n<ul>\n<li>Profundizaci\u00f3n de los conocimientos adquiridos en la terapia de frecuencias dirigidas.<\/li>\n<li>Determinaci\u00f3n y comprobaci\u00f3n de g\u00e9rmenes nuevos y desconocidos y sus frecuencias.<\/li>\n<li>Aprendizaje de localizaci\u00f3n aut\u00f3noma de nuevas frecuencias.<\/li>\n<li>Ejercicios pr\u00e1cticos con el tensor en fichas contra g\u00e9rmenes, enfermedades, etc.<\/li>\n<\/ul>\n<p>[\/vc_column_text][\/vc_column][\/vc_row][vc_row][vc_column][vc_empty_space][vc_column_text]<strong>DURACI\u00d3N: <\/strong> 3 d\u00edas, incluye almuerzo vegano, refrescos y hora de caf\u00e9.<\/p>\n<p><strong>PRECIO:<\/strong> <strong>714,00 \u20ac <\/strong> incl. IVA.<\/p>\n<p><strong>FECHAS:<\/strong> 17.06-18.06.2023<\/p>\n<p><strong>HORARIOS:<\/strong>\u00a0Sab+Dom 10:00-18:00[\/vc_column_text][vc_empty_space][vc_btn title=&#8221;RESERVA AQU\u00cd&#8221; style=&#8221;classic&#8221; color=&#8221;primary&#8221; link=&#8221;url:https%3A%2F%2Fwww.steramedig.com%2Fen%2Fprodukt%2Fcourse-ii-targeted-trequency-therapy-for-therapists%2F|title:CURSO%20II%3A%20Terapia%20de%20frecuencia%20dirigida%20para%20terapeutas|&#8221;][vc_empty_space][\/vc_column][\/vc_row][vc_row][vc_column][vc_separator color=&#8221;custom&#8221; border_width=&#8221;2&#8243; el_width=&#8221;80&#8243; accent_color=&#8221;#11a4df&#8221;][vc_empty_space][vc_single_image image=&#8221;7589&#8243; img_size=&#8221;&#8221; alignment=&#8221;center&#8221;][vc_empty_space][\/vc_column][\/vc_row][\/vc_section][vc_section][vc_row][vc_column][vc_column_text]<\/p>\n<h2 style=\"text-align: center;\"><strong>\u00a0PARA TERAPEUTAS Y M\u00c9DICOS ACREDITADOS<\/strong><\/h2>\n<p>[\/vc_column_text][vc_empty_space][vc_column_text]<\/p>\n<h3 id=\"54\">CURSO III: TERAPIA DE FRECUENCIA DIRIGIDA PARA TERAPEUTAS<\/h3>\n<p>[\/vc_column_text][vc_empty_space][\/vc_column][\/vc_row][vc_row][vc_column width=&#8221;2\/3&#8243;][vc_column_text]El CURSO III Steramedig, de 3 d\u00edas de duraci\u00f3n, est\u00e1 destinado a terapeutas con experiencia y se basa en los conocimientos adquiridos en el curso II &#8220;Terapia de frecuencia dirigida para terapeutas&#8221;. Teor\u00eda y pr\u00e1ctica est\u00e1n en armon\u00eda para poder interiorizar de forma \u00f3ptima las t\u00e9cnicas transmitidas.<\/p>\n<p>La atenci\u00f3n se centrar\u00e1 en la aplicaci\u00f3n de la terapia de frecuencia dirigida en cuadros cl\u00ednicos complejos, por ejemplo, en diversas enfermedades tumorales. En un grupo reducido de alumnos, se explican las posibilidades y los l\u00edmites de la terapia de frecuencia dirigida.<\/p>\n<p>El CURSO III est\u00e1 reservado a terapeutas y m\u00e9dicos con experiencia. Se requiere una comprobante en el momento de la inscripci\u00f3n.[\/vc_column_text][\/vc_column][vc_column width=&#8221;1\/3&#8243;][vc_single_image image=&#8221;11024&#8243; img_size=&#8221;&#8221; alignment=&#8221;right&#8221;][\/vc_column][\/vc_row][vc_row][vc_column width=&#8221;1\/3&#8243;][\/vc_column][vc_column width=&#8221;2\/3&#8243;][vc_empty_space][vc_column_text]<\/p>\n<h3 style=\"text-align: right;\">CONTENIDOS DEL CURSO III<\/h3>\n<p>[\/vc_column_text][vc_empty_space][\/vc_column][\/vc_row][vc_row][vc_column width=&#8221;1\/3&#8243;][vc_single_image image=&#8221;8232&#8243; img_size=&#8221;300&#215;300&#8243;][\/vc_column][vc_column width=&#8221;2\/3&#8243;][vc_column_text]<\/p>\n<ul>\n<li>Aplicaci\u00f3n de la terapia de frecuencia dirigida en diversas enfermedades tumorales.<\/li>\n<li>Posibilidades y l\u00edmites de aplicaci\u00f3n en enfermedades tumorales.<\/li>\n<li>Prevenci\u00f3n y tratamiento de enfermedades tumorales directamente en el paciente.<\/li>\n<li>Causas de las enfermedades tumorales y tratamientos dirigidos.<\/li>\n<li>Ejercicios pr\u00e1cticos con el tensor en fichas contra g\u00e9rmenes, enfermedades.<\/li>\n<\/ul>\n<p>[\/vc_column_text][\/vc_column][\/vc_row][vc_row][vc_column][vc_empty_space][vc_column_text]<strong>DURACI\u00d3N: <\/strong> 3 d\u00edas, incluye almuerzo vegano, refrescos y hora de caf\u00e9.<\/p>\n<p><strong>PRECIO:<\/strong> <strong>1071,00\u20ac <\/strong> incl. IVA.<\/p>\n<p><strong>FECHAS:<\/strong> Por confirmar.[\/vc_column_text][vc_empty_space][vc_btn title=&#8221;RESERVA AQU\u00cd&#8221; style=&#8221;classic&#8221; color=&#8221;primary&#8221; link=&#8221;url:https%3A%2F%2Fwww.steramedig.com%2Fen%2Fprodukt%2Fcourse-iii-targeted-trequency-therapy-for-therapists%2F|title:CURSO%20III%3A%20Terapia%20de%20frecuencia%20dirigida%20para%20terapeutas|&#8221;][vc_empty_space][\/vc_column][\/vc_row][\/vc_section][vc_row][vc_column][vc_separator color=&#8221;custom&#8221; border_width=&#8221;2&#8243; el_width=&#8221;80&#8243; accent_color=&#8221;#11a4df&#8221;][vc_empty_space][vc_column_text]<\/p>\n<h3><strong>Indicaci\u00f3n sobre nuestros productos <\/strong><\/h3>\n<p>No se hacen promesas de curaci\u00f3n al utilizar cualquiera de los productos de Steramedig GmbH. Las afirmaciones realizadas aqu\u00ed sobre la terapia de frecuencia dirigida, as\u00ed como los productos asociados, se basan en conocimientos m\u00e9dicos alternativos que no est\u00e1n reconocidos por la llamada medicina convencional. Las afirmaciones realizadas sobre las indicaciones y la eficacia, as\u00ed como las aplicaciones de los productos que aqu\u00ed se enumeran, no sustituyen el tratamiento por parte de un m\u00e9dico, terapeuta o profesional no m\u00e9dico. Esto tambi\u00e9n se aplica a los tensores de varillas angulares o a los neutralizadores de electrosmog (E-Smog Eraser). El usuario es responsable del uso y la elecci\u00f3n de la aplicaci\u00f3n correcta.[\/vc_column_text][\/vc_column][\/vc_row]<\/p>\n<\/div>","protected":false},"excerpt":{"rendered":"<p>[vc_row][vc_column][vc_single_image image=&#8221;8230&#8243; img_size=&#8221;full&#8221; style=&#8221;vc_box_rounded&#8221;][vc_empty_space][vc_column_text] CURSOS DE STERAMEDIG PARA TERAPEUTAS Y USUARIOS [\/vc_column_text][vc_empty_space][vc_empty_space][vc_separator color=&#8221;custom&#8221; border_width=&#8221;2&#8243; el_width=&#8221;80&#8243; accent_color=&#8221;#11a4df&#8221;][vc_empty_space][\/vc_column][\/vc_row][vc_row][vc_column][vc_column_text]Aqu\u00ed encontrar\u00e1 nuestra oferta actual de cursos sobre terapia de frecuencia dirigida. Cada curso contiene un amplio contenido did\u00e1ctico, cuyo objetivo es prepararle para la aplicaci\u00f3n independiente de la terapia de frecuencias dirigidas mediante la teor\u00eda y la pr\u00e1ctica. Los [&hellip;]<\/p>\n","protected":false},"author":4638,"featured_media":0,"parent":0,"menu_order":0,"comment_status":"closed","ping_status":"closed","template":"","meta":{"footnotes":""},"class_list":["post-7322","page","type-page","status-publish","hentry"],"jetpack_sharing_enabled":true,"_links":{"self":[{"href":"https:\/\/www.steramedig.com\/es\/wp-json\/wp\/v2\/pages\/7322","targetHints":{"allow":["GET"]}}],"collection":[{"href":"https:\/\/www.steramedig.com\/es\/wp-json\/wp\/v2\/pages"}],"about":[{"href":"https:\/\/www.steramedig.com\/es\/wp-json\/wp\/v2\/types\/page"}],"author":[{"embeddable":true,"href":"https:\/\/www.steramedig.com\/es\/wp-json\/wp\/v2\/users\/4638"}],"replies":[{"embeddable":true,"href":"https:\/\/www.steramedig.com\/es\/wp-json\/wp\/v2\/comments?post=7322"}],"version-history":[{"count":145,"href":"https:\/\/www.steramedig.com\/es\/wp-json\/wp\/v2\/pages\/7322\/revisions"}],"predecessor-version":[{"id":17741,"href":"https:\/\/www.steramedig.com\/es\/wp-json\/wp\/v2\/pages\/7322\/revisions\/17741"}],"wp:attachment":[{"href":"https:\/\/www.steramedig.com\/es\/wp-json\/wp\/v2\/media?parent=7322"}],"curies":[{"name":"wp","href":"https:\/\/api.w.org\/{rel}","templated":true}]}}