{"id":12262,"date":"2021-10-08T06:23:52","date_gmt":"2021-10-08T04:23:52","guid":{"rendered":"https:\/\/www.steramedig.com\/wir-ueber-uns\/"},"modified":"2024-10-11T12:52:07","modified_gmt":"2024-10-11T10:52:07","slug":"nosotros-steramedig-2","status":"publish","type":"page","link":"https:\/\/www.steramedig.com\/es\/nosotros-steramedig-2\/","title":{"rendered":"Nosotros"},"content":{"rendered":"<div class=\"wpb-content-wrapper\"><p>[vc_row el_class=&#8221;about-middle&#8221;][vc_column][vc_single_image image=&#8221;8240&#8243; img_size=&#8221;full&#8221; style=&#8221;vc_box_rounded&#8221;][vc_empty_space][vc_column_text]<\/p>\n<h1 style=\"text-align: center;\">SOBRE STERAMEDIG\u00ae<\/h1>\n<p>[\/vc_column_text][vc_empty_space][vc_empty_space][vc_separator color=&#8221;custom&#8221; border_width=&#8221;2&#8243; el_width=&#8221;80&#8243; accent_color=&#8221;#11a4df&#8221;][vc_empty_space][vc_empty_space][vc_row_inner][vc_column_inner width=&#8221;1\/2&#8243;][vc_single_image image=&#8221;8819&#8243; img_size=&#8221;535&#215;410&#8243; style=&#8221;vc_box_rounded&#8221;][\/vc_column_inner][vc_column_inner width=&#8221;1\/2&#8243;][vc_column_text]<\/p>\n<h2>SOBRE STERAMEDIG\u00ae<\/h2>\n<p>Steramedig\u00ae lo asesora a usted, en su funci\u00f3n de usuario y terapeuta, para el correcto manejo de la terapia de frecuencia dirigida.<\/p>\n<p>Adem\u00e1s, ofrecemos un extenso programa de formaci\u00f3n, as\u00ed como art\u00edculos adquiribles que son necesarios para la aplicaci\u00f3n.<\/p>\n<p>No estamos asociados a una organizaci\u00f3n, ni a una comunidad religiosa. Solo nos motiva el compromiso hacia a la salud de todos.[\/vc_column_text][\/vc_column_inner][\/vc_row_inner][vc_empty_space][vc_separator color=&#8221;custom&#8221; border_width=&#8221;2&#8243; el_width=&#8221;80&#8243; accent_color=&#8221;#11a4df&#8221;][vc_empty_space][vc_single_image image=&#8221;7589&#8243; img_size=&#8221;medium&#8221; alignment=&#8221;center&#8221;][vc_empty_space][vc_row_inner][vc_column_inner width=&#8221;1\/2&#8243;][vc_column_text]<\/p>\n<h2>\u00bfQU\u00c9 ES LA TERAPIA DE FRECUENCIA DIRIGIDA?<\/h2>\n<p>La terapia de frecuencia dirigida es una forma innovadora de tratamiento en la que los g\u00e9rmenes son atacados y destruidos a trav\u00e9s de resonancias. Mediante los llamados generadores de frecuencia (zapper) se produce una cat\u00e1strofe de resonancia, que se lleva a cabo con frecuencias el\u00e9ctricas especiales emitidas por el dispositivo. <\/p>\n<p>El m\u00e9todo y el principio fueron inventados por la Dra. Hulda R. Clark, una bi\u00f3loga humana canadiense, en los a\u00f1os 60. El doctor Stefan Rastocny ha seguido desarrollando el m\u00e9todo y lo ha aplicado cl\u00ednicamente en su consulta m\u00e9dica durante m\u00e1s de 15 a\u00f1os.<\/p>\n<p>Mientras tanto, muchas de las frecuencias utilizadas, con algunas excepciones, han sido descubiertas por el propio Dr. Rastocny y han sido aplicadas en m\u00faltiples ocasiones, comprobando as\u00ed su eficacia. Para profundizar en el tema, recomendamos el libro <a class=\"hyperlinks\" href=\"https:\/\/www.steramedig.com\/produkt\/book-health-for-all-discover-the-root-causes-of-our-diseases-german-version\/\">La Salud es para Todos<\/a>, disponible en la tienda, como lectura introductoria, as\u00ed como el manual gratuito <a class=\"hyperlinks\" href=\"https:\/\/www.steramedig.com\/es\/downloads\/\">Instrucciones para la terapia de frecuencias dirigidas con frecuencias el\u00e9ctricas<\/a> en tarjetas de chip Steramedig programadas, que se puede descargar aqu\u00ed.[\/vc_column_text][\/vc_column_inner][vc_column_inner width=&#8221;1\/2&#8243;][vc_empty_space][vc_single_image image=&#8221;8840&#8243; img_size=&#8221;535&#215;410&#8243; alignment=&#8221;right&#8221; style=&#8221;vc_box_rounded&#8221;][\/vc_column_inner][\/vc_row_inner][vc_empty_space][vc_separator color=&#8221;custom&#8221; border_width=&#8221;2&#8243; el_width=&#8221;80&#8243; accent_color=&#8221;#11a4df&#8221;][vc_empty_space][vc_single_image image=&#8221;7589&#8243; img_size=&#8221;medium&#8221; alignment=&#8221;center&#8221;][vc_empty_space][vc_row_inner][vc_column_inner width=&#8221;1\/2&#8243;][vc_empty_space][vc_single_image image=&#8221;8833&#8243; img_size=&#8221;535&#215;410&#8243; style=&#8221;vc_box_rounded&#8221;][\/vc_column_inner][vc_column_inner width=&#8221;1\/2&#8243;][vc_column_text]<\/p>\n<h2>NUESTRA MISI\u00d3N<\/h2>\n<p>Nuestra prioridad es introducir hacia un estilo de vida hol\u00edstico que incluya una dieta integral basada en vegetales, evitar las toxinas ambientales, asegurar un entorno de baja radiaci\u00f3n y una reducci\u00f3n de las exposiciones infecciosas que puede lograrse utilizando la terapia de frecuencia del Dr. Rastocny y sin riesgos.<\/p>\n<p>Como usuario y terapeuta de la terapia de frecuencia dirigida, le ofrecemos la posibilidad de encontrar soluciones alternativas para los problemas de salud.<\/p>\n<p>Generamos nuestra experiencia sobre la base de un principio sencillo: encontrar las causas de los trastornos de la salud de forma espec\u00edfica, considerando los s\u00edntomas como pistas valiosas para la soluci\u00f3n de las enfermedades. En lugar de suprimir los s\u00edntomas, los trastornos de salud se eliminan puntualmente una vez que \u00e9stos sean identificados.[\/vc_column_text][\/vc_column_inner][\/vc_row_inner][vc_empty_space][vc_separator color=&#8221;custom&#8221; border_width=&#8221;2&#8243; el_width=&#8221;80&#8243; accent_color=&#8221;#11a4df&#8221;][vc_empty_space][vc_single_image image=&#8221;7589&#8243; img_size=&#8221;medium&#8221; alignment=&#8221;center&#8221;][vc_empty_space][vc_row_inner][vc_column_inner width=&#8221;1\/2&#8243;][vc_column_text]<\/p>\n<h2>NUESTRA FILOSOF\u00cdA<\/h2>\n<p>La buena salud, la seguridad y la confianza son nuestras principales prioridades. En la terapia de frecuencia dirigida, usted como persona, as\u00ed como tambi\u00e9n su entorno, son el centro de inter\u00e9s. La terapia de frecuencias dirigidas es una disciplina y una filosof\u00eda de vida que no s\u00f3lo promueve y respeta la salud de nosotros, los humanos, sino que tambi\u00e9n beneficia a nuestro entorno, incluyendo la flora y la fauna.<\/p>\n<p>Steramedig\u00ae se encuentra constantemente comprometido con el desarrollo de la terapia de frecuencia dirigida. Actualizamos diariamente nuestros conocimientos y los hallazgos de largos a\u00f1os de experiencia nos permiten actuar como asesores competentes para entregar la oportunidad de lograr una mejor calidad de vida mediante conceptos hol\u00edsticos.[\/vc_column_text][\/vc_column_inner][vc_column_inner width=&#8221;1\/2&#8243;][vc_empty_space][vc_single_image image=&#8221;8826&#8243; img_size=&#8221;535&#215;410&#8243; alignment=&#8221;right&#8221; style=&#8221;vc_box_rounded&#8221;][\/vc_column_inner][\/vc_row_inner][\/vc_column][\/vc_row][vc_row][vc_column][vc_empty_space][vc_separator color=&#8221;custom&#8221; border_width=&#8221;2&#8243; el_width=&#8221;80&#8243; accent_color=&#8221;#11a4df&#8221;][vc_empty_space][vc_single_image image=&#8221;7589&#8243; img_size=&#8221;medium&#8221; alignment=&#8221;center&#8221;][vc_empty_space][vc_column_text]<\/p>\n<p><strong>Indicaci\u00f3n sobre nuestros productos<\/strong><\/p>\n<p>No se hacen promesas de curaci\u00f3n al utilizar cualquiera de los productos de Steramedig GmbH. Las afirmaciones realizadas aqu\u00ed sobre la terapia de frecuencia dirigida, as\u00ed como los productos asociados, se basan en conocimientos m\u00e9dicos alternativos que no est\u00e1n reconocidos por la llamada medicina convencional. Las afirmaciones realizadas sobre las indicaciones y la eficacia, as\u00ed como las aplicaciones de los productos que aqu\u00ed se enumeran, no sustituyen el tratamiento por parte de un m\u00e9dico, terapeuta o profesional no m\u00e9dico. Esto tambi\u00e9n se aplica a los tensores de varillas angulares o a los neutralizadores de electrosmog (E-Smog Eraser). El usuario es responsable del uso y la elecci\u00f3n de la aplicaci\u00f3n correcta.<\/p>\n<p>[\/vc_column_text][\/vc_column][\/vc_row]<\/p>\n<\/div>","protected":false},"excerpt":{"rendered":"<p>[vc_row el_class=&#8221;about-middle&#8221;][vc_column][vc_single_image image=&#8221;8240&#8243; img_size=&#8221;full&#8221; style=&#8221;vc_box_rounded&#8221;][vc_empty_space][vc_column_text] SOBRE STERAMEDIG\u00ae [\/vc_column_text][vc_empty_space][vc_empty_space][vc_separator color=&#8221;custom&#8221; border_width=&#8221;2&#8243; el_width=&#8221;80&#8243; accent_color=&#8221;#11a4df&#8221;][vc_empty_space][vc_empty_space][vc_row_inner][vc_column_inner width=&#8221;1\/2&#8243;][vc_single_image image=&#8221;8819&#8243; img_size=&#8221;535&#215;410&#8243; style=&#8221;vc_box_rounded&#8221;][\/vc_column_inner][vc_column_inner width=&#8221;1\/2&#8243;][vc_column_text] SOBRE STERAMEDIG\u00ae Steramedig\u00ae lo asesora a usted, en su funci\u00f3n de usuario y terapeuta, para el correcto manejo de la terapia de frecuencia dirigida. Adem\u00e1s, ofrecemos un extenso programa de formaci\u00f3n, as\u00ed como art\u00edculos adquiribles que son necesarios [&hellip;]<\/p>\n","protected":false},"author":4638,"featured_media":0,"parent":0,"menu_order":0,"comment_status":"closed","ping_status":"closed","template":"","meta":{"footnotes":""},"class_list":["post-12262","page","type-page","status-publish","hentry"],"jetpack_sharing_enabled":true,"_links":{"self":[{"href":"https:\/\/www.steramedig.com\/es\/wp-json\/wp\/v2\/pages\/12262","targetHints":{"allow":["GET"]}}],"collection":[{"href":"https:\/\/www.steramedig.com\/es\/wp-json\/wp\/v2\/pages"}],"about":[{"href":"https:\/\/www.steramedig.com\/es\/wp-json\/wp\/v2\/types\/page"}],"author":[{"embeddable":true,"href":"https:\/\/www.steramedig.com\/es\/wp-json\/wp\/v2\/users\/4638"}],"replies":[{"embeddable":true,"href":"https:\/\/www.steramedig.com\/es\/wp-json\/wp\/v2\/comments?post=12262"}],"version-history":[{"count":12,"href":"https:\/\/www.steramedig.com\/es\/wp-json\/wp\/v2\/pages\/12262\/revisions"}],"predecessor-version":[{"id":17746,"href":"https:\/\/www.steramedig.com\/es\/wp-json\/wp\/v2\/pages\/12262\/revisions\/17746"}],"wp:attachment":[{"href":"https:\/\/www.steramedig.com\/es\/wp-json\/wp\/v2\/media?parent=12262"}],"curies":[{"name":"wp","href":"https:\/\/api.w.org\/{rel}","templated":true}]}}