{"id":9292,"date":"2021-04-23T05:40:15","date_gmt":"2021-04-23T03:40:15","guid":{"rendered":"https:\/\/www.steramedig.com\/registration\/"},"modified":"2024-10-11T12:10:43","modified_gmt":"2024-10-11T10:10:43","slug":"registration","status":"publish","type":"page","link":"https:\/\/www.steramedig.com\/en\/registration\/","title":{"rendered":"Registration"},"content":{"rendered":"<p>Register to purchase our expanded selection of therapies, chip cards and equipment. You will also be able to access our extensive course schedule as well as steady member discounts. <\/p><p>Our therapies and the associated devices are sold exclusively to therapists, medical professionals and to their patients who can demonstrate knowledge, or a treatment, in targeted frequency therapy.<\/p><p>We kindly ask to add <strong>a note or proof of your activity or affiliation<\/strong> as a patient in the therapeutic\/medical field to your registration, in order to be able to use further advantages of our website. <\/p><p>If your registration is not activated within 3 working days, please contact us directly via our <a class=\"hyperlinks\" href=\"https:\/\/www.steramedig.com\/en\/contact\/\" data-type=\"page\" data-id=\"321\">contact form<\/a>.<\/p><div id=\"swpm-form-1\" class=\"swpm-form-builder-container\"><form id=\"registrierung-1\" class=\"swpm-form-builder swpm-form-1 left\" method=\"post\" enctype=\"multipart\/form-data\">\n\t<input type=\"hidden\" name=\"form_id\" value=\"1\" \/><input type =\"hidden\" name=\"level_identifier\" value=\"eccbc87e4b5ce2fe28308fd9f2a7baf3\" \/><input type =\"hidden\" name=\"swpm_level_hash\" value=\"412f8a77a9bbab95ea321671ce5c7be4\" \/><input type =\"hidden\" name=\"membership_level\" value=\"3\" \/><fieldset class=\"swpm-fieldset swpm-fieldset-1 fieldset \" id=\"item-swpm-1\"><div class=\"swpm-legend\"><h3>Bitte f\u00fcllen Sie folgende Felder aus:<\/h3><\/div><ul class=\"swpm-section swpm-section-1\"><li class=\"swpm-item swpm-item-text  \" id=\"item-swpm-2\"><label for=\"swpm-2\" class=\"swpm-desc\">Benutzername \/ User name \/ Nombre usuario  <span class=\"swpm-required-asterisk\">*<\/span><\/label><input type=\"text\"  name=\"swpm-2\" id=\"swpm-2\" value=\"\" class=\"swpm-text  swpm-medium  required   nowhitespace \"  \/><\/li><li class=\"swpm-item swpm-item-email  \" id=\"item-swpm-5\"><label for=\"swpm-5\" class=\"swpm-desc\">Email \/ E-Mail \/ Correo electr\u00f3nico  <span class=\"swpm-required-asterisk\">*<\/span><\/label><input type=\"email\"  name=\"swpm-5\" id=\"swpm-5\" value=\"\" class=\"swpm-text  swpm-medium  required  email \"  \/><\/li><li class=\"swpm-item swpm-item-password  \" id=\"item-swpm-3\"><label for=\"swpm-3\" class=\"swpm-desc\">Passwort \/ Password \/ Contrase\u00f1a  <span class=\"swpm-required-asterisk\">*<\/span><\/label><div><input type=\"password\" placeholder=\"Type password here\" name=\"swpm-3\" id=\"swpm-3\" value=\"\" class=\"swpm-text  swpm-medium  required strongPass passmin8 \" \/><\/div><div><input type=\"password\" placeholder=\"Retype password here\" name=\"swpm-3_re\" id=\"swpm-3_re\" value=\"\" class=\"swpm-text  swpm-medium  required  \" \/><\/div><\/li><li class=\"swpm-item swpm-item-select  \" id=\"item-swpm-29\"><label for=\"swpm-29\" class=\"swpm-desc\">Anrede \/ Title \/ T\u00edtulo  <span class=\"swpm-required-asterisk\">*<\/span><\/label><select name=\"swpm-29\" id=\"swpm-29\" class=\"swpm-select  swpm-medium  required \"><option value=\"herr\/mr.\/sr.\" >Herr\/Mr.\/Sr.<\/option><option value=\"frau\/ms.\/sra.\" >Frau\/Ms.\/Sra.<\/option><option value=\"neutral\" >Neutral<\/option><\/select><\/li><li class=\"swpm-item swpm-item-text  \" id=\"item-swpm-21\"><label for=\"swpm-21\" class=\"swpm-desc\">Vorname \/ Name \/ Nombre  <span class=\"swpm-required-asterisk\">*<\/span><\/label><input type=\"text\"  name=\"swpm-21\" id=\"swpm-21\" value=\"\" class=\"swpm-text  swpm-small  required  \"  \/><\/li><li class=\"swpm-item swpm-item-text  \" id=\"item-swpm-23\"><label for=\"swpm-23\" class=\"swpm-desc\">Nachname \/ Last Name \/ Apellido  <span class=\"swpm-required-asterisk\">*<\/span><\/label><input type=\"text\"  name=\"swpm-23\" id=\"swpm-23\" value=\"\" class=\"swpm-text  swpm-medium  required  \"  \/><\/li><li class=\"swpm-item swpm-item-text  \" id=\"item-swpm-31\"><label for=\"swpm-31\" class=\"swpm-desc\">Firmenname \/ Company name \/ Compa\u00f1ia <\/label><input type=\"text\"  name=\"swpm-31\" id=\"swpm-31\" value=\"\" class=\"swpm-text  swpm-medium   \"  \/><\/li><li class=\"swpm-item swpm-item-address  \" id=\"item-swpm-27\"><label class=\"swpm-desc\">Adresse \/ Adress \/ Direcci\u00f3n  <span class=\"swpm-required-asterisk\">*<\/span><\/label><div><span class=\"swpm-full\"><input type=\"text\" value=\"\" name=\"swpm-27[address]\" id=\"swpm-27-address\" maxlength=\"150\" class=\"swpm-text swpm-medium  required \" \/><span class=\"swpm-form-builder-address-label-bottom\"><label for=\"swpm-27-address\">Street Address<\/label><\/span><\/span><span class=\"swpm-full\"><input type=\"text\" value=\"\" name=\"swpm-27[address-2]\" id=\"swpm-27-address-2\" maxlength=\"150\" class=\"swpm-text swpm-medium  \" \/><span class=\"swpm-form-builder-address-label-bottom\"><label for=\"swpm-27-address-2\">Apt, Suite, Bldg. (optional)<\/label><\/span><\/span><span class=\"swpm-left\"><input type=\"text\" value=\"\" name=\"swpm-27[city]\" id=\"swpm-27-city\" maxlength=\"150\" class=\"swpm-text swpm-medium  required \" \/><span class=\"swpm-form-builder-address-label-bottom\"><label for=\"swpm-27-city\">City<\/label><\/span><\/span><span class=\"swpm-right\"><input type=\"text\" value=\"\" name=\"swpm-27[state]\" id=\"swpm-27-state\" maxlength=\"150\" class=\"swpm-text swpm-medium  \" \/><span class=\"swpm-form-builder-address-label-bottom\"><label for=\"swpm-27-state\">State \/ Province \/ Region<\/label><\/span><\/span><span class=\"swpm-left\"><input type=\"text\" value=\"\" name=\"swpm-27[zip]\" id=\"swpm-27-zip\" maxlength=\"150\" class=\"swpm-text swpm-medium  \" \/><span class=\"swpm-form-builder-address-label-bottom\"><label for=\"swpm-27-zip\">Postal \/ Zip Code<\/label><\/span><\/span><span class=\"swpm-right\"><select name=\"swpm-27[country]\" class=\"swpm-select  required \" id=\"swpm-27-country\"><option value=\"\" selected='selected'><\/option><option value=\"Afghanistan\">Afghanistan<\/option><option value=\"Albania\">Albania<\/option><option value=\"Algeria\">Algeria<\/option><option value=\"Andorra\">Andorra<\/option><option value=\"Angola\">Angola<\/option><option value=\"Antigua and Barbuda\">Antigua and Barbuda<\/option><option value=\"Argentina\">Argentina<\/option><option value=\"Armenia\">Armenia<\/option><option value=\"Australia\">Australia<\/option><option value=\"Austria\">Austria<\/option><option value=\"Azerbaijan\">Azerbaijan<\/option><option value=\"Bahamas\">Bahamas<\/option><option value=\"Bahrain\">Bahrain<\/option><option value=\"Bangladesh\">Bangladesh<\/option><option value=\"Barbados\">Barbados<\/option><option value=\"Belarus\">Belarus<\/option><option value=\"Belgium\">Belgium<\/option><option value=\"Belize\">Belize<\/option><option value=\"Benin\">Benin<\/option><option value=\"Bhutan\">Bhutan<\/option><option value=\"Bolivia\">Bolivia<\/option><option value=\"Bosnia and Herzegovina\">Bosnia and Herzegovina<\/option><option value=\"Botswana\">Botswana<\/option><option value=\"Brazil\">Brazil<\/option><option value=\"Brunei\">Brunei<\/option><option value=\"Bulgaria\">Bulgaria<\/option><option value=\"Burkina Faso\">Burkina Faso<\/option><option value=\"Burundi\">Burundi<\/option><option value=\"Cambodia\">Cambodia<\/option><option value=\"Cameroon\">Cameroon<\/option><option value=\"Canada\">Canada<\/option><option value=\"Cape Verde\">Cape Verde<\/option><option value=\"Central African Republic\">Central African Republic<\/option><option value=\"Chad\">Chad<\/option><option value=\"Chile\">Chile<\/option><option value=\"China\">China<\/option><option value=\"Colombi\">Colombi<\/option><option value=\"Comoros\">Comoros<\/option><option value=\"Congo (Brazzaville)\">Congo (Brazzaville)<\/option><option value=\"Congo\">Congo<\/option><option value=\"Costa Rica\">Costa Rica<\/option><option value=\"Cote d\\'Ivoire\">Cote d\\'Ivoire<\/option><option value=\"Croatia\">Croatia<\/option><option value=\"Cuba\">Cuba<\/option><option value=\"Cyprus\">Cyprus<\/option><option value=\"Czech Republic\">Czech Republic<\/option><option value=\"Denmark\">Denmark<\/option><option value=\"Djibouti\">Djibouti<\/option><option value=\"Dominica\">Dominica<\/option><option value=\"Dominican Republic\">Dominican Republic<\/option><option value=\"East Timor (Timor Timur)\">East Timor (Timor Timur)<\/option><option value=\"Ecuador\">Ecuador<\/option><option value=\"Egypt\">Egypt<\/option><option value=\"El Salvador\">El Salvador<\/option><option value=\"Equatorial Guinea\">Equatorial Guinea<\/option><option value=\"Eritrea\">Eritrea<\/option><option value=\"Estonia\">Estonia<\/option><option value=\"Eswatini\">Eswatini<\/option><option value=\"Ethiopia\">Ethiopia<\/option><option value=\"Fiji\">Fiji<\/option><option value=\"Finland\">Finland<\/option><option value=\"France\">France<\/option><option value=\"French Polynesia\">French Polynesia<\/option><option value=\"Gabon\">Gabon<\/option><option value=\"Gambia, The\">Gambia, The<\/option><option value=\"Georgia\">Georgia<\/option><option value=\"Germany\">Germany<\/option><option value=\"Ghana\">Ghana<\/option><option value=\"Greece\">Greece<\/option><option value=\"Grenada\">Grenada<\/option><option value=\"Guatemala\">Guatemala<\/option><option value=\"Guinea\">Guinea<\/option><option value=\"Guinea-Bissau\">Guinea-Bissau<\/option><option value=\"Guyana\">Guyana<\/option><option value=\"Haiti\">Haiti<\/option><option value=\"Honduras\">Honduras<\/option><option value=\"Hong Kong\">Hong Kong<\/option><option value=\"Hungary\">Hungary<\/option><option value=\"Iceland\">Iceland<\/option><option value=\"India\">India<\/option><option value=\"Indonesia\">Indonesia<\/option><option value=\"Iran\">Iran<\/option><option value=\"Iraq\">Iraq<\/option><option value=\"Ireland\">Ireland<\/option><option value=\"Israel\">Israel<\/option><option value=\"Italy\">Italy<\/option><option value=\"Jamaica\">Jamaica<\/option><option value=\"Japan\">Japan<\/option><option value=\"Jordan\">Jordan<\/option><option value=\"Kazakhstan\">Kazakhstan<\/option><option value=\"Kenya\">Kenya<\/option><option value=\"Kiribati\">Kiribati<\/option><option value=\"Korea, North\">Korea, North<\/option><option value=\"Korea, South\">Korea, South<\/option><option value=\"Kuwait\">Kuwait<\/option><option value=\"Kyrgyzstan\">Kyrgyzstan<\/option><option value=\"Laos\">Laos<\/option><option value=\"Latvia\">Latvia<\/option><option value=\"Lebanon\">Lebanon<\/option><option value=\"Lesotho\">Lesotho<\/option><option value=\"Liberia\">Liberia<\/option><option value=\"Libya\">Libya<\/option><option value=\"Liechtenstein\">Liechtenstein<\/option><option value=\"Lithuania\">Lithuania<\/option><option value=\"Luxembourg\">Luxembourg<\/option><option value=\"Macedonia\">Macedonia<\/option><option value=\"Madagascar\">Madagascar<\/option><option value=\"Malawi\">Malawi<\/option><option value=\"Malaysia\">Malaysia<\/option><option value=\"Maldives\">Maldives<\/option><option value=\"Mali\">Mali<\/option><option value=\"Malta\">Malta<\/option><option value=\"Marshall Islands\">Marshall Islands<\/option><option value=\"Mauritania\">Mauritania<\/option><option value=\"Mauritius\">Mauritius<\/option><option value=\"Mexico\">Mexico<\/option><option value=\"Micronesia\">Micronesia<\/option><option value=\"Moldova\">Moldova<\/option><option value=\"Monaco\">Monaco<\/option><option value=\"Mongolia\">Mongolia<\/option><option value=\"Montenegro\">Montenegro<\/option><option value=\"Morocco\">Morocco<\/option><option value=\"Mozambique\">Mozambique<\/option><option value=\"Myanmar\">Myanmar<\/option><option value=\"Namibia\">Namibia<\/option><option value=\"Nauru\">Nauru<\/option><option value=\"Nepa\">Nepa<\/option><option value=\"Netherlands\">Netherlands<\/option><option value=\"New Zealand\">New Zealand<\/option><option value=\"Nicaragua\">Nicaragua<\/option><option value=\"Niger\">Niger<\/option><option value=\"Nigeria\">Nigeria<\/option><option value=\"Norway\">Norway<\/option><option value=\"Oman\">Oman<\/option><option value=\"Pakistan\">Pakistan<\/option><option value=\"Palau\">Palau<\/option><option value=\"Panama\">Panama<\/option><option value=\"Papua New Guinea\">Papua New Guinea<\/option><option value=\"Paraguay\">Paraguay<\/option><option value=\"Peru\">Peru<\/option><option value=\"Philippines\">Philippines<\/option><option value=\"Poland\">Poland<\/option><option value=\"Portugal\">Portugal<\/option><option value=\"Qatar\">Qatar<\/option><option value=\"Romania\">Romania<\/option><option value=\"Russia\">Russia<\/option><option value=\"Rwanda\">Rwanda<\/option><option value=\"Saint Kitts and Nevis\">Saint Kitts and Nevis<\/option><option value=\"Saint Lucia\">Saint Lucia<\/option><option value=\"Saint Vincent\">Saint Vincent<\/option><option value=\"Samoa\">Samoa<\/option><option value=\"San Marino\">San Marino<\/option><option value=\"Sao Tome and Principe\">Sao Tome and Principe<\/option><option value=\"Saudi Arabia\">Saudi Arabia<\/option><option value=\"Senegal\">Senegal<\/option><option value=\"Serbia\">Serbia<\/option><option value=\"Seychelles\">Seychelles<\/option><option value=\"Sierra Leone\">Sierra Leone<\/option><option value=\"Singapore\">Singapore<\/option><option value=\"Slovakia\">Slovakia<\/option><option value=\"Slovenia\">Slovenia<\/option><option value=\"Solomon Islands\">Solomon Islands<\/option><option value=\"Somalia\">Somalia<\/option><option value=\"South Africa\">South Africa<\/option><option value=\"Spain\">Spain<\/option><option value=\"Sri Lanka\">Sri Lanka<\/option><option value=\"Sudan\">Sudan<\/option><option value=\"Suriname\">Suriname<\/option><option value=\"Sweden\">Sweden<\/option><option value=\"Switzerland\">Switzerland<\/option><option value=\"Syria\">Syria<\/option><option value=\"Taiwan\">Taiwan<\/option><option value=\"Tajikistan\">Tajikistan<\/option><option value=\"Tanzania\">Tanzania<\/option><option value=\"Thailand\">Thailand<\/option><option value=\"Togo\">Togo<\/option><option value=\"Tonga\">Tonga<\/option><option value=\"Trinidad and Tobago\">Trinidad and Tobago<\/option><option value=\"Tunisia\">Tunisia<\/option><option value=\"Turkey\">Turkey<\/option><option value=\"Turkmenistan\">Turkmenistan<\/option><option value=\"Tuvalu\">Tuvalu<\/option><option value=\"Uganda\">Uganda<\/option><option value=\"Ukraine\">Ukraine<\/option><option value=\"United Arab Emirates\">United Arab Emirates<\/option><option value=\"United Kingdom\">United Kingdom<\/option><option value=\"United States of America\">United States of America<\/option><option value=\"Uruguay\">Uruguay<\/option><option value=\"Uzbekistan\">Uzbekistan<\/option><option value=\"Vanuatu\">Vanuatu<\/option><option value=\"Vatican City\">Vatican City<\/option><option value=\"Venezuela\">Venezuela<\/option><option value=\"Vietnam\">Vietnam<\/option><option value=\"Yemen\">Yemen<\/option><option value=\"Zambia\">Zambia<\/option><option value=\"Zimbabwe\">Zimbabwe<\/option><\/select><span class=\"swpm-form-builder-address-label-bottom\"><label for=\"swpm-27-country\">Country<\/label><\/span><\/span><\/div><\/li><li class=\"swpm-item swpm-item-phone  \" id=\"item-swpm-57\"><label for=\"swpm-57\" class=\"swpm-desc\">Primary Phone <\/label><span class=\"swpm-span\"><input type=\"tel\"  name=\"swpm-57\" id=\"swpm-57\" value=\"\" class=\"swpm-text  swpm-medium   phone \"  \/><p>Primary Phone<\/p><\/span><\/li><li class=\"swpm-item swpm-item-text  \" id=\"item-swpm-4\"><label for=\"swpm-4\" class=\"swpm-desc\">Mitgliedschaftsstufe \/ Membership level \/ Nivel de afiliaci\u00f3n  <span class=\"swpm-required-asterisk\">*<\/span><\/label><input type=\"hidden\"  name=\"swpm-4\" id=\"swpm-4\" value=\"3\" class=\"swpm-text  swpm-medium  required  \"  \/><div> Jedermann<\/div><\/li><li class=\"swpm-item swpm-item-select  \" id=\"item-swpm-41\"><label for=\"swpm-41\" class=\"swpm-desc\">Ich bin \/ I am \/ Soy  <span class=\"swpm-required-asterisk\">*<\/span><\/label><select name=\"swpm-41\" id=\"swpm-41\" class=\"swpm-select  swpm-medium  required \"><option value=\"allg. interessent \/ general member \/ afiliaci\u00f3n general\" >Allg. Interessent \/ General member \/ Afiliaci\u00f3n general<\/option><option value=\"frequenz-patient \/ frequency patience\/ paciente de freq\u00fc\u00eancia\" >Frequenz-Patient \/ Frequency patience\/ Paciente de freq\u00fc\u00eancia<\/option><option value=\"frequenz-therapeut \/ frequency therapist \/ terapeuta de frecuencia\" >Frequenz-Therapeut \/ Frequency therapist \/ Terapeuta de frecuencia<\/option><\/select><\/li><li class=\"swpm-item swpm-item-text  \" id=\"item-swpm-37\"><label for=\"swpm-37\" class=\"swpm-desc\">Hinweis \/ Message \/ Mensaje <\/label><span class=\"swpm-span\"><input type=\"text\"  name=\"swpm-37\" id=\"swpm-37\" value=\"\" class=\"swpm-text  swpm-medium   \"  \/><p>Falls sie einen Therapeuten Account w\u00fcnschen: Bitte geben sie einen Hinweis wo sie als Frequenz-Therapeut ausgebildet wurden. Bei Patienten Account: bei welchem Therapeuten sie Frequenz-Patient sind. \/\/ If you want a therapist account: Please indicate where you have been trained as a frequency therapist. For patient account: with which therapist you are a frequency patient. \/\/ Si desea una cuenta de terapeuta: Indique d\u00f3nde se ha formado como terapeuta de frecuencia. Para cuenta de paciente: con qu\u00e9 terapeuta es paciente de frecuencia.<\/p><\/span><\/li><li class=\"swpm-item swpm-item-checkbox  \" id=\"item-swpm-39\"><label class=\"swpm-desc\">Zustimmung \/ Consent \/ Consentimiento:  <span class=\"swpm-required-asterisk\">*<\/span><\/label><div class=\"swpm-checkbox-required\"><div class=\"swpm-span\"><input type=\"hidden\" name=\"swpm-39[0]\" value=\"0\"><input type=\"checkbox\" name=\"swpm-39[0]\" id=\"swpm-39-0\" value=\"1\" class=\"swpm-checkbox \" \/><label for=\"swpm-39-0\" class=\"swpm-choice\">Hiermit stimme ich zu, dass meine Daten aus dem Kontaktformular zur Beantwortung meiner Anfrage erhoben und verarbeitet werden. Die Daten werden nach abgeschlossener Bearbeitung Ihrer Anfrage gel\u00f6scht. Hinweis: Sie k\u00f6nnen Ihre Einwilligung jederzeit f\u00fcr die Zukunft per E-Mail an info @ steramedig.com widerrufen. Unsere Datenschutzerkl\u00e4rung finden Sie hier. \/\/ I hereby consent to the collection and processing of my data from the contact form in order to respond to my inquiry. The data will be deleted after the processing of your request has been completed. Note: You can revoke your consent for the future at any time by emailing info @ steramedig.com. You can find our privacy policy here. \/\/ Autorizo la recopilaci\u00f3n y el procesamiento de mis datos del formulario de contacto para poder responder a mi consulta. Los datos se eliminar\u00e1n una vez finalizada la gesti\u00f3n de su solicitud. Nota: Puede revocar su consentimiento para el futuro en cualquier momento enviando un correo electr\u00f3nico a info @ steramedig.com. Puede encontrar nuestra pol\u00edtica de privacidad aqu\u00ed.<\/label><\/div><div style=\"clear:both\"><\/div><\/div><\/li><li class=\"swpm-item swpm-item-select  \" id=\"item-swpm-63\"><label for=\"swpm-63\" class=\"swpm-desc\">Gender <\/label><span class=\"swpm-span\"><select name=\"swpm-63\" id=\"swpm-63\" class=\"swpm-select  swpm-medium  \"><option value=\"male\" >Male<\/option><option value=\"female\" >Female<\/option><option value=\"not specified\" >Not Specified<\/option><\/select><p>Gender<\/p><\/span><\/li><\/ul>&nbsp;<\/fieldset><fieldset class=\"swpm-fieldset swpm-verification\" style=\"display:block\">\n                <div class=\"swpm-legend\"><h3>Verification \/ Verification \/ Verificaci\u00f3n<\/h3><\/div>\n                <ul class=\"swpm-section swpm-section-30\">\n                <li class=\"swpm-item swpm-item-text\" style=\"display:block\">\n                <div align=\"center\"> <div class=\"swpm-recaptcha-section\" style=\"margin-bottom: 15px;\"><style type=\"text\/css\">@media screen and (max-width: 375px) {\n            .swpm_g_captcha{transform:scale(0.77);transform-origin:0;-webkit-transform:scale(0.77);-webkit-transform-origin:0 0;}\n        }<\/style><script src=\"https:\/\/www.google.com\/recaptcha\/api.js\" async defer><\/script><div class=\"swpm_g_captcha\"><div class=\"g-recaptcha\" data-sitekey=\"6LchP1smAAAAAIJHf3JYkl98X2G0ylfGowQgNh_d\" data-theme=\"light\" data-size=\"normal\"><\/div><\/div><\/div><\/div>\n                <\/li><li style=\"display:none;\"><label>This box is for spam protection - <strong>please leave it blank<\/strong>:<\/label><div><input name=\"swpm-spam\" \/><\/div><\/li>\n    <p class=\"swpm-item swpm-item-submit swpm-edit-profile-submit-section\" id=\"item-swpm-8\">\n                <input type=\"submit\" name=\"swpm-fb-submit\" id=\"swpm-8\" value=\"Best\u00e4tigung\" class=\"swpm-submit \" \/>\n                <\/p><\/ul>\n    <\/fieldset><input type=\"hidden\" name=\"_wp_http_referer\" value=\"\/en\/wp-json\/wp\/v2\/pages\/9292\" \/><\/form><\/div> <!-- .swpm-form-builder-container --><p><\/p>","protected":false},"excerpt":{"rendered":"<p>Register to purchase our expanded selection of therapies, chip cards and equipment. You will also be able to access our extensive course schedule as well as steady member discounts. Our therapies and the associated devices are sold exclusively to therapists, medical professionals and to their patients who can demonstrate knowledge, or a treatment, in targeted [&hellip;]<\/p>\n","protected":false},"author":4638,"featured_media":0,"parent":0,"menu_order":0,"comment_status":"closed","ping_status":"closed","template":"","meta":{"footnotes":""},"class_list":["post-9292","page","type-page","status-publish","hentry"],"jetpack_sharing_enabled":true,"_links":{"self":[{"href":"https:\/\/www.steramedig.com\/en\/wp-json\/wp\/v2\/pages\/9292","targetHints":{"allow":["GET"]}}],"collection":[{"href":"https:\/\/www.steramedig.com\/en\/wp-json\/wp\/v2\/pages"}],"about":[{"href":"https:\/\/www.steramedig.com\/en\/wp-json\/wp\/v2\/types\/page"}],"author":[{"embeddable":true,"href":"https:\/\/www.steramedig.com\/en\/wp-json\/wp\/v2\/users\/4638"}],"replies":[{"embeddable":true,"href":"https:\/\/www.steramedig.com\/en\/wp-json\/wp\/v2\/comments?post=9292"}],"version-history":[{"count":6,"href":"https:\/\/www.steramedig.com\/en\/wp-json\/wp\/v2\/pages\/9292\/revisions"}],"predecessor-version":[{"id":17727,"href":"https:\/\/www.steramedig.com\/en\/wp-json\/wp\/v2\/pages\/9292\/revisions\/17727"}],"wp:attachment":[{"href":"https:\/\/www.steramedig.com\/en\/wp-json\/wp\/v2\/media?parent=9292"}],"curies":[{"name":"wp","href":"https:\/\/api.w.org\/{rel}","templated":true}]}}