{"id":14287,"date":"2026-05-11T19:43:10","date_gmt":"2026-05-11T17:43:10","guid":{"rendered":"https:\/\/www.steramedig.com\/therapeuten\/"},"modified":"2024-11-05T10:37:54","modified_gmt":"2024-11-05T09:37:54","slug":"therapists","status":"publish","type":"page","link":"https:\/\/www.steramedig.com\/en\/therapists\/","title":{"rendered":"Therapists"},"content":{"rendered":"<div class=\"wpb-content-wrapper\"><p>[vc_row][vc_column][vc_row_inner][vc_column_inner][vc_column_text css=&#8221;&#8221;]<\/p>\n<h1>Therapeutensuche &#8211; gezielte Frequenztherapie<\/h1>\n<ul>\n<li><a class=\"hyperlinks\" href=\"#deutschland\">Deutschland<\/a><\/li>\n<li><a class=\"hyperlinks\" href=\"#schweiz\">Schweiz<\/a><\/li>\n<\/ul>\n<p>&nbsp;<\/p>\n<p>Sie suchen eine\/n Therapeut\/in f\u00fcr gezielte Frequenztherapie? Hier finden sie eine Liste, der von Steramedig zertifizierten Therapeuten<a class=\"hyperlinks\" href=\"#verweis\">*<\/a>, sowie deren Kontaktdaten, um direkt mit Ihnen in Verbindung treten zu k\u00f6nnen.<\/p>\n<p>Sie haben bereits eine Fortbildung bei Steramedig absolviert und m\u00f6chten sich auch eintragen lassen? Kontaktieren sie uns gerne um Teil unserer Community zu werden.[\/vc_column_text][vc_empty_space height=&#8221;60px&#8221;][\/vc_column_inner][\/vc_row_inner][\/vc_column][\/vc_row][vc_row el_id=&#8221;deutschland&#8221;][vc_column][vc_row_inner][vc_column_inner width=&#8221;1\/3&#8243;][vc_column_text css=&#8221;&#8221;]<strong>Therapeut<\/strong>[\/vc_column_text][\/vc_column_inner][vc_column_inner width=&#8221;1\/3&#8243;][vc_column_text css=&#8221;&#8221;]<strong>Anschrift<\/strong>[\/vc_column_text][\/vc_column_inner][vc_column_inner width=&#8221;1\/3&#8243;][vc_column_text css=&#8221;&#8221;]<strong>Kontakt\/Web<\/strong>[\/vc_column_text][\/vc_column_inner][\/vc_row_inner][vc_row_inner][vc_column_inner][vc_separator css=&#8221;.vc_custom_1729598258240{padding-top: 5px !important;padding-bottom: 5px !important;}&#8221;][\/vc_column_inner][\/vc_row_inner][vc_row_inner][vc_column_inner width=&#8221;1\/3&#8243;][vc_column_text css=&#8221;&#8221;]Steramedig GmbH[\/vc_column_text][\/vc_column_inner][vc_column_inner width=&#8221;1\/3&#8243;][vc_column_text css=&#8221;&#8221;]Borsigstra\u00dfe 7, 65205 &#8211; Wiesbaden[\/vc_column_text][\/vc_column_inner][vc_column_inner width=&#8221;1\/3&#8243;][vc_column_text css=&#8221;&#8221;]Telefon: <a class=\"hyperlinks\" href=\"tel:+496122588770\">+49 (6122) 58877-0<\/a><br \/>\nEmail: <a class=\"hyperlinks\" href=\"mailto:info@steramedig.com\">info@steramedig.com<\/a><br \/>\nWebsite: <a class=\"hyperlinks\" href=\"http:\/\/www.steramedig.com\">www.steramedig.com<\/a>[\/vc_column_text][\/vc_column_inner][\/vc_row_inner][vc_row_inner][vc_column_inner][vc_separator css=&#8221;.vc_custom_1729598268594{padding-top: 5px !important;padding-bottom: 5px !important;}&#8221;][\/vc_column_inner][\/vc_row_inner][vc_row_inner][vc_column_inner width=&#8221;1\/3&#8243;][vc_column_text css=&#8221;&#8221;]Praxis f\u00fcr Naturheilkunde &amp; Craniosacral Therapie, Liesel Gierse- van Leer, Heilpraktikerin[\/vc_column_text][\/vc_column_inner][vc_column_inner width=&#8221;1\/3&#8243;][vc_column_text css=&#8221;&#8221;]Lenchenstr. 5, 65375 &#8211; Oestrich- Winkel[\/vc_column_text][\/vc_column_inner][vc_column_inner width=&#8221;1\/3&#8243;][vc_column_text css=&#8221;&#8221;]Telefon: <a class=\"hyperlinks\" href=\"tel:+496723673601\">+49 6723 673601<\/a><br \/>\nMobil: <a class=\"hyperlinks\" href=\"tel:+491753586567\">+49 175 35 86 567<\/a><br \/>\nEmail: <a class=\"hyperlinks\" href=\"mailto:giersevanleer@aol.com\">giersevanleer@aol.com<\/a><br \/>\nWebsite: <a class=\"hyperlinks\" href=\"http:\/\/cranio-leben.de\">cranio-leben.de<\/a>[\/vc_column_text][\/vc_column_inner][\/vc_row_inner][vc_row_inner][vc_column_inner][vc_separator css=&#8221;.vc_custom_1729598276440{padding-top: 5px !important;padding-bottom: 5px !important;}&#8221;][\/vc_column_inner][\/vc_row_inner][vc_row_inner][vc_column_inner width=&#8221;1\/3&#8243;][vc_column_text css=&#8221;&#8221;]Vitalpraxis Andreas Fiederle[\/vc_column_text][\/vc_column_inner][vc_column_inner width=&#8221;1\/3&#8243;][vc_column_text css=&#8221;&#8221;]Hubertusstr. 5, 80639 &#8211; M\u00fcnchen[\/vc_column_text][\/vc_column_inner][vc_column_inner width=&#8221;1\/3&#8243;][vc_column_text css=&#8221;&#8221;]Telefon: <a class=\"hyperlinks\" href=\"tel:+498966500839\">+49 (89) 66500839<\/a><br \/>\nEmail: <a class=\"hyperlinks\" href=\"mailto:info@fiederle.eu\">info@fiederle.eu<\/a><br \/>\nWebsite: <a class=\"hyperlinks\" href=\"http:\/\/www.fiederle.eu\">www.fiederle.eu<\/a>[\/vc_column_text][\/vc_column_inner][\/vc_row_inner][vc_row_inner][vc_column_inner][vc_separator css=&#8221;.vc_custom_1729598284856{padding-top: 5px !important;padding-bottom: 5px !important;}&#8221;][\/vc_column_inner][\/vc_row_inner][vc_row_inner][vc_column_inner width=&#8221;1\/3&#8243;][vc_column_text css=&#8221;&#8221;]Praxis f\u00fcr Naturmedizin, Marika Bauer[\/vc_column_text][\/vc_column_inner][vc_column_inner width=&#8221;1\/3&#8243;][vc_column_text css=&#8221;&#8221;]Venusbergstra\u00dfe 20, 84149 &#8211; Velden[\/vc_column_text][\/vc_column_inner][vc_column_inner width=&#8221;1\/3&#8243;][vc_column_text css=&#8221;&#8221;]Telefon: <a class=\"hyperlinks\" href=\"tel:+498742919853\">+49 (8742) 919853<\/a><br \/>\nEmail: <a class=\"hyperlinks\" href=\"mailto:hpmarikabauer@t-online.de\">hpmarikabauer@t-online.de<\/a>[\/vc_column_text][\/vc_column_inner][\/vc_row_inner][vc_row_inner][vc_column_inner][vc_separator css=&#8221;.vc_custom_1729598291779{padding-top: 5px !important;padding-bottom: 5px !important;}&#8221;][\/vc_column_inner][\/vc_row_inner][vc_row_inner][vc_column_inner width=&#8221;1\/3&#8243;][vc_column_text css=&#8221;&#8221;]Tierheilpraxis Sauter[\/vc_column_text][\/vc_column_inner][vc_column_inner width=&#8221;1\/3&#8243;][vc_column_text css=&#8221;&#8221;]Hofstarring 13, 84439 Steinkirchen[\/vc_column_text][\/vc_column_inner][vc_column_inner width=&#8221;1\/3&#8243;][vc_column_text css=&#8221;&#8221;]Telefon: <a class=\"hyperlinks\" href=\"tel:+498084-946633\">(+49) 8084-946633<\/a><br \/>\nEmail: <a class=\"hyperlinks\" href=\"mailto:baerbel_sauter@t-online.de\">baerbel_sauter@t-online.de<\/a><br \/>\nWebsite: <a class=\"hyperlinks\" href=\"http:\/\/www.glueck-auf-hof.de\">www.glueck-auf-hof.de<\/a>[\/vc_column_text][\/vc_column_inner][\/vc_row_inner][vc_row_inner][vc_column_inner][vc_empty_space height=&#8221;50px&#8221;][\/vc_column_inner][\/vc_row_inner][\/vc_column][\/vc_row][vc_row el_id=&#8221;schweiz&#8221;][vc_column][vc_row_inner][vc_column_inner width=&#8221;1\/3&#8243;][vc_column_text css=&#8221;&#8221;]<strong>Therapeut<\/strong>[\/vc_column_text][\/vc_column_inner][vc_column_inner width=&#8221;1\/3&#8243;][vc_column_text css=&#8221;&#8221;]<strong>Anschrift<\/strong>[\/vc_column_text][\/vc_column_inner][vc_column_inner width=&#8221;1\/3&#8243;][vc_column_text css=&#8221;&#8221;]<strong>Kontakt\/Web<\/strong>[\/vc_column_text][\/vc_column_inner][\/vc_row_inner][vc_row_inner][vc_column_inner][vc_separator css=&#8221;.vc_custom_1729598301951{padding-top: 5px !important;padding-bottom: 5px !important;}&#8221;][\/vc_column_inner][\/vc_row_inner][vc_row_inner][vc_column_inner width=&#8221;1\/3&#8243;][vc_column_text css=&#8221;&#8221;]Dr. Sabine Beckmann[\/vc_column_text][\/vc_column_inner][vc_column_inner width=&#8221;1\/3&#8243;][vc_column_text css=&#8221;&#8221;]Avenue Reverdil 4, 1260 &#8211; Nyon[\/vc_column_text][\/vc_column_inner][vc_column_inner width=&#8221;1\/3&#8243;][vc_column_text css=&#8221;&#8221;]Telefon: <a class=\"hyperlinks\" href=\"tel:+41795345543\">+41 795345543<\/a><br \/>\nEmail: <a class=\"hyperlinks\" href=\"mailto:Sabinebeckmann2@gmail.com\">Sabinebeckmann2@gmail.com<\/a>[\/vc_column_text][\/vc_column_inner][\/vc_row_inner][\/vc_column][\/vc_row][vc_row][vc_column][vc_row_inner][vc_column_inner][vc_empty_space height=&#8221;50px&#8221;][vc_separator css=&#8221;&#8221;][vc_empty_space height=&#8221;16px&#8221;][vc_column_text css=&#8221;&#8221;]<\/p>\n<p id=\"verweis\">* Das Therapeuten-Verzeichnis enth\u00e4lt Namen und Kontaktdaten von Therapeuten, die sich selbstst\u00e4ndig in das Verzeichnis eintragen k\u00f6nnen. Steramedig \u00fcberpr\u00fcft nicht die gemachten Angaben und gibt keine Empfehlungen ab. Die Kontaktaufnahme und der Abschluss von Vertr\u00e4gen mit einem Therapeuten erfolgt auf eigenes Risiko des Nutzers.<\/p>\n<p>[\/vc_column_text][\/vc_column_inner][\/vc_row_inner][\/vc_column][\/vc_row]<\/p>\n<\/div>","protected":false},"excerpt":{"rendered":"<p>[vc_row][vc_column][vc_row_inner][vc_column_inner][vc_column_text css=&#8221;&#8221;] Therapeutensuche &#8211; gezielte Frequenztherapie Deutschland Schweiz &nbsp; Sie suchen eine\/n Therapeut\/in f\u00fcr gezielte Frequenztherapie? Hier finden sie eine Liste, der von Steramedig zertifizierten Therapeuten*, sowie deren Kontaktdaten, um direkt mit Ihnen in Verbindung treten zu k\u00f6nnen. Sie haben bereits eine Fortbildung bei Steramedig absolviert und m\u00f6chten sich auch eintragen lassen? Kontaktieren sie uns [&hellip;]<\/p>\n","protected":false},"author":4638,"featured_media":0,"parent":0,"menu_order":0,"comment_status":"closed","ping_status":"closed","template":"","meta":{"footnotes":""},"class_list":["post-14287","page","type-page","status-publish","hentry"],"jetpack_sharing_enabled":true,"_links":{"self":[{"href":"https:\/\/www.steramedig.com\/en\/wp-json\/wp\/v2\/pages\/14287","targetHints":{"allow":["GET"]}}],"collection":[{"href":"https:\/\/www.steramedig.com\/en\/wp-json\/wp\/v2\/pages"}],"about":[{"href":"https:\/\/www.steramedig.com\/en\/wp-json\/wp\/v2\/types\/page"}],"author":[{"embeddable":true,"href":"https:\/\/www.steramedig.com\/en\/wp-json\/wp\/v2\/users\/4638"}],"replies":[{"embeddable":true,"href":"https:\/\/www.steramedig.com\/en\/wp-json\/wp\/v2\/comments?post=14287"}],"version-history":[{"count":18,"href":"https:\/\/www.steramedig.com\/en\/wp-json\/wp\/v2\/pages\/14287\/revisions"}],"predecessor-version":[{"id":17846,"href":"https:\/\/www.steramedig.com\/en\/wp-json\/wp\/v2\/pages\/14287\/revisions\/17846"}],"wp:attachment":[{"href":"https:\/\/www.steramedig.com\/en\/wp-json\/wp\/v2\/media?parent=14287"}],"curies":[{"name":"wp","href":"https:\/\/api.w.org\/{rel}","templated":true}]}}